{"id":3677,"date":"2023-01-05T19:11:05","date_gmt":"2023-01-05T19:11:05","guid":{"rendered":"https:\/\/herramientasdetaller.cl\/?post_type=product&#038;p=3677"},"modified":"2023-01-18T14:24:06","modified_gmt":"2023-01-18T14:24:06","slug":"gata-caiman-2-tons","status":"publish","type":"product","link":"https:\/\/herramientasdetaller.cl\/index.php\/product\/gata-caiman-2-tons\/","title":{"rendered":"Gata caim\u00e1n &#8211; 2 Tons"},"content":{"rendered":"<p>El gato hidr\u00e1ulico tipo caim\u00e1n\u00a0\u00a0es una herramienta indispensable en los talleres mec\u00e1nicos, entre otros, para levantar cargas de hasta 2 toneladas. La herramienta posee mango brindando mayor practicidad y agilidad al operador en el d\u00eda a d\u00eda.\u00a0Tiene ruedas para facilitar el transporte de un lugar a otro.<br \/>\nEspecificaciones t\u00e9cnicas:<br \/>\nCapacidad: 2 Toneladas<br \/>\nAltura m\u00ednima: 125 mm<br \/>\nAltura m\u00e1xima: 300 mm<br \/>\nPeso bruto: 7 kg<br \/>\nPeso neto: 6,5 kg<br \/>\nDimensiones: 43x20x13,5 cm<\/p>\n","protected":false},"excerpt":{"rendered":"<p><img loading=\"lazy\" decoding=\"async\" class=\"alignnone wp-image-3685\" src=\"https:\/\/herramientasdetaller.cl\/wp-content\/uploads\/2023\/01\/logodatong-300x300.jpg\" alt=\"\" width=\"251\" height=\"251\" srcset=\"https:\/\/herramientasdetaller.cl\/wp-content\/uploads\/2023\/01\/logodatong-300x300.jpg 300w, https:\/\/herramientasdetaller.cl\/wp-content\/uploads\/2023\/01\/logodatong-247x247.jpg 247w, https:\/\/herramientasdetaller.cl\/wp-content\/uploads\/2023\/01\/logodatong-100x100.jpg 100w, https:\/\/herramientasdetaller.cl\/wp-content\/uploads\/2023\/01\/logodatong-510x510.jpg 510w, https:\/\/herramientasdetaller.cl\/wp-content\/uploads\/2023\/01\/logodatong-64x64.jpg 64w, https:\/\/herramientasdetaller.cl\/wp-content\/uploads\/2023\/01\/logodatong-150x150.jpg 150w, https:\/\/herramientasdetaller.cl\/wp-content\/uploads\/2023\/01\/logodatong-768x768.jpg 768w, https:\/\/herramientasdetaller.cl\/wp-content\/uploads\/2023\/01\/logodatong-640x640.jpg 640w, https:\/\/herramientasdetaller.cl\/wp-content\/uploads\/2023\/01\/logodatong-400x400.jpg 400w, https:\/\/herramientasdetaller.cl\/wp-content\/uploads\/2023\/01\/logodatong-85x85.jpg 85w, https:\/\/herramientasdetaller.cl\/wp-content\/uploads\/2023\/01\/logodatong-32x32.jpg 32w, https:\/\/herramientasdetaller.cl\/wp-content\/uploads\/2023\/01\/logodatong.jpg 800w\" sizes=\"auto, (max-width: 251px) 100vw, 251px\" \/><\/p>\n","protected":false},"featured_media":3678,"comment_status":"open","ping_status":"closed","template":"","meta":{"_joinchat":[]},"product_brand":[],"product_cat":[485,406,108,106],"product_tag":[487,178,470,488],"class_list":{"0":"post-3677","1":"product","2":"type-product","3":"status-publish","4":"has-post-thumbnail","6":"product_cat-datong","7":"product_cat-equipos-de-carga-y-levante","8":"product_cat-herramientas-manuales","9":"product_cat-herramientas-neumaticas","10":"product_tag-datong","11":"product_tag-gata","12":"product_tag-herramienta-neumatica","13":"product_tag-t050102","15":"first","16":"outofstock","17":"shipping-taxable","18":"purchasable","19":"product-type-simple"},"_links":{"self":[{"href":"https:\/\/herramientasdetaller.cl\/index.php\/wp-json\/wp\/v2\/product\/3677","targetHints":{"allow":["GET"]}}],"collection":[{"href":"https:\/\/herramientasdetaller.cl\/index.php\/wp-json\/wp\/v2\/product"}],"about":[{"href":"https:\/\/herramientasdetaller.cl\/index.php\/wp-json\/wp\/v2\/types\/product"}],"replies":[{"embeddable":true,"href":"https:\/\/herramientasdetaller.cl\/index.php\/wp-json\/wp\/v2\/comments?post=3677"}],"wp:featuredmedia":[{"embeddable":true,"href":"https:\/\/herramientasdetaller.cl\/index.php\/wp-json\/wp\/v2\/media\/3678"}],"wp:attachment":[{"href":"https:\/\/herramientasdetaller.cl\/index.php\/wp-json\/wp\/v2\/media?parent=3677"}],"wp:term":[{"taxonomy":"product_brand","embeddable":true,"href":"https:\/\/herramientasdetaller.cl\/index.php\/wp-json\/wp\/v2\/product_brand?post=3677"},{"taxonomy":"product_cat","embeddable":true,"href":"https:\/\/herramientasdetaller.cl\/index.php\/wp-json\/wp\/v2\/product_cat?post=3677"},{"taxonomy":"product_tag","embeddable":true,"href":"https:\/\/herramientasdetaller.cl\/index.php\/wp-json\/wp\/v2\/product_tag?post=3677"}],"curies":[{"name":"wp","href":"https:\/\/api.w.org\/{rel}","templated":true}]}}