{"id":3699,"date":"2023-01-06T15:56:22","date_gmt":"2023-01-06T15:56:22","guid":{"rendered":"https:\/\/herramientasdetaller.cl\/?post_type=product&#038;p=3699"},"modified":"2023-01-18T14:21:31","modified_gmt":"2023-01-18T14:21:31","slug":"pulidora-7-1300-w-vel-variable","status":"publish","type":"product","link":"https:\/\/herramientasdetaller.cl\/index.php\/product\/pulidora-7-1300-w-vel-variable\/","title":{"rendered":"Pulidora 7 1300 w vel variable"},"content":{"rendered":"<p>La pulidora NEO LPR 10180 velocidad variable podr\u00e1s realizar trabajos de mantenci\u00f3n de pinturas en autom\u00f3viles , eliminar rayones , emparejar o dar mas brillo a otras superficies met\u00e1licas , su velocidad variable de 500 a 1.800 rpm y su potencia de 1.300 Watts te permiten contar con una herramienta en la cual podr\u00e1s darle termino profesional a todos tus proyectos.<\/p>\n","protected":false},"excerpt":{"rendered":"<p><img loading=\"lazy\" decoding=\"async\" class=\"alignnone size-medium wp-image-3700\" src=\"https:\/\/herramientasdetaller.cl\/wp-content\/uploads\/2023\/01\/logo-neo-300x300.jpg\" alt=\"\" width=\"300\" height=\"300\" srcset=\"https:\/\/herramientasdetaller.cl\/wp-content\/uploads\/2023\/01\/logo-neo-300x300.jpg 300w, https:\/\/herramientasdetaller.cl\/wp-content\/uploads\/2023\/01\/logo-neo-247x247.jpg 247w, https:\/\/herramientasdetaller.cl\/wp-content\/uploads\/2023\/01\/logo-neo-100x100.jpg 100w, https:\/\/herramientasdetaller.cl\/wp-content\/uploads\/2023\/01\/logo-neo-510x510.jpg 510w, https:\/\/herramientasdetaller.cl\/wp-content\/uploads\/2023\/01\/logo-neo-64x64.jpg 64w, https:\/\/herramientasdetaller.cl\/wp-content\/uploads\/2023\/01\/logo-neo-150x150.jpg 150w, https:\/\/herramientasdetaller.cl\/wp-content\/uploads\/2023\/01\/logo-neo-768x768.jpg 768w, https:\/\/herramientasdetaller.cl\/wp-content\/uploads\/2023\/01\/logo-neo-640x640.jpg 640w, https:\/\/herramientasdetaller.cl\/wp-content\/uploads\/2023\/01\/logo-neo-400x400.jpg 400w, https:\/\/herramientasdetaller.cl\/wp-content\/uploads\/2023\/01\/logo-neo-85x85.jpg 85w, https:\/\/herramientasdetaller.cl\/wp-content\/uploads\/2023\/01\/logo-neo-32x32.jpg 32w, https:\/\/herramientasdetaller.cl\/wp-content\/uploads\/2023\/01\/logo-neo.jpg 800w\" sizes=\"auto, (max-width: 300px) 100vw, 300px\" \/><\/p>\n","protected":false},"featured_media":3701,"comment_status":"open","ping_status":"closed","template":"","meta":{"_joinchat":[]},"product_brand":[],"product_cat":[108,106,410,498],"product_tag":[500,328,499],"class_list":{"0":"post-3699","1":"product","2":"type-product","3":"status-publish","4":"has-post-thumbnail","6":"product_cat-herramientas-manuales","7":"product_cat-herramientas-neumaticas","8":"product_cat-lubricacion-y-engrase","9":"product_cat-neo","10":"product_tag-lpr-10180-220","11":"product_tag-neo","12":"product_tag-pulidora","14":"first","15":"instock","16":"shipping-taxable","17":"purchasable","18":"product-type-simple"},"_links":{"self":[{"href":"https:\/\/herramientasdetaller.cl\/index.php\/wp-json\/wp\/v2\/product\/3699","targetHints":{"allow":["GET"]}}],"collection":[{"href":"https:\/\/herramientasdetaller.cl\/index.php\/wp-json\/wp\/v2\/product"}],"about":[{"href":"https:\/\/herramientasdetaller.cl\/index.php\/wp-json\/wp\/v2\/types\/product"}],"replies":[{"embeddable":true,"href":"https:\/\/herramientasdetaller.cl\/index.php\/wp-json\/wp\/v2\/comments?post=3699"}],"wp:featuredmedia":[{"embeddable":true,"href":"https:\/\/herramientasdetaller.cl\/index.php\/wp-json\/wp\/v2\/media\/3701"}],"wp:attachment":[{"href":"https:\/\/herramientasdetaller.cl\/index.php\/wp-json\/wp\/v2\/media?parent=3699"}],"wp:term":[{"taxonomy":"product_brand","embeddable":true,"href":"https:\/\/herramientasdetaller.cl\/index.php\/wp-json\/wp\/v2\/product_brand?post=3699"},{"taxonomy":"product_cat","embeddable":true,"href":"https:\/\/herramientasdetaller.cl\/index.php\/wp-json\/wp\/v2\/product_cat?post=3699"},{"taxonomy":"product_tag","embeddable":true,"href":"https:\/\/herramientasdetaller.cl\/index.php\/wp-json\/wp\/v2\/product_tag?post=3699"}],"curies":[{"name":"wp","href":"https:\/\/api.w.org\/{rel}","templated":true}]}}