{"id":3813,"date":"2023-01-30T16:43:31","date_gmt":"2023-01-30T16:43:31","guid":{"rendered":"https:\/\/herramientasdetaller.cl\/?post_type=product&#038;p=3813"},"modified":"2023-02-03T13:01:54","modified_gmt":"2023-02-03T13:01:54","slug":"set-destornilladores-paleta-cruz-8pcs","status":"publish","type":"product","link":"https:\/\/herramientasdetaller.cl\/index.php\/product\/set-destornilladores-paleta-cruz-8pcs\/","title":{"rendered":"Set destornilladores Paleta\/Cruz &#8211; 8 piezas."},"content":{"rendered":"<p><b>El conjunto contiene:<\/b><br \/>\n<b>3 x destornillador plano:<\/b><br \/>\n\u2013 dimensi\u00f3n: 5\u00d7100, 6\u00d7100, 8\u00d7150 mm.<br \/>\n<b>5 x PH atornillado:<\/b><br \/>\n\u2013 Dimensi\u00f3n: PH0x75, PH1x100, PH2x38, PH2x100, PH3x150 mm.<\/p>\n","protected":false},"excerpt":{"rendered":"<p><img loading=\"lazy\" decoding=\"async\" class=\"alignnone size-medium wp-image-3522\" src=\"https:\/\/herramientasdetaller.cl\/wp-content\/uploads\/2022\/12\/logo-yato-300x300.png\" alt=\"\" width=\"300\" height=\"300\" srcset=\"https:\/\/herramientasdetaller.cl\/wp-content\/uploads\/2022\/12\/logo-yato-300x300.png 300w, https:\/\/herramientasdetaller.cl\/wp-content\/uploads\/2022\/12\/logo-yato-247x247.png 247w, https:\/\/herramientasdetaller.cl\/wp-content\/uploads\/2022\/12\/logo-yato-100x100.png 100w, https:\/\/herramientasdetaller.cl\/wp-content\/uploads\/2022\/12\/logo-yato-510x510.png 510w, https:\/\/herramientasdetaller.cl\/wp-content\/uploads\/2022\/12\/logo-yato-64x64.png 64w, https:\/\/herramientasdetaller.cl\/wp-content\/uploads\/2022\/12\/logo-yato-150x150.png 150w, https:\/\/herramientasdetaller.cl\/wp-content\/uploads\/2022\/12\/logo-yato-768x768.png 768w, https:\/\/herramientasdetaller.cl\/wp-content\/uploads\/2022\/12\/logo-yato-640x640.png 640w, https:\/\/herramientasdetaller.cl\/wp-content\/uploads\/2022\/12\/logo-yato-400x400.png 400w, https:\/\/herramientasdetaller.cl\/wp-content\/uploads\/2022\/12\/logo-yato-85x85.png 85w, https:\/\/herramientasdetaller.cl\/wp-content\/uploads\/2022\/12\/logo-yato-32x32.png 32w, https:\/\/herramientasdetaller.cl\/wp-content\/uploads\/2022\/12\/logo-yato.png 800w\" sizes=\"auto, (max-width: 300px) 100vw, 300px\" \/><\/p>\n","protected":false},"featured_media":3814,"comment_status":"open","ping_status":"closed","template":"","meta":{"_joinchat":[]},"product_brand":[],"product_cat":[403],"product_tag":[511,161,170,510],"class_list":{"0":"post-3813","1":"product","2":"type-product","3":"status-publish","4":"has-post-thumbnail","6":"product_cat-yato","7":"product_tag-8-pcs","8":"product_tag-destornillador","9":"product_tag-yato","10":"product_tag-yt-25966","12":"first","13":"instock","14":"shipping-taxable","15":"purchasable","16":"product-type-simple"},"_links":{"self":[{"href":"https:\/\/herramientasdetaller.cl\/index.php\/wp-json\/wp\/v2\/product\/3813","targetHints":{"allow":["GET"]}}],"collection":[{"href":"https:\/\/herramientasdetaller.cl\/index.php\/wp-json\/wp\/v2\/product"}],"about":[{"href":"https:\/\/herramientasdetaller.cl\/index.php\/wp-json\/wp\/v2\/types\/product"}],"replies":[{"embeddable":true,"href":"https:\/\/herramientasdetaller.cl\/index.php\/wp-json\/wp\/v2\/comments?post=3813"}],"wp:featuredmedia":[{"embeddable":true,"href":"https:\/\/herramientasdetaller.cl\/index.php\/wp-json\/wp\/v2\/media\/3814"}],"wp:attachment":[{"href":"https:\/\/herramientasdetaller.cl\/index.php\/wp-json\/wp\/v2\/media?parent=3813"}],"wp:term":[{"taxonomy":"product_brand","embeddable":true,"href":"https:\/\/herramientasdetaller.cl\/index.php\/wp-json\/wp\/v2\/product_brand?post=3813"},{"taxonomy":"product_cat","embeddable":true,"href":"https:\/\/herramientasdetaller.cl\/index.php\/wp-json\/wp\/v2\/product_cat?post=3813"},{"taxonomy":"product_tag","embeddable":true,"href":"https:\/\/herramientasdetaller.cl\/index.php\/wp-json\/wp\/v2\/product_tag?post=3813"}],"curies":[{"name":"wp","href":"https:\/\/api.w.org\/{rel}","templated":true}]}}