{"id":3880,"date":"2023-02-02T13:17:31","date_gmt":"2023-02-02T13:17:31","guid":{"rendered":"https:\/\/herramientasdetaller.cl\/?post_type=product&#038;p=3880"},"modified":"2023-04-04T21:28:35","modified_gmt":"2023-04-04T21:28:35","slug":"llave-de-torque-1-2-30-210nm-l-495mm","status":"publish","type":"product","link":"https:\/\/herramientasdetaller.cl\/index.php\/product\/llave-de-torque-1-2-30-210nm-l-495mm\/","title":{"rendered":"Llave de torque 1\/2, 30-210nm, L 495mm."},"content":{"rendered":"<p>La llave est\u00e1 fabricada en acero al cromo-vanadio, lo que asegura su durabilidad y resistencia. Tiene una tensi\u00f3n mec\u00e1nica de un trinquete dinamom\u00e9trico que, tras alcanzar la fuerza de apriete deseada, salta un punto, produciendo un sonido caracter\u00edstico. La escala de momentos se coloca en el mango de la llave, su ajuste se realiza gir\u00e1ndola. Despu\u00e9s de establecer el par de torsi\u00f3n deseado, bloquee la llave con un candado de seguridad en el extremo del mango.<\/p>\n<p>Torque de:\u00a0 42 A 210 NM<\/p>\n<p>Cuadrante: 1\/2<\/p>\n","protected":false},"excerpt":{"rendered":"<p><img loading=\"lazy\" decoding=\"async\" class=\"alignnone size-medium wp-image-3522\" src=\"https:\/\/herramientasdetaller.cl\/wp-content\/uploads\/2022\/12\/logo-yato-300x300.png\" alt=\"\" width=\"300\" height=\"300\" srcset=\"https:\/\/herramientasdetaller.cl\/wp-content\/uploads\/2022\/12\/logo-yato-300x300.png 300w, https:\/\/herramientasdetaller.cl\/wp-content\/uploads\/2022\/12\/logo-yato-247x247.png 247w, https:\/\/herramientasdetaller.cl\/wp-content\/uploads\/2022\/12\/logo-yato-100x100.png 100w, https:\/\/herramientasdetaller.cl\/wp-content\/uploads\/2022\/12\/logo-yato-510x510.png 510w, https:\/\/herramientasdetaller.cl\/wp-content\/uploads\/2022\/12\/logo-yato-64x64.png 64w, https:\/\/herramientasdetaller.cl\/wp-content\/uploads\/2022\/12\/logo-yato-150x150.png 150w, https:\/\/herramientasdetaller.cl\/wp-content\/uploads\/2022\/12\/logo-yato-768x768.png 768w, https:\/\/herramientasdetaller.cl\/wp-content\/uploads\/2022\/12\/logo-yato-640x640.png 640w, https:\/\/herramientasdetaller.cl\/wp-content\/uploads\/2022\/12\/logo-yato-400x400.png 400w, https:\/\/herramientasdetaller.cl\/wp-content\/uploads\/2022\/12\/logo-yato-85x85.png 85w, https:\/\/herramientasdetaller.cl\/wp-content\/uploads\/2022\/12\/logo-yato-32x32.png 32w, https:\/\/herramientasdetaller.cl\/wp-content\/uploads\/2022\/12\/logo-yato.png 800w\" sizes=\"auto, (max-width: 300px) 100vw, 300px\" \/><\/p>\n","protected":false},"featured_media":3881,"comment_status":"open","ping_status":"closed","template":"","meta":{"_joinchat":[]},"product_brand":[],"product_cat":[108,403],"product_tag":[462,530,170,529],"class_list":{"0":"post-3880","1":"product","2":"type-product","3":"status-publish","4":"has-post-thumbnail","6":"product_cat-herramientas-manuales","7":"product_cat-yato","8":"product_tag-herramienta-manual","9":"product_tag-llave-de-torque","10":"product_tag-yato","11":"product_tag-yt-0760","13":"first","14":"instock","15":"shipping-taxable","16":"purchasable","17":"product-type-simple"},"_links":{"self":[{"href":"https:\/\/herramientasdetaller.cl\/index.php\/wp-json\/wp\/v2\/product\/3880","targetHints":{"allow":["GET"]}}],"collection":[{"href":"https:\/\/herramientasdetaller.cl\/index.php\/wp-json\/wp\/v2\/product"}],"about":[{"href":"https:\/\/herramientasdetaller.cl\/index.php\/wp-json\/wp\/v2\/types\/product"}],"replies":[{"embeddable":true,"href":"https:\/\/herramientasdetaller.cl\/index.php\/wp-json\/wp\/v2\/comments?post=3880"}],"wp:featuredmedia":[{"embeddable":true,"href":"https:\/\/herramientasdetaller.cl\/index.php\/wp-json\/wp\/v2\/media\/3881"}],"wp:attachment":[{"href":"https:\/\/herramientasdetaller.cl\/index.php\/wp-json\/wp\/v2\/media?parent=3880"}],"wp:term":[{"taxonomy":"product_brand","embeddable":true,"href":"https:\/\/herramientasdetaller.cl\/index.php\/wp-json\/wp\/v2\/product_brand?post=3880"},{"taxonomy":"product_cat","embeddable":true,"href":"https:\/\/herramientasdetaller.cl\/index.php\/wp-json\/wp\/v2\/product_cat?post=3880"},{"taxonomy":"product_tag","embeddable":true,"href":"https:\/\/herramientasdetaller.cl\/index.php\/wp-json\/wp\/v2\/product_tag?post=3880"}],"curies":[{"name":"wp","href":"https:\/\/api.w.org\/{rel}","templated":true}]}}