{"id":4015,"date":"2023-02-06T19:01:51","date_gmt":"2023-02-06T19:01:51","guid":{"rendered":"https:\/\/herramientasdetaller.cl\/?post_type=product&#038;p=4015"},"modified":"2023-02-06T19:01:51","modified_gmt":"2023-02-06T19:01:51","slug":"lampara-de-trabajo-30-led-recargable-12v","status":"publish","type":"product","link":"https:\/\/herramientasdetaller.cl\/index.php\/product\/lampara-de-trabajo-30-led-recargable-12v\/","title":{"rendered":"L\u00e1mpara de trabajo 30 led, recargable 12v."},"content":{"rendered":"<p>Moderna l\u00e1mpara port\u00e1til con 30 + 7 LEDS<br \/>\nIncluye adaptador y adaptador para el coche.<br \/>\nBrillo:13000 milicandelas.<br \/>\nPilas: Bater\u00eda de NiMH 3,6 V \/ 1200 mAh.<br \/>\nTiempo de trabajo:7 LED \u2013 15 horas, 30 LED \u2013 4 horas.<br \/>\nTiempo de carga:4 &#8211; 5 horas.<br \/>\nPeso:0,65 kg.<\/p>\n","protected":false},"excerpt":{"rendered":"<p><img loading=\"lazy\" decoding=\"async\" class=\"alignnone size-medium wp-image-3522\" src=\"https:\/\/herramientasdetaller.cl\/wp-content\/uploads\/2022\/12\/logo-yato-300x300.png\" alt=\"\" width=\"300\" height=\"300\" srcset=\"https:\/\/herramientasdetaller.cl\/wp-content\/uploads\/2022\/12\/logo-yato-300x300.png 300w, https:\/\/herramientasdetaller.cl\/wp-content\/uploads\/2022\/12\/logo-yato-247x247.png 247w, https:\/\/herramientasdetaller.cl\/wp-content\/uploads\/2022\/12\/logo-yato-100x100.png 100w, https:\/\/herramientasdetaller.cl\/wp-content\/uploads\/2022\/12\/logo-yato-510x510.png 510w, https:\/\/herramientasdetaller.cl\/wp-content\/uploads\/2022\/12\/logo-yato-64x64.png 64w, https:\/\/herramientasdetaller.cl\/wp-content\/uploads\/2022\/12\/logo-yato-150x150.png 150w, https:\/\/herramientasdetaller.cl\/wp-content\/uploads\/2022\/12\/logo-yato-768x768.png 768w, https:\/\/herramientasdetaller.cl\/wp-content\/uploads\/2022\/12\/logo-yato-640x640.png 640w, https:\/\/herramientasdetaller.cl\/wp-content\/uploads\/2022\/12\/logo-yato-400x400.png 400w, https:\/\/herramientasdetaller.cl\/wp-content\/uploads\/2022\/12\/logo-yato-85x85.png 85w, https:\/\/herramientasdetaller.cl\/wp-content\/uploads\/2022\/12\/logo-yato-32x32.png 32w, https:\/\/herramientasdetaller.cl\/wp-content\/uploads\/2022\/12\/logo-yato.png 800w\" sizes=\"auto, (max-width: 300px) 100vw, 300px\" \/><\/p>\n","protected":false},"featured_media":4018,"comment_status":"open","ping_status":"closed","template":"","meta":{"_joinchat":[]},"product_brand":[],"product_cat":[557,108,454,403],"product_tag":[571,170,570],"class_list":{"0":"post-4015","1":"product","2":"type-product","3":"status-publish","4":"has-post-thumbnail","6":"product_cat-bateria","7":"product_cat-herramientas-manuales","8":"product_cat-linternas","9":"product_cat-yato","10":"product_tag-lampara","11":"product_tag-yato","12":"product_tag-yt-08505","14":"first","15":"instock","16":"shipping-taxable","17":"purchasable","18":"product-type-simple"},"_links":{"self":[{"href":"https:\/\/herramientasdetaller.cl\/index.php\/wp-json\/wp\/v2\/product\/4015","targetHints":{"allow":["GET"]}}],"collection":[{"href":"https:\/\/herramientasdetaller.cl\/index.php\/wp-json\/wp\/v2\/product"}],"about":[{"href":"https:\/\/herramientasdetaller.cl\/index.php\/wp-json\/wp\/v2\/types\/product"}],"replies":[{"embeddable":true,"href":"https:\/\/herramientasdetaller.cl\/index.php\/wp-json\/wp\/v2\/comments?post=4015"}],"wp:featuredmedia":[{"embeddable":true,"href":"https:\/\/herramientasdetaller.cl\/index.php\/wp-json\/wp\/v2\/media\/4018"}],"wp:attachment":[{"href":"https:\/\/herramientasdetaller.cl\/index.php\/wp-json\/wp\/v2\/media?parent=4015"}],"wp:term":[{"taxonomy":"product_brand","embeddable":true,"href":"https:\/\/herramientasdetaller.cl\/index.php\/wp-json\/wp\/v2\/product_brand?post=4015"},{"taxonomy":"product_cat","embeddable":true,"href":"https:\/\/herramientasdetaller.cl\/index.php\/wp-json\/wp\/v2\/product_cat?post=4015"},{"taxonomy":"product_tag","embeddable":true,"href":"https:\/\/herramientasdetaller.cl\/index.php\/wp-json\/wp\/v2\/product_tag?post=4015"}],"curies":[{"name":"wp","href":"https:\/\/api.w.org\/{rel}","templated":true}]}}