{"id":4068,"date":"2023-03-09T14:51:53","date_gmt":"2023-03-09T14:51:53","guid":{"rendered":"https:\/\/herramientasdetaller.cl\/?post_type=product&#038;p=4068"},"modified":"2023-03-09T14:51:53","modified_gmt":"2023-03-09T14:51:53","slug":"aspiradora-inalambrica-18v","status":"publish","type":"product","link":"https:\/\/herramientasdetaller.cl\/index.php\/product\/aspiradora-inalambrica-18v\/","title":{"rendered":"Aspiradora Inal\u00e1mbrica 18v"},"content":{"rendered":"<ul>\n<li>Motor colector 18V Cepillo<\/li>\n<li>Capacidad del dep\u00f3sito de polvo 0,5 l<\/li>\n<li>Filtro de tela con funci\u00f3n de limpieza\/lavado<\/li>\n<li>Aspiradora sin capota<\/li>\n<li>Potencia de succi\u00f3n 3,8 kpa<\/li>\n<li>Juego de boquillas incluido (para superficies, ranuras, tapicer\u00eda)<\/li>\n<li>2 tubos incluidos para aspirar el suelo en posici\u00f3n vertical.<\/li>\n<\/ul>\n<p>Funciones:<\/p>\n<p>Con la aspiradora puedes eliminar de forma eficiente la arena, el polvo y otros contaminantes del interior del autom\u00f3vil.<\/p>\n<p>Gracias al filtro incorporado, no genera polvo. Es lo suficientemente ligero y fuerte, por ejemplo. Aspirar un pasillo en un apartamento, aspirar virutas en una alfombra, sof\u00e1s, etc. La construcci\u00f3n s\u00f3lida y el funcionamiento conjunto de la bater\u00eda para todos los dispositivos YATO 18V garantizan la usabilidad del dispositivo en el hogar, en el garaje y en el taller.<\/p>\n","protected":false},"excerpt":{"rendered":"<p><img loading=\"lazy\" decoding=\"async\" class=\"alignnone size-medium wp-image-3522\" src=\"https:\/\/herramientasdetaller.cl\/wp-content\/uploads\/2022\/12\/logo-yato-300x300.png\" alt=\"\" width=\"300\" height=\"300\" srcset=\"https:\/\/herramientasdetaller.cl\/wp-content\/uploads\/2022\/12\/logo-yato-300x300.png 300w, https:\/\/herramientasdetaller.cl\/wp-content\/uploads\/2022\/12\/logo-yato-247x247.png 247w, https:\/\/herramientasdetaller.cl\/wp-content\/uploads\/2022\/12\/logo-yato-100x100.png 100w, https:\/\/herramientasdetaller.cl\/wp-content\/uploads\/2022\/12\/logo-yato-510x510.png 510w, https:\/\/herramientasdetaller.cl\/wp-content\/uploads\/2022\/12\/logo-yato-64x64.png 64w, https:\/\/herramientasdetaller.cl\/wp-content\/uploads\/2022\/12\/logo-yato-150x150.png 150w, https:\/\/herramientasdetaller.cl\/wp-content\/uploads\/2022\/12\/logo-yato-768x768.png 768w, https:\/\/herramientasdetaller.cl\/wp-content\/uploads\/2022\/12\/logo-yato-640x640.png 640w, https:\/\/herramientasdetaller.cl\/wp-content\/uploads\/2022\/12\/logo-yato-400x400.png 400w, https:\/\/herramientasdetaller.cl\/wp-content\/uploads\/2022\/12\/logo-yato-85x85.png 85w, https:\/\/herramientasdetaller.cl\/wp-content\/uploads\/2022\/12\/logo-yato-32x32.png 32w, https:\/\/herramientasdetaller.cl\/wp-content\/uploads\/2022\/12\/logo-yato.png 800w\" sizes=\"auto, (max-width: 300px) 100vw, 300px\" \/><\/p>\n","protected":false},"featured_media":4076,"comment_status":"open","ping_status":"closed","template":"","meta":{"_joinchat":[]},"product_brand":[],"product_cat":[108,403],"product_tag":[582,390,561,170,581],"class_list":{"0":"post-4068","1":"product","2":"type-product","3":"status-publish","4":"has-post-thumbnail","6":"product_cat-herramientas-manuales","7":"product_cat-yato","8":"product_tag-aspiradora","9":"product_tag-herramienta","10":"product_tag-inalambrico","11":"product_tag-yato","12":"product_tag-yt-85680","14":"first","15":"outofstock","16":"shipping-taxable","17":"purchasable","18":"product-type-simple"},"_links":{"self":[{"href":"https:\/\/herramientasdetaller.cl\/index.php\/wp-json\/wp\/v2\/product\/4068","targetHints":{"allow":["GET"]}}],"collection":[{"href":"https:\/\/herramientasdetaller.cl\/index.php\/wp-json\/wp\/v2\/product"}],"about":[{"href":"https:\/\/herramientasdetaller.cl\/index.php\/wp-json\/wp\/v2\/types\/product"}],"replies":[{"embeddable":true,"href":"https:\/\/herramientasdetaller.cl\/index.php\/wp-json\/wp\/v2\/comments?post=4068"}],"wp:featuredmedia":[{"embeddable":true,"href":"https:\/\/herramientasdetaller.cl\/index.php\/wp-json\/wp\/v2\/media\/4076"}],"wp:attachment":[{"href":"https:\/\/herramientasdetaller.cl\/index.php\/wp-json\/wp\/v2\/media?parent=4068"}],"wp:term":[{"taxonomy":"product_brand","embeddable":true,"href":"https:\/\/herramientasdetaller.cl\/index.php\/wp-json\/wp\/v2\/product_brand?post=4068"},{"taxonomy":"product_cat","embeddable":true,"href":"https:\/\/herramientasdetaller.cl\/index.php\/wp-json\/wp\/v2\/product_cat?post=4068"},{"taxonomy":"product_tag","embeddable":true,"href":"https:\/\/herramientasdetaller.cl\/index.php\/wp-json\/wp\/v2\/product_tag?post=4068"}],"curies":[{"name":"wp","href":"https:\/\/api.w.org\/{rel}","templated":true}]}}