{"id":4077,"date":"2023-03-09T15:35:31","date_gmt":"2023-03-09T15:35:31","guid":{"rendered":"https:\/\/herramientasdetaller.cl\/?post_type=product&#038;p=4077"},"modified":"2023-03-09T15:35:31","modified_gmt":"2023-03-09T15:35:31","slug":"casco-de-soldar-con-lente-fotosensible","status":"publish","type":"product","link":"https:\/\/herramientasdetaller.cl\/index.php\/product\/casco-de-soldar-con-lente-fotosensible\/","title":{"rendered":"Casco de soldar con lente fotosensible."},"content":{"rendered":"<p>Casco de soldadura con filtro de oscurecimiento autom\u00e1tico. Clase \u00f3ptica 1\/2\/1\/3.<\/p>\n<p>El filtro de alta calidad equipado con 4 sensores de arco proporciona un campo de visi\u00f3n de 98 * 43 mm, estado oscuro DIN 9-13, estado claro DIN4, tiempo de respuesta de 1\/25000 s, tiempo de iluminaci\u00f3n de 0,1-1,0 s y tiempo de apag\u00f3n de 0,3- 0,8ms, Adem\u00e1s, el filtro proporciona protecci\u00f3n contra los rayos UV\/IR a nivel DIN16. El casco tiene un ajuste suave de sensibilidad y atenuaci\u00f3n, as\u00ed como un ajuste gradual de la velocidad de atenuaci\u00f3n. Est\u00e1 alimentado por una celda solar, as\u00ed como por 2 bater\u00edas CR2450 de 3V y tiene una funci\u00f3n de encendido\/apagado autom\u00e1tico. El casco tambi\u00e9n tiene la funci\u00f3n de protecci\u00f3n durante la molienda. Se puede utilizar en el rango de temperatura de -5 \u00b0C a +55 \u00b0C. Adem\u00e1s, est\u00e1 equipado con un arn\u00e9s de 4 puntos muy c\u00f3modo con ajuste de altura de 2 puntos, ajuste de posici\u00f3n occipital.<\/p>\n","protected":false},"excerpt":{"rendered":"<p><img loading=\"lazy\" decoding=\"async\" class=\"alignnone size-medium wp-image-3522\" src=\"https:\/\/herramientasdetaller.cl\/wp-content\/uploads\/2022\/12\/logo-yato-300x300.png\" alt=\"\" width=\"300\" height=\"300\" srcset=\"https:\/\/herramientasdetaller.cl\/wp-content\/uploads\/2022\/12\/logo-yato-300x300.png 300w, https:\/\/herramientasdetaller.cl\/wp-content\/uploads\/2022\/12\/logo-yato-247x247.png 247w, https:\/\/herramientasdetaller.cl\/wp-content\/uploads\/2022\/12\/logo-yato-100x100.png 100w, https:\/\/herramientasdetaller.cl\/wp-content\/uploads\/2022\/12\/logo-yato-510x510.png 510w, https:\/\/herramientasdetaller.cl\/wp-content\/uploads\/2022\/12\/logo-yato-64x64.png 64w, https:\/\/herramientasdetaller.cl\/wp-content\/uploads\/2022\/12\/logo-yato-150x150.png 150w, https:\/\/herramientasdetaller.cl\/wp-content\/uploads\/2022\/12\/logo-yato-768x768.png 768w, https:\/\/herramientasdetaller.cl\/wp-content\/uploads\/2022\/12\/logo-yato-640x640.png 640w, https:\/\/herramientasdetaller.cl\/wp-content\/uploads\/2022\/12\/logo-yato-400x400.png 400w, https:\/\/herramientasdetaller.cl\/wp-content\/uploads\/2022\/12\/logo-yato-85x85.png 85w, https:\/\/herramientasdetaller.cl\/wp-content\/uploads\/2022\/12\/logo-yato-32x32.png 32w, https:\/\/herramientasdetaller.cl\/wp-content\/uploads\/2022\/12\/logo-yato.png 800w\" sizes=\"auto, (max-width: 300px) 100vw, 300px\" \/><\/p>\n","protected":false},"featured_media":4078,"comment_status":"open","ping_status":"closed","template":"","meta":{"_joinchat":[]},"product_brand":[],"product_cat":[403],"product_tag":[584,583,170,585],"class_list":{"0":"post-4077","1":"product","2":"type-product","3":"status-publish","4":"has-post-thumbnail","6":"product_cat-yato","7":"product_tag-casco","8":"product_tag-soldar","9":"product_tag-yato","10":"product_tag-yt-73921","12":"first","13":"outofstock","14":"shipping-taxable","15":"purchasable","16":"product-type-simple"},"_links":{"self":[{"href":"https:\/\/herramientasdetaller.cl\/index.php\/wp-json\/wp\/v2\/product\/4077","targetHints":{"allow":["GET"]}}],"collection":[{"href":"https:\/\/herramientasdetaller.cl\/index.php\/wp-json\/wp\/v2\/product"}],"about":[{"href":"https:\/\/herramientasdetaller.cl\/index.php\/wp-json\/wp\/v2\/types\/product"}],"replies":[{"embeddable":true,"href":"https:\/\/herramientasdetaller.cl\/index.php\/wp-json\/wp\/v2\/comments?post=4077"}],"wp:featuredmedia":[{"embeddable":true,"href":"https:\/\/herramientasdetaller.cl\/index.php\/wp-json\/wp\/v2\/media\/4078"}],"wp:attachment":[{"href":"https:\/\/herramientasdetaller.cl\/index.php\/wp-json\/wp\/v2\/media?parent=4077"}],"wp:term":[{"taxonomy":"product_brand","embeddable":true,"href":"https:\/\/herramientasdetaller.cl\/index.php\/wp-json\/wp\/v2\/product_brand?post=4077"},{"taxonomy":"product_cat","embeddable":true,"href":"https:\/\/herramientasdetaller.cl\/index.php\/wp-json\/wp\/v2\/product_cat?post=4077"},{"taxonomy":"product_tag","embeddable":true,"href":"https:\/\/herramientasdetaller.cl\/index.php\/wp-json\/wp\/v2\/product_tag?post=4077"}],"curies":[{"name":"wp","href":"https:\/\/api.w.org\/{rel}","templated":true}]}}