{"id":4086,"date":"2023-03-09T17:22:41","date_gmt":"2023-03-09T17:22:41","guid":{"rendered":"https:\/\/herramientasdetaller.cl\/?post_type=product&#038;p=4086"},"modified":"2023-03-09T17:22:42","modified_gmt":"2023-03-09T17:22:42","slug":"pistola-para-lavado-de-motores-neumaticos","status":"publish","type":"product","link":"https:\/\/herramientasdetaller.cl\/index.php\/product\/pistola-para-lavado-de-motores-neumaticos\/","title":{"rendered":"Pistola para lavado de motores neum\u00e1ticos."},"content":{"rendered":"<p><span style=\"font-family: Verdana;\"><span>Es una pistola especial para engrase.<\/span><\/span><\/p>\n<p><span style=\"font-family: Verdana;\"><span>Representa el aparato neum\u00e1tico universal para el trabajo en aquellos lugares donde no hay electricidad.\u00a0Con esta pistola se pueden aplicar todo tipo de l\u00edquidos sobre diversos materiales en un taller de reparaci\u00f3n de autom\u00f3viles o estaci\u00f3n de servicio.<\/span><\/span><\/p>\n<p><span style=\"font-family: Verdana;\"><span>La pistola YT-2374 est\u00e1 equipada con un tanque especial con una capacidad de 0,85 litros y una boquilla larga y estrecha.\u00a0Esto hace posible realizar trabajos en lugares estrechos e inconvenientes como grietas o aberturas estrechas.\u00a0Gracias a la carcasa de metal, el dispositivo est\u00e1 bien protegido contra varios da\u00f1os mec\u00e1nicos accidentales y golpes.\u00a0Esto tiene un buen efecto sobre su resistencia al desgaste y reparabilidad.<\/span><\/span><\/p>\n<p><span style=\"font-family: Verdana;\"><span>La pistola YT-2374 funciona a una velocidad de 130 litros por minuto bajo una presi\u00f3n de 0,8 MPa.\u00a0Di\u00e1metro de entrada de aire \u00bc.\u00a0La longitud de la boquilla es de 210 mm.\u00a0La herramienta est\u00e1 hecha de aluminio y tiene un mango de pl\u00e1stico para facilitar su uso.\u00a0Las boquillas est\u00e1n hechas de lat\u00f3n, la copa est\u00e1 hecha de acero.<\/span><\/span><\/p>\n","protected":false},"excerpt":{"rendered":"<p><img loading=\"lazy\" decoding=\"async\" class=\"alignnone size-medium wp-image-3522\" src=\"https:\/\/herramientasdetaller.cl\/wp-content\/uploads\/2022\/12\/logo-yato-300x300.png\" alt=\"\" width=\"300\" height=\"300\" srcset=\"https:\/\/herramientasdetaller.cl\/wp-content\/uploads\/2022\/12\/logo-yato-300x300.png 300w, https:\/\/herramientasdetaller.cl\/wp-content\/uploads\/2022\/12\/logo-yato-247x247.png 247w, https:\/\/herramientasdetaller.cl\/wp-content\/uploads\/2022\/12\/logo-yato-100x100.png 100w, https:\/\/herramientasdetaller.cl\/wp-content\/uploads\/2022\/12\/logo-yato-510x510.png 510w, https:\/\/herramientasdetaller.cl\/wp-content\/uploads\/2022\/12\/logo-yato-64x64.png 64w, https:\/\/herramientasdetaller.cl\/wp-content\/uploads\/2022\/12\/logo-yato-150x150.png 150w, https:\/\/herramientasdetaller.cl\/wp-content\/uploads\/2022\/12\/logo-yato-768x768.png 768w, https:\/\/herramientasdetaller.cl\/wp-content\/uploads\/2022\/12\/logo-yato-640x640.png 640w, https:\/\/herramientasdetaller.cl\/wp-content\/uploads\/2022\/12\/logo-yato-400x400.png 400w, https:\/\/herramientasdetaller.cl\/wp-content\/uploads\/2022\/12\/logo-yato-85x85.png 85w, https:\/\/herramientasdetaller.cl\/wp-content\/uploads\/2022\/12\/logo-yato-32x32.png 32w, https:\/\/herramientasdetaller.cl\/wp-content\/uploads\/2022\/12\/logo-yato.png 800w\" sizes=\"auto, (max-width: 300px) 100vw, 300px\" \/><\/p>\n","protected":false},"featured_media":4087,"comment_status":"open","ping_status":"closed","template":"","meta":{"_joinchat":[]},"product_brand":[],"product_cat":[106,403],"product_tag":[157,170,586],"class_list":{"0":"post-4086","1":"product","2":"type-product","3":"status-publish","4":"has-post-thumbnail","6":"product_cat-herramientas-neumaticas","7":"product_cat-yato","8":"product_tag-pistola","9":"product_tag-yato","10":"product_tag-yt-2374","12":"first","13":"instock","14":"shipping-taxable","15":"purchasable","16":"product-type-simple"},"_links":{"self":[{"href":"https:\/\/herramientasdetaller.cl\/index.php\/wp-json\/wp\/v2\/product\/4086","targetHints":{"allow":["GET"]}}],"collection":[{"href":"https:\/\/herramientasdetaller.cl\/index.php\/wp-json\/wp\/v2\/product"}],"about":[{"href":"https:\/\/herramientasdetaller.cl\/index.php\/wp-json\/wp\/v2\/types\/product"}],"replies":[{"embeddable":true,"href":"https:\/\/herramientasdetaller.cl\/index.php\/wp-json\/wp\/v2\/comments?post=4086"}],"wp:featuredmedia":[{"embeddable":true,"href":"https:\/\/herramientasdetaller.cl\/index.php\/wp-json\/wp\/v2\/media\/4087"}],"wp:attachment":[{"href":"https:\/\/herramientasdetaller.cl\/index.php\/wp-json\/wp\/v2\/media?parent=4086"}],"wp:term":[{"taxonomy":"product_brand","embeddable":true,"href":"https:\/\/herramientasdetaller.cl\/index.php\/wp-json\/wp\/v2\/product_brand?post=4086"},{"taxonomy":"product_cat","embeddable":true,"href":"https:\/\/herramientasdetaller.cl\/index.php\/wp-json\/wp\/v2\/product_cat?post=4086"},{"taxonomy":"product_tag","embeddable":true,"href":"https:\/\/herramientasdetaller.cl\/index.php\/wp-json\/wp\/v2\/product_tag?post=4086"}],"curies":[{"name":"wp","href":"https:\/\/api.w.org\/{rel}","templated":true}]}}