{"id":4101,"date":"2023-03-10T12:30:59","date_gmt":"2023-03-10T12:30:59","guid":{"rendered":"https:\/\/herramientasdetaller.cl\/?post_type=product&#038;p=4101"},"modified":"2023-03-10T12:30:59","modified_gmt":"2023-03-10T12:30:59","slug":"caja-de-herramientas-desplegable-c-ruedas","status":"publish","type":"product","link":"https:\/\/herramientasdetaller.cl\/index.php\/product\/caja-de-herramientas-desplegable-c-ruedas\/","title":{"rendered":"Caja de herramientas desplegable c\/ ruedas."},"content":{"rendered":"<p>Carro de herramientas con 3 m\u00f3dulos.<br \/>\nCaj\u00f3n integrado, ruedas y asa telesc\u00f3pica de suelo con tapa, un m\u00f3dulo central con dos cajones y un m\u00f3dulo de cabeza con caja de herramientas con compartimentos. Las cajas est\u00e1n conectados a trav\u00e9s de bolsillos laterales con hebillas de metal segura, pero tambi\u00e9n pueden extraerse.<br \/>\nTodos los m\u00f3dulos disponen de un mango plegable para llevar las cajas individuales.<br \/>\nLa parte superior\u00a0 puede utilizarse como superficie de trabajo.<\/p>\n<p>Caracter\u00edsticas:<\/p>\n<ul class=\"ui-pdp-list__wrapper\">\n<li class=\"ui-pdp-list__item\">\n<p class=\"ui-pdp-family--REGULAR ui-pdp-list__text\"><span class=\"ui-pdp-color--BLACK ui-pdp-size--XSMALL ui-pdp-family--BOLD\">Material<\/span>: Metal<\/p>\n<\/li>\n<li class=\"ui-pdp-list__item\">\n<p class=\"ui-pdp-family--REGULAR ui-pdp-list__text\"><span class=\"ui-pdp-color--BLACK ui-pdp-size--XSMALL ui-pdp-family--BOLD\">Profundidad<\/span>: 32 cm<\/p>\n<\/li>\n<\/ul>\n<ul class=\"ui-pdp-list__wrapper\">\n<li class=\"ui-pdp-list__item\">\n<p class=\"ui-pdp-family--REGULAR ui-pdp-list__text\"><span class=\"ui-pdp-color--BLACK ui-pdp-size--XSMALL ui-pdp-family--BOLD\">Ancho<\/span>: 52 cm<\/p>\n<\/li>\n<li class=\"ui-pdp-list__item\">\n<p class=\"ui-pdp-family--REGULAR ui-pdp-list__text\"><span class=\"ui-pdp-color--BLACK ui-pdp-size--XSMALL ui-pdp-family--BOLD\">Largo<\/span>: 72 cm<\/p>\n<\/li>\n<\/ul>\n<ul class=\"ui-pdp-list__wrapper\">\n<li class=\"ui-pdp-list__item\">\n<p class=\"ui-pdp-family--REGULAR ui-pdp-list__text\"><span class=\"ui-pdp-color--BLACK ui-pdp-size--XSMALL ui-pdp-family--BOLD\">Con ruedas<\/span>: S\u00ed<\/p>\n<\/li>\n<li class=\"ui-pdp-list__item\">\n<p class=\"ui-pdp-family--REGULAR ui-pdp-list__text\"><span class=\"ui-pdp-color--BLACK ui-pdp-size--XSMALL ui-pdp-family--BOLD\">Cantidad de compartimentos<\/span>: 3<\/p>\n<\/li>\n<\/ul>\n","protected":false},"excerpt":{"rendered":"<p><img loading=\"lazy\" decoding=\"async\" class=\"alignnone size-medium wp-image-3522\" src=\"https:\/\/herramientasdetaller.cl\/wp-content\/uploads\/2022\/12\/logo-yato-300x300.png\" alt=\"\" width=\"300\" height=\"300\" srcset=\"https:\/\/herramientasdetaller.cl\/wp-content\/uploads\/2022\/12\/logo-yato-300x300.png 300w, https:\/\/herramientasdetaller.cl\/wp-content\/uploads\/2022\/12\/logo-yato-247x247.png 247w, https:\/\/herramientasdetaller.cl\/wp-content\/uploads\/2022\/12\/logo-yato-100x100.png 100w, https:\/\/herramientasdetaller.cl\/wp-content\/uploads\/2022\/12\/logo-yato-510x510.png 510w, https:\/\/herramientasdetaller.cl\/wp-content\/uploads\/2022\/12\/logo-yato-64x64.png 64w, https:\/\/herramientasdetaller.cl\/wp-content\/uploads\/2022\/12\/logo-yato-150x150.png 150w, https:\/\/herramientasdetaller.cl\/wp-content\/uploads\/2022\/12\/logo-yato-768x768.png 768w, https:\/\/herramientasdetaller.cl\/wp-content\/uploads\/2022\/12\/logo-yato-640x640.png 640w, https:\/\/herramientasdetaller.cl\/wp-content\/uploads\/2022\/12\/logo-yato-400x400.png 400w, https:\/\/herramientasdetaller.cl\/wp-content\/uploads\/2022\/12\/logo-yato-85x85.png 85w, https:\/\/herramientasdetaller.cl\/wp-content\/uploads\/2022\/12\/logo-yato-32x32.png 32w, https:\/\/herramientasdetaller.cl\/wp-content\/uploads\/2022\/12\/logo-yato.png 800w\" sizes=\"auto, (max-width: 300px) 100vw, 300px\" \/><\/p>\n","protected":false},"featured_media":4102,"comment_status":"open","ping_status":"closed","template":"","meta":{"_joinchat":[]},"product_brand":[],"product_cat":[406,403],"product_tag":[589,170,588],"class_list":{"0":"post-4101","1":"product","2":"type-product","3":"status-publish","4":"has-post-thumbnail","6":"product_cat-equipos-de-carga-y-levante","7":"product_cat-yato","8":"product_tag-caja-de-herramientas","9":"product_tag-yato","10":"product_tag-yt-09101","12":"first","13":"instock","14":"shipping-taxable","15":"purchasable","16":"product-type-simple"},"_links":{"self":[{"href":"https:\/\/herramientasdetaller.cl\/index.php\/wp-json\/wp\/v2\/product\/4101","targetHints":{"allow":["GET"]}}],"collection":[{"href":"https:\/\/herramientasdetaller.cl\/index.php\/wp-json\/wp\/v2\/product"}],"about":[{"href":"https:\/\/herramientasdetaller.cl\/index.php\/wp-json\/wp\/v2\/types\/product"}],"replies":[{"embeddable":true,"href":"https:\/\/herramientasdetaller.cl\/index.php\/wp-json\/wp\/v2\/comments?post=4101"}],"wp:featuredmedia":[{"embeddable":true,"href":"https:\/\/herramientasdetaller.cl\/index.php\/wp-json\/wp\/v2\/media\/4102"}],"wp:attachment":[{"href":"https:\/\/herramientasdetaller.cl\/index.php\/wp-json\/wp\/v2\/media?parent=4101"}],"wp:term":[{"taxonomy":"product_brand","embeddable":true,"href":"https:\/\/herramientasdetaller.cl\/index.php\/wp-json\/wp\/v2\/product_brand?post=4101"},{"taxonomy":"product_cat","embeddable":true,"href":"https:\/\/herramientasdetaller.cl\/index.php\/wp-json\/wp\/v2\/product_cat?post=4101"},{"taxonomy":"product_tag","embeddable":true,"href":"https:\/\/herramientasdetaller.cl\/index.php\/wp-json\/wp\/v2\/product_tag?post=4101"}],"curies":[{"name":"wp","href":"https:\/\/api.w.org\/{rel}","templated":true}]}}