{"id":4330,"date":"2026-02-19T16:04:49","date_gmt":"2026-02-19T16:04:49","guid":{"rendered":"https:\/\/herramientasdetaller.cl\/?post_type=product&#038;p=4330"},"modified":"2026-02-19T18:37:51","modified_gmt":"2026-02-19T18:37:51","slug":"espejo-telescopico-50x90mm","status":"publish","type":"product","link":"https:\/\/herramientasdetaller.cl\/index.php\/product\/espejo-telescopico-50x90mm\/","title":{"rendered":"espejo telescopico 50X90MM"},"content":{"rendered":"<section class=\"product_tabs_ept s_tabs\">\n<div class=\"container tabs_container_main\">\n<div class=\"row s_col_no_bgcolor\">\n<div class=\"col-lg-12\">\n<div class=\"bg-white\">\n<div id=\"prd-tab-content\" class=\"tab-content accordion\">\n<div id=\"nav-home\" class=\"tab-pane fade show active py-3\" aria-labelledby=\"nav-home-tab\">\n<div id=\"collapse_description\" class=\"collapse accordion-collapse\" data-parent=\"#prd-tab-content\" aria-labelledby=\"prd-tab-content_description\">\n<div class=\"accordion-body\">\n<div class=\"oe_structure\">\n<div><span style=\"color: #999999;\">El espejo est\u00e1 montado sobre un brazo telesc\u00f3pico de chapa de acero de 0,6 mm de espesor.<\/span><span style=\"color: #999999;\"><br \/>\n<\/span><span style=\"color: #999999;\">La pluma est\u00e1 protegida con un revestimiento anticorrosi\u00f3n, tiene un mango ergon\u00f3mico de pl\u00e1stico blando.<\/span><span style=\"color: #999999;\"><br \/>\n<\/span><span style=\"color: #999999;\">La longitud del brazo telesc\u00f3pico es de hasta 750 mm, el tama\u00f1o del espejo es de 50 x 90 mm.<br \/>\n<\/span><span style=\"color: #999999;\">El espejo de inspecci\u00f3n de YATO es \u00fatil en todas las plantas mec\u00e1nicas y automotrices.<\/span><span style=\"color: #999999;\"><br \/>\n<\/span><span style=\"color: #999999;\">Permite visualizar elementos ocultos e inaccesibles de la estructura de la cabina, m\u00e1quinas, dispositivos, etc.<\/span><\/div>\n<\/div>\n<\/div>\n<\/div>\n<\/div>\n<\/div>\n<\/div>\n<\/div>\n<\/div>\n<\/div>\n<\/section>\n<div id=\"oe_structure_website_sale_product_2\" class=\"oe_structure oe_empty oe_structure_not_nearest mt16\" data-editor-message=\"DROP BUILDING BLOCKS HERE TO MAKE THEM AVAILABLE ACROSS ALL PRODUCTS\">\n<section class=\"s_text_block pt40 pb40 o_colored_level\" data-snippet=\"s_text_block\" data-name=\"Texto\">\n<div class=\"s_allow_columns container\">\n<h1><span class=\"h5-fs\">\u200b<\/span><\/h1>\n<\/div>\n<\/section>\n<\/div>\n","protected":false},"excerpt":{"rendered":"<p><img loading=\"lazy\" decoding=\"async\" class=\"alignnone  wp-image-2196\" src=\"https:\/\/herramientasdetaller.cl\/wp-content\/uploads\/2021\/09\/YATO-300x263.jpg\" alt=\"\" width=\"160\" height=\"140\" srcset=\"https:\/\/herramientasdetaller.cl\/wp-content\/uploads\/2021\/09\/YATO-300x263.jpg 300w, https:\/\/herramientasdetaller.cl\/wp-content\/uploads\/2021\/09\/YATO-510x446.jpg 510w, https:\/\/herramientasdetaller.cl\/wp-content\/uploads\/2021\/09\/YATO-64x56.jpg 64w, https:\/\/herramientasdetaller.cl\/wp-content\/uploads\/2021\/09\/YATO-400x350.jpg 400w, https:\/\/herramientasdetaller.cl\/wp-content\/uploads\/2021\/09\/YATO-600x525.jpg 600w, https:\/\/herramientasdetaller.cl\/wp-content\/uploads\/2021\/09\/YATO.jpg 640w\" sizes=\"auto, (max-width: 160px) 100vw, 160px\" \/><\/p>\n","protected":false},"featured_media":4332,"comment_status":"open","ping_status":"closed","template":"","meta":{"_joinchat":[]},"product_brand":[],"product_cat":[108,403],"product_tag":[170,634,635],"class_list":{"0":"post-4330","1":"product","2":"type-product","3":"status-publish","4":"has-post-thumbnail","6":"product_cat-herramientas-manuales","7":"product_cat-yato","8":"product_tag-yato","9":"product_tag-yt-0660","10":"product_tag-yt0660","12":"first","13":"instock","14":"shipping-taxable","15":"purchasable","16":"product-type-simple"},"_links":{"self":[{"href":"https:\/\/herramientasdetaller.cl\/index.php\/wp-json\/wp\/v2\/product\/4330","targetHints":{"allow":["GET"]}}],"collection":[{"href":"https:\/\/herramientasdetaller.cl\/index.php\/wp-json\/wp\/v2\/product"}],"about":[{"href":"https:\/\/herramientasdetaller.cl\/index.php\/wp-json\/wp\/v2\/types\/product"}],"replies":[{"embeddable":true,"href":"https:\/\/herramientasdetaller.cl\/index.php\/wp-json\/wp\/v2\/comments?post=4330"}],"wp:featuredmedia":[{"embeddable":true,"href":"https:\/\/herramientasdetaller.cl\/index.php\/wp-json\/wp\/v2\/media\/4332"}],"wp:attachment":[{"href":"https:\/\/herramientasdetaller.cl\/index.php\/wp-json\/wp\/v2\/media?parent=4330"}],"wp:term":[{"taxonomy":"product_brand","embeddable":true,"href":"https:\/\/herramientasdetaller.cl\/index.php\/wp-json\/wp\/v2\/product_brand?post=4330"},{"taxonomy":"product_cat","embeddable":true,"href":"https:\/\/herramientasdetaller.cl\/index.php\/wp-json\/wp\/v2\/product_cat?post=4330"},{"taxonomy":"product_tag","embeddable":true,"href":"https:\/\/herramientasdetaller.cl\/index.php\/wp-json\/wp\/v2\/product_tag?post=4330"}],"curies":[{"name":"wp","href":"https:\/\/api.w.org\/{rel}","templated":true}]}}