{"id":4377,"date":"2026-02-19T19:21:54","date_gmt":"2026-02-19T19:21:54","guid":{"rendered":"https:\/\/herramientasdetaller.cl\/?post_type=product&#038;p=4377"},"modified":"2026-02-19T19:21:54","modified_gmt":"2026-02-19T19:21:54","slug":"buzo-trabajo-modelo-pucon-talla-xxl","status":"publish","type":"product","link":"https:\/\/herramientasdetaller.cl\/index.php\/product\/buzo-trabajo-modelo-pucon-talla-xxl\/","title":{"rendered":"buzo trabajo modelo pucon talla XXL"},"content":{"rendered":"<p>TAMA\u00d1O: 2XL; MATERIAL: 35% ALGOD\u00d3N, 65% POLIESTER; 190 G \/ M2; 11 BOLSILLOS, DE LOS QUE 7 CON FIJACI\u00d3N DE VELCRO; BOLSILLO PARA TEL\u00c9FONO M\u00d3VIL; ZIP DE DOS V\u00cdAS; ABERTURAS DE VENTILACI\u00d3N PARA AUMENTAR LA CIRCULACI\u00d3N DEL AIRE; MANGAS REGULABLES CON TRIPLE VELCRO; COSTURAS TRIPLES; AJUSTE DEL ANCHO DE LA CINTURA CON UNA BANDA DE GOMA; OJAL LLAVE; OJAL DE MARTILLO; MANGAS, YUGO, BOLSILLOS Y RODILLERAS REFORZADOS CON UNA TELA (POLI\u00c9STER 300D) RESISTENTE A LAS RODILLERAS<\/p>\n","protected":false},"excerpt":{"rendered":"<p><img loading=\"lazy\" decoding=\"async\" class=\"alignnone  wp-image-2196\" src=\"https:\/\/herramientasdetaller.cl\/wp-content\/uploads\/2021\/09\/YATO-300x263.jpg\" alt=\"\" width=\"160\" height=\"140\" srcset=\"https:\/\/herramientasdetaller.cl\/wp-content\/uploads\/2021\/09\/YATO-300x263.jpg 300w, https:\/\/herramientasdetaller.cl\/wp-content\/uploads\/2021\/09\/YATO-510x446.jpg 510w, https:\/\/herramientasdetaller.cl\/wp-content\/uploads\/2021\/09\/YATO-64x56.jpg 64w, https:\/\/herramientasdetaller.cl\/wp-content\/uploads\/2021\/09\/YATO-400x350.jpg 400w, https:\/\/herramientasdetaller.cl\/wp-content\/uploads\/2021\/09\/YATO-600x525.jpg 600w, https:\/\/herramientasdetaller.cl\/wp-content\/uploads\/2021\/09\/YATO.jpg 640w\" sizes=\"auto, (max-width: 160px) 100vw, 160px\" \/><\/p>\n","protected":false},"featured_media":4378,"comment_status":"open","ping_status":"closed","template":"","meta":{"_joinchat":[]},"product_brand":[],"product_cat":[405,403],"product_tag":[170,667,668],"class_list":{"0":"post-4377","1":"product","2":"type-product","3":"status-publish","4":"has-post-thumbnail","6":"product_cat-uniformes","7":"product_cat-yato","8":"product_tag-yato","9":"product_tag-yt-80923","10":"product_tag-yt80923","12":"first","13":"instock","14":"shipping-taxable","15":"purchasable","16":"product-type-simple"},"_links":{"self":[{"href":"https:\/\/herramientasdetaller.cl\/index.php\/wp-json\/wp\/v2\/product\/4377","targetHints":{"allow":["GET"]}}],"collection":[{"href":"https:\/\/herramientasdetaller.cl\/index.php\/wp-json\/wp\/v2\/product"}],"about":[{"href":"https:\/\/herramientasdetaller.cl\/index.php\/wp-json\/wp\/v2\/types\/product"}],"replies":[{"embeddable":true,"href":"https:\/\/herramientasdetaller.cl\/index.php\/wp-json\/wp\/v2\/comments?post=4377"}],"wp:featuredmedia":[{"embeddable":true,"href":"https:\/\/herramientasdetaller.cl\/index.php\/wp-json\/wp\/v2\/media\/4378"}],"wp:attachment":[{"href":"https:\/\/herramientasdetaller.cl\/index.php\/wp-json\/wp\/v2\/media?parent=4377"}],"wp:term":[{"taxonomy":"product_brand","embeddable":true,"href":"https:\/\/herramientasdetaller.cl\/index.php\/wp-json\/wp\/v2\/product_brand?post=4377"},{"taxonomy":"product_cat","embeddable":true,"href":"https:\/\/herramientasdetaller.cl\/index.php\/wp-json\/wp\/v2\/product_cat?post=4377"},{"taxonomy":"product_tag","embeddable":true,"href":"https:\/\/herramientasdetaller.cl\/index.php\/wp-json\/wp\/v2\/product_tag?post=4377"}],"curies":[{"name":"wp","href":"https:\/\/api.w.org\/{rel}","templated":true}]}}