{"id":4515,"date":"2026-02-23T16:27:24","date_gmt":"2026-02-23T16:27:24","guid":{"rendered":"https:\/\/herramientasdetaller.cl\/?post_type=product&#038;p=4515"},"modified":"2026-02-23T16:27:24","modified_gmt":"2026-02-23T16:27:24","slug":"par-barquillo-2t-265mm-x-415mm","status":"publish","type":"product","link":"https:\/\/herramientasdetaller.cl\/index.php\/product\/par-barquillo-2t-265mm-x-415mm\/","title":{"rendered":"par barquillo 2T 265mm x 415mm"},"content":{"rendered":"<ul class=\"product-description__list\">\n<li class=\"product-description__item\" data-criteria-id=\"3062\" data-show-elements-item=\"\"><span class=\"product-description__item-title\">Capacidad de carga: 2000 kg (2 toneladas)<\/span><\/li>\n<li class=\"product-description__item\" data-criteria-id=\"3434\" data-show-elements-item=\"\"><span class=\"product-description__item-title\">Altura de elevaci\u00f3n de [mm]:<\/span><span class=\"product-description__item-value\">265<\/span><\/li>\n<li class=\"product-description__item\" data-criteria-id=\"3435\" data-show-elements-item=\"\"><span class=\"product-description__item-title\">Altura de elevaci\u00f3n hasta [mm]:<\/span><span class=\"product-description__item-value\">415<\/span><\/li>\n<li class=\"product-description__item\" data-criteria-id=\"1806\" data-show-elements-item=\"\"><span class=\"product-description__item-title\">Trayecto elevaci\u00f3n, (tecnolog\u00eda de elevaci\u00f3n) [mm]:<\/span><span class=\"product-description__item-value\">150<\/span><\/li>\n<li class=\"product-description__item\" data-criteria-id=\"1536\" data-show-elements-item=\"\"><span class=\"product-description__item-title\">cantidad de herramientas:<\/span><span class=\"product-description__item-value\">2<\/span><\/li>\n<li class=\"product-description__item\" data-criteria-id=\"439\" data-show-elements-item=\"\"><span class=\"product-description__item-title\">Tipo de servicio:<\/span><span class=\"product-description__item-value\">manual<\/span><\/li>\n<li class=\"product-description__item\" data-criteria-id=\"30020\" data-show-elements-item=\"\"><span class=\"product-description__item-title\">Tama\u00f1o:<\/span><span class=\"product-description__item-value\">190&#215;165<\/span><\/li>\n<\/ul>\n","protected":false},"excerpt":{"rendered":"<p><img loading=\"lazy\" decoding=\"async\" class=\"alignnone  wp-image-2196\" src=\"https:\/\/herramientasdetaller.cl\/wp-content\/uploads\/2021\/09\/YATO-300x263.jpg\" alt=\"\" width=\"160\" height=\"140\" srcset=\"https:\/\/herramientasdetaller.cl\/wp-content\/uploads\/2021\/09\/YATO-300x263.jpg 300w, https:\/\/herramientasdetaller.cl\/wp-content\/uploads\/2021\/09\/YATO-510x446.jpg 510w, https:\/\/herramientasdetaller.cl\/wp-content\/uploads\/2021\/09\/YATO-64x56.jpg 64w, https:\/\/herramientasdetaller.cl\/wp-content\/uploads\/2021\/09\/YATO-400x350.jpg 400w, https:\/\/herramientasdetaller.cl\/wp-content\/uploads\/2021\/09\/YATO-600x525.jpg 600w, https:\/\/herramientasdetaller.cl\/wp-content\/uploads\/2021\/09\/YATO.jpg 640w\" sizes=\"auto, (max-width: 160px) 100vw, 160px\" \/><\/p>\n","protected":false},"featured_media":4516,"comment_status":"open","ping_status":"closed","template":"","meta":{"_joinchat":[]},"product_brand":[],"product_cat":[108,403],"product_tag":[170,786,787],"class_list":{"0":"post-4515","1":"product","2":"type-product","3":"status-publish","4":"has-post-thumbnail","6":"product_cat-herramientas-manuales","7":"product_cat-yato","8":"product_tag-yato","9":"product_tag-yt-17310","10":"product_tag-yt17310","12":"first","13":"instock","14":"shipping-taxable","15":"purchasable","16":"product-type-simple"},"_links":{"self":[{"href":"https:\/\/herramientasdetaller.cl\/index.php\/wp-json\/wp\/v2\/product\/4515","targetHints":{"allow":["GET"]}}],"collection":[{"href":"https:\/\/herramientasdetaller.cl\/index.php\/wp-json\/wp\/v2\/product"}],"about":[{"href":"https:\/\/herramientasdetaller.cl\/index.php\/wp-json\/wp\/v2\/types\/product"}],"replies":[{"embeddable":true,"href":"https:\/\/herramientasdetaller.cl\/index.php\/wp-json\/wp\/v2\/comments?post=4515"}],"wp:featuredmedia":[{"embeddable":true,"href":"https:\/\/herramientasdetaller.cl\/index.php\/wp-json\/wp\/v2\/media\/4516"}],"wp:attachment":[{"href":"https:\/\/herramientasdetaller.cl\/index.php\/wp-json\/wp\/v2\/media?parent=4515"}],"wp:term":[{"taxonomy":"product_brand","embeddable":true,"href":"https:\/\/herramientasdetaller.cl\/index.php\/wp-json\/wp\/v2\/product_brand?post=4515"},{"taxonomy":"product_cat","embeddable":true,"href":"https:\/\/herramientasdetaller.cl\/index.php\/wp-json\/wp\/v2\/product_cat?post=4515"},{"taxonomy":"product_tag","embeddable":true,"href":"https:\/\/herramientasdetaller.cl\/index.php\/wp-json\/wp\/v2\/product_tag?post=4515"}],"curies":[{"name":"wp","href":"https:\/\/api.w.org\/{rel}","templated":true}]}}