{"id":4528,"date":"2026-02-23T16:59:31","date_gmt":"2026-02-23T16:59:31","guid":{"rendered":"https:\/\/herramientasdetaller.cl\/?post_type=product&#038;p=4528"},"modified":"2026-02-23T16:59:31","modified_gmt":"2026-02-23T16:59:31","slug":"dado-pata-de-gallo-para-sensor-de-oxigeno-7-8","status":"publish","type":"product","link":"https:\/\/herramientasdetaller.cl\/index.php\/product\/dado-pata-de-gallo-para-sensor-de-oxigeno-7-8\/","title":{"rendered":"dado pata de gallo para sensor de oxigeno 7\/8&#8243;"},"content":{"rendered":"<p>&nbsp;<\/p>\n<ul>\n<li>Material: Acero de aleaci\u00f3n de alta resistencia.<\/li>\n<li>Acabado: Fosfatado negro anticorrosivo.<\/li>\n<li><strong>Medida Est\u00e1ndar de 22 mm (7\/8&#8243;):<\/strong>\u00a0Dimensionado para ajustarse a la gran mayor\u00eda de los sensores de ox\u00edgeno instalados en veh\u00edculos modernos y cl\u00e1sicos.<\/li>\n<li><strong>Cuadro de Acople de 1\/2&#8243;:<\/strong>\u00a0Compatible con barrote de fuerza, llaves de chicharra o herramientas de impacto de mando 1\/2&#8243;, brindando la versatilidad necesaria para cada nivel de dificultad.<\/li>\n<li><strong>Uso Dual:<\/strong>\u00a0Su robustez permite aplicaciones tanto en instalaciones de piezas nuevas como en la remoci\u00f3n de componentes gripados.<\/li>\n<\/ul>\n","protected":false},"excerpt":{"rendered":"<p><img loading=\"lazy\" decoding=\"async\" class=\"alignnone  wp-image-2196\" src=\"https:\/\/herramientasdetaller.cl\/wp-content\/uploads\/2021\/09\/YATO-300x263.jpg\" alt=\"\" width=\"160\" height=\"140\" srcset=\"https:\/\/herramientasdetaller.cl\/wp-content\/uploads\/2021\/09\/YATO-300x263.jpg 300w, https:\/\/herramientasdetaller.cl\/wp-content\/uploads\/2021\/09\/YATO-510x446.jpg 510w, https:\/\/herramientasdetaller.cl\/wp-content\/uploads\/2021\/09\/YATO-64x56.jpg 64w, https:\/\/herramientasdetaller.cl\/wp-content\/uploads\/2021\/09\/YATO-400x350.jpg 400w, https:\/\/herramientasdetaller.cl\/wp-content\/uploads\/2021\/09\/YATO-600x525.jpg 600w, https:\/\/herramientasdetaller.cl\/wp-content\/uploads\/2021\/09\/YATO.jpg 640w\" sizes=\"auto, (max-width: 160px) 100vw, 160px\" \/><\/p>\n","protected":false},"featured_media":4529,"comment_status":"open","ping_status":"closed","template":"","meta":{"_joinchat":[]},"product_brand":[],"product_cat":[108,403],"product_tag":[170,796,797],"class_list":{"0":"post-4528","1":"product","2":"type-product","3":"status-publish","4":"has-post-thumbnail","6":"product_cat-herramientas-manuales","7":"product_cat-yato","8":"product_tag-yato","9":"product_tag-yt-1753","10":"product_tag-yt1753","12":"first","13":"instock","14":"shipping-taxable","15":"purchasable","16":"product-type-simple"},"_links":{"self":[{"href":"https:\/\/herramientasdetaller.cl\/index.php\/wp-json\/wp\/v2\/product\/4528","targetHints":{"allow":["GET"]}}],"collection":[{"href":"https:\/\/herramientasdetaller.cl\/index.php\/wp-json\/wp\/v2\/product"}],"about":[{"href":"https:\/\/herramientasdetaller.cl\/index.php\/wp-json\/wp\/v2\/types\/product"}],"replies":[{"embeddable":true,"href":"https:\/\/herramientasdetaller.cl\/index.php\/wp-json\/wp\/v2\/comments?post=4528"}],"wp:featuredmedia":[{"embeddable":true,"href":"https:\/\/herramientasdetaller.cl\/index.php\/wp-json\/wp\/v2\/media\/4529"}],"wp:attachment":[{"href":"https:\/\/herramientasdetaller.cl\/index.php\/wp-json\/wp\/v2\/media?parent=4528"}],"wp:term":[{"taxonomy":"product_brand","embeddable":true,"href":"https:\/\/herramientasdetaller.cl\/index.php\/wp-json\/wp\/v2\/product_brand?post=4528"},{"taxonomy":"product_cat","embeddable":true,"href":"https:\/\/herramientasdetaller.cl\/index.php\/wp-json\/wp\/v2\/product_cat?post=4528"},{"taxonomy":"product_tag","embeddable":true,"href":"https:\/\/herramientasdetaller.cl\/index.php\/wp-json\/wp\/v2\/product_tag?post=4528"}],"curies":[{"name":"wp","href":"https:\/\/api.w.org\/{rel}","templated":true}]}}