{"id":4665,"date":"2026-02-25T11:55:40","date_gmt":"2026-02-25T11:55:40","guid":{"rendered":"https:\/\/herramientasdetaller.cl\/?post_type=product&#038;p=4665"},"modified":"2026-02-25T11:55:40","modified_gmt":"2026-02-25T11:55:40","slug":"lampara-trabajo-61-led-recar-12v","status":"publish","type":"product","link":"https:\/\/herramientasdetaller.cl\/index.php\/product\/lampara-trabajo-61-led-recar-12v\/","title":{"rendered":"lampara trabajo 61 led recar.12v"},"content":{"rendered":"<ul class=\"KsbFXc U6u95\" data-complete=\"true\" data-processed=\"true\">\n<li class=\"dF3vjf\" data-hveid=\"CAUQAQ\" data-complete=\"true\" data-sae=\"\"><span class=\"T286Pc\" data-sfc-cp=\"\" data-complete=\"true\"><strong class=\"Yjhzub\" data-complete=\"true\">Bater\u00eda:<\/strong>\u00a0Li-Ion de\u00a0<strong class=\"Yjhzub\" data-complete=\"true\">3.7 V<\/strong>\u00a0con una capacidad de\u00a0<strong class=\"Yjhzub\" data-complete=\"true\">1800 mAh<\/strong>.<\/span><\/li>\n<li class=\"dF3vjf\" data-hveid=\"CAUQAg\" data-complete=\"true\" data-sae=\"\"><span class=\"T286Pc\" data-sfc-cp=\"\" data-complete=\"true\"><strong class=\"Yjhzub\" data-complete=\"true\">Autonom\u00eda:<\/strong>\u00a0Hasta\u00a0<strong class=\"Yjhzub\" data-complete=\"true\">3 horas<\/strong>\u00a0de uso continuo con una carga completa.<\/span><\/li>\n<li class=\"dF3vjf\" data-hveid=\"CAUQAw\" data-complete=\"true\" data-sae=\"\"><span class=\"T286Pc\" data-sfc-cp=\"\" data-complete=\"true\"><strong class=\"Yjhzub\" data-complete=\"true\">Tiempo de carga:<\/strong>\u00a0Aproximadamente\u00a0<strong class=\"Yjhzub\" data-complete=\"true\">4 horas<\/strong>.<\/span><\/li>\n<li class=\"dF3vjf\" data-hveid=\"CAUQBA\" data-complete=\"true\" data-sae=\"\"><span class=\"T286Pc\" data-sfc-cp=\"\" data-complete=\"true\"><strong class=\"Yjhzub\" data-complete=\"true\">Materiales:<\/strong>\u00a0Cuerpo fabricado en pl\u00e1stico\u00a0<strong class=\"Yjhzub\" data-complete=\"true\">ABS duradero<\/strong>, a menudo con un recubrimiento de goma para mejorar el agarre y la resistencia a impactos.<\/span><\/li>\n<li class=\"dF3vjf\" data-hveid=\"CAUQBQ\" data-complete=\"true\" data-sae=\"\"><span class=\"T286Pc\" data-sfc-cp=\"\" data-complete=\"true\"><strong class=\"Yjhzub\" data-complete=\"true\">Protecci\u00f3n:<\/strong>\u00a0Clasificaci\u00f3n\u00a0<strong class=\"Yjhzub\" data-complete=\"true\">IP20<\/strong>\u00a0contra objetos s\u00f3lidos (no resistente al agua) y clase de protecci\u00f3n el\u00e9ctrica II.<\/span><\/li>\n<li class=\"dF3vjf\" data-hveid=\"CAUQBg\" data-complete=\"true\" data-sae=\"\"><span class=\"T286Pc\" data-sfc-cp=\"\" data-complete=\"true\"><strong class=\"Yjhzub\" data-complete=\"true\">Dimensiones:<\/strong>\u00a0Longitud de\u00a0<strong class=\"Yjhzub\" data-complete=\"true\">420 mm<\/strong>\u00a0y un di\u00e1metro de\u00a0<strong class=\"Yjhzub\" data-complete=\"true\">37 mm<\/strong>; pesa aproximadamente\u00a0<strong class=\"Yjhzub\" data-complete=\"true\">300 gramos<\/strong>.<\/span><span class=\"uJ19be notranslate\" data-wiz-uids=\"iUskbd_20,iUskbd_21\" data-complete=\"true\"><span class=\"vKEkVd\" data-animation-atomic=\"\" data-wiz-attrbind=\"class=iUskbd_1z\/TKHnVd\" data-sae=\"\"><span aria-hidden=\"true\" aria-owns=\"action-menu-parent-container\">\u00a0<\/span><\/span><\/span><\/li>\n<\/ul>\n","protected":false},"excerpt":{"rendered":"<p><img loading=\"lazy\" decoding=\"async\" class=\"alignnone  wp-image-2196\" src=\"https:\/\/herramientasdetaller.cl\/wp-content\/uploads\/2021\/09\/YATO-300x263.jpg\" alt=\"\" width=\"160\" height=\"140\" srcset=\"https:\/\/herramientasdetaller.cl\/wp-content\/uploads\/2021\/09\/YATO-300x263.jpg 300w, https:\/\/herramientasdetaller.cl\/wp-content\/uploads\/2021\/09\/YATO-510x446.jpg 510w, https:\/\/herramientasdetaller.cl\/wp-content\/uploads\/2021\/09\/YATO-64x56.jpg 64w, https:\/\/herramientasdetaller.cl\/wp-content\/uploads\/2021\/09\/YATO-400x350.jpg 400w, https:\/\/herramientasdetaller.cl\/wp-content\/uploads\/2021\/09\/YATO-600x525.jpg 600w, https:\/\/herramientasdetaller.cl\/wp-content\/uploads\/2021\/09\/YATO.jpg 640w\" sizes=\"auto, (max-width: 160px) 100vw, 160px\" \/><\/p>\n","protected":false},"featured_media":4666,"comment_status":"open","ping_status":"closed","template":"","meta":{"_joinchat":[]},"product_brand":[],"product_cat":[108,403],"product_tag":[571,170,926,927],"class_list":{"0":"post-4665","1":"product","2":"type-product","3":"status-publish","4":"has-post-thumbnail","6":"product_cat-herramientas-manuales","7":"product_cat-yato","8":"product_tag-lampara","9":"product_tag-yato","10":"product_tag-yt-08520","11":"product_tag-yt08520","13":"first","14":"instock","15":"shipping-taxable","16":"purchasable","17":"product-type-simple"},"_links":{"self":[{"href":"https:\/\/herramientasdetaller.cl\/index.php\/wp-json\/wp\/v2\/product\/4665","targetHints":{"allow":["GET"]}}],"collection":[{"href":"https:\/\/herramientasdetaller.cl\/index.php\/wp-json\/wp\/v2\/product"}],"about":[{"href":"https:\/\/herramientasdetaller.cl\/index.php\/wp-json\/wp\/v2\/types\/product"}],"replies":[{"embeddable":true,"href":"https:\/\/herramientasdetaller.cl\/index.php\/wp-json\/wp\/v2\/comments?post=4665"}],"wp:featuredmedia":[{"embeddable":true,"href":"https:\/\/herramientasdetaller.cl\/index.php\/wp-json\/wp\/v2\/media\/4666"}],"wp:attachment":[{"href":"https:\/\/herramientasdetaller.cl\/index.php\/wp-json\/wp\/v2\/media?parent=4665"}],"wp:term":[{"taxonomy":"product_brand","embeddable":true,"href":"https:\/\/herramientasdetaller.cl\/index.php\/wp-json\/wp\/v2\/product_brand?post=4665"},{"taxonomy":"product_cat","embeddable":true,"href":"https:\/\/herramientasdetaller.cl\/index.php\/wp-json\/wp\/v2\/product_cat?post=4665"},{"taxonomy":"product_tag","embeddable":true,"href":"https:\/\/herramientasdetaller.cl\/index.php\/wp-json\/wp\/v2\/product_tag?post=4665"}],"curies":[{"name":"wp","href":"https:\/\/api.w.org\/{rel}","templated":true}]}}