{"id":4762,"date":"2026-02-26T13:31:56","date_gmt":"2026-02-26T13:31:56","guid":{"rendered":"https:\/\/herramientasdetaller.cl\/?post_type=product&#038;p=4762"},"modified":"2026-02-26T13:31:57","modified_gmt":"2026-02-26T13:31:57","slug":"chicharra-1-4-l-125mm-yato","status":"publish","type":"product","link":"https:\/\/herramientasdetaller.cl\/index.php\/product\/chicharra-1-4-l-125mm-yato\/","title":{"rendered":"chicharra 1\/4&#8243; L 125MM &#8211; YATO"},"content":{"rendered":"<ul>\n<li><span dir=\"auto\">\u00c1ngulo m\u00ednimo de operaci\u00f3n 5 grados.<\/span><\/li>\n<li><span dir=\"auto\">Liberaci\u00f3n r\u00e1pida.<\/span><\/li>\n<li><span dir=\"auto\">Acabado superficial: Cromado, espejo.<\/span><\/li>\n<li>Tama\u00f1o del v\u00e1stago: 1\/4&#8243;<\/li>\n<li>N\u00famero de dientes: T72<\/li>\n<li>Longitud: 125 mm<\/li>\n<li>Peso: 129 g<\/li>\n<\/ul>\n","protected":false},"excerpt":{"rendered":"<p><img loading=\"lazy\" decoding=\"async\" class=\"alignnone  wp-image-2196\" src=\"https:\/\/herramientasdetaller.cl\/wp-content\/uploads\/2021\/09\/YATO-300x263.jpg\" alt=\"\" width=\"161\" height=\"141\" srcset=\"https:\/\/herramientasdetaller.cl\/wp-content\/uploads\/2021\/09\/YATO-300x263.jpg 300w, https:\/\/herramientasdetaller.cl\/wp-content\/uploads\/2021\/09\/YATO-510x446.jpg 510w, https:\/\/herramientasdetaller.cl\/wp-content\/uploads\/2021\/09\/YATO-64x56.jpg 64w, https:\/\/herramientasdetaller.cl\/wp-content\/uploads\/2021\/09\/YATO-400x350.jpg 400w, https:\/\/herramientasdetaller.cl\/wp-content\/uploads\/2021\/09\/YATO-600x525.jpg 600w, https:\/\/herramientasdetaller.cl\/wp-content\/uploads\/2021\/09\/YATO.jpg 640w\" sizes=\"auto, (max-width: 161px) 100vw, 161px\" \/><\/p>\n","protected":false},"featured_media":4763,"comment_status":"open","ping_status":"closed","template":"","meta":{"_joinchat":[]},"product_brand":[],"product_cat":[108,403],"product_tag":[253,170,1007,1008],"class_list":{"0":"post-4762","1":"product","2":"type-product","3":"status-publish","4":"has-post-thumbnail","6":"product_cat-herramientas-manuales","7":"product_cat-yato","8":"product_tag-chicharra","9":"product_tag-yato","10":"product_tag-yt-0313","11":"product_tag-yt0313","13":"first","14":"instock","15":"shipping-taxable","16":"purchasable","17":"product-type-simple"},"_links":{"self":[{"href":"https:\/\/herramientasdetaller.cl\/index.php\/wp-json\/wp\/v2\/product\/4762","targetHints":{"allow":["GET"]}}],"collection":[{"href":"https:\/\/herramientasdetaller.cl\/index.php\/wp-json\/wp\/v2\/product"}],"about":[{"href":"https:\/\/herramientasdetaller.cl\/index.php\/wp-json\/wp\/v2\/types\/product"}],"replies":[{"embeddable":true,"href":"https:\/\/herramientasdetaller.cl\/index.php\/wp-json\/wp\/v2\/comments?post=4762"}],"wp:featuredmedia":[{"embeddable":true,"href":"https:\/\/herramientasdetaller.cl\/index.php\/wp-json\/wp\/v2\/media\/4763"}],"wp:attachment":[{"href":"https:\/\/herramientasdetaller.cl\/index.php\/wp-json\/wp\/v2\/media?parent=4762"}],"wp:term":[{"taxonomy":"product_brand","embeddable":true,"href":"https:\/\/herramientasdetaller.cl\/index.php\/wp-json\/wp\/v2\/product_brand?post=4762"},{"taxonomy":"product_cat","embeddable":true,"href":"https:\/\/herramientasdetaller.cl\/index.php\/wp-json\/wp\/v2\/product_cat?post=4762"},{"taxonomy":"product_tag","embeddable":true,"href":"https:\/\/herramientasdetaller.cl\/index.php\/wp-json\/wp\/v2\/product_tag?post=4762"}],"curies":[{"name":"wp","href":"https:\/\/api.w.org\/{rel}","templated":true}]}}