{"id":4812,"date":"2026-02-26T19:04:31","date_gmt":"2026-02-26T19:04:31","guid":{"rendered":"https:\/\/herramientasdetaller.cl\/?post_type=product&#038;p=4812"},"modified":"2026-02-26T19:04:31","modified_gmt":"2026-02-26T19:04:31","slug":"barrote-de-fuerza-1-2x18","status":"publish","type":"product","link":"https:\/\/herramientasdetaller.cl\/index.php\/product\/barrote-de-fuerza-1-2x18\/","title":{"rendered":"barrote de fuerza 1\/2&#8243;X18&#8243;"},"content":{"rendered":"<p>* Longitud ideal: Con 457 mm, proporciona un alcance extendido para trabajar c\u00f3modamente en espacios reducidos y de dif\u00edcil acceso.<br \/>\n* Adaptador vers\u00e1til: Compatible con herramientas de encastre de 1\/2&#8243; (12.7 mm), lo que la hace compatible con una amplia gama de llaves y accesorios.<br \/>\n* Construcci\u00f3n robusta: Fabricada en acero CrV 50BV30, conocido por su alta resistencia y durabilidad, lo que garantiza una larga vida \u00fatil incluso en condiciones de trabajo exigentes.<br \/>\n* Dise\u00f1o flexible: Permite trabajar en \u00e1ngulos dif\u00edciles y ofrece un control preciso, lo que facilita el trabajo en espacios reducidos y de dif\u00edcil acceso.<\/p>\n","protected":false},"excerpt":{"rendered":"<p><img loading=\"lazy\" decoding=\"async\" class=\"alignnone  wp-image-2196\" src=\"https:\/\/herramientasdetaller.cl\/wp-content\/uploads\/2021\/09\/YATO-300x263.jpg\" alt=\"\" width=\"160\" height=\"140\" srcset=\"https:\/\/herramientasdetaller.cl\/wp-content\/uploads\/2021\/09\/YATO-300x263.jpg 300w, https:\/\/herramientasdetaller.cl\/wp-content\/uploads\/2021\/09\/YATO-510x446.jpg 510w, https:\/\/herramientasdetaller.cl\/wp-content\/uploads\/2021\/09\/YATO-64x56.jpg 64w, https:\/\/herramientasdetaller.cl\/wp-content\/uploads\/2021\/09\/YATO-400x350.jpg 400w, https:\/\/herramientasdetaller.cl\/wp-content\/uploads\/2021\/09\/YATO-600x525.jpg 600w, https:\/\/herramientasdetaller.cl\/wp-content\/uploads\/2021\/09\/YATO.jpg 640w\" sizes=\"auto, (max-width: 160px) 100vw, 160px\" \/><\/p>\n","protected":false},"featured_media":4813,"comment_status":"open","ping_status":"closed","template":"","meta":{"_joinchat":[]},"product_brand":[],"product_cat":[108,403],"product_tag":[479,170,1047,1048],"class_list":{"0":"post-4812","1":"product","2":"type-product","3":"status-publish","4":"has-post-thumbnail","6":"product_cat-herramientas-manuales","7":"product_cat-yato","8":"product_tag-barrote","9":"product_tag-yato","10":"product_tag-yt-1242","11":"product_tag-yt1242","13":"first","14":"instock","15":"shipping-taxable","16":"purchasable","17":"product-type-simple"},"_links":{"self":[{"href":"https:\/\/herramientasdetaller.cl\/index.php\/wp-json\/wp\/v2\/product\/4812","targetHints":{"allow":["GET"]}}],"collection":[{"href":"https:\/\/herramientasdetaller.cl\/index.php\/wp-json\/wp\/v2\/product"}],"about":[{"href":"https:\/\/herramientasdetaller.cl\/index.php\/wp-json\/wp\/v2\/types\/product"}],"replies":[{"embeddable":true,"href":"https:\/\/herramientasdetaller.cl\/index.php\/wp-json\/wp\/v2\/comments?post=4812"}],"wp:featuredmedia":[{"embeddable":true,"href":"https:\/\/herramientasdetaller.cl\/index.php\/wp-json\/wp\/v2\/media\/4813"}],"wp:attachment":[{"href":"https:\/\/herramientasdetaller.cl\/index.php\/wp-json\/wp\/v2\/media?parent=4812"}],"wp:term":[{"taxonomy":"product_brand","embeddable":true,"href":"https:\/\/herramientasdetaller.cl\/index.php\/wp-json\/wp\/v2\/product_brand?post=4812"},{"taxonomy":"product_cat","embeddable":true,"href":"https:\/\/herramientasdetaller.cl\/index.php\/wp-json\/wp\/v2\/product_cat?post=4812"},{"taxonomy":"product_tag","embeddable":true,"href":"https:\/\/herramientasdetaller.cl\/index.php\/wp-json\/wp\/v2\/product_tag?post=4812"}],"curies":[{"name":"wp","href":"https:\/\/api.w.org\/{rel}","templated":true}]}}