{"id":4846,"date":"2026-02-27T12:27:22","date_gmt":"2026-02-27T12:27:22","guid":{"rendered":"https:\/\/herramientasdetaller.cl\/?post_type=product&#038;p=4846"},"modified":"2026-02-27T12:27:22","modified_gmt":"2026-02-27T12:27:22","slug":"gata-de-botella-hidraulica-20t-2","status":"publish","type":"product","link":"https:\/\/herramientasdetaller.cl\/index.php\/product\/gata-de-botella-hidraulica-20t-2\/","title":{"rendered":"gata de botella hidraulica 20T"},"content":{"rendered":"<p><span style=\"font-weight: 400;\"><span>\u00a0Se caracteriza por su peque\u00f1o tama\u00f1o y peso, lo cual es importante en el transporte y almacenamiento. Indispensable en talleres mec\u00e1nicos, vulcanizaciones y servitecas.\u00a0<\/span><\/span><\/p>\n<p><span>Capacidad de levantamiento: 20 toneladas<\/span><\/p>\n<p><span>Peso: 10,5 kilos<\/span><\/p>\n<p><span>Altura de Elevaci\u00f3n: 452 mm<\/span><\/p>\n<p><span>Dimensiones de la base: 144x150mm<\/span><\/p>\n<p><span>Longitud del pist\u00f3n: 150 mm<\/span><\/p>\n<p><span>Longitud de la rosca: 60 mm<\/span><\/p>\n<p><span>Altura de elevaci\u00f3n m\u00ednima: 242 mm<\/span><\/p>\n","protected":false},"excerpt":{"rendered":"<p><img loading=\"lazy\" decoding=\"async\" class=\"alignnone  wp-image-2196\" src=\"https:\/\/herramientasdetaller.cl\/wp-content\/uploads\/2021\/09\/YATO-300x263.jpg\" alt=\"\" width=\"160\" height=\"140\" srcset=\"https:\/\/herramientasdetaller.cl\/wp-content\/uploads\/2021\/09\/YATO-300x263.jpg 300w, https:\/\/herramientasdetaller.cl\/wp-content\/uploads\/2021\/09\/YATO-510x446.jpg 510w, https:\/\/herramientasdetaller.cl\/wp-content\/uploads\/2021\/09\/YATO-64x56.jpg 64w, https:\/\/herramientasdetaller.cl\/wp-content\/uploads\/2021\/09\/YATO-400x350.jpg 400w, https:\/\/herramientasdetaller.cl\/wp-content\/uploads\/2021\/09\/YATO-600x525.jpg 600w, https:\/\/herramientasdetaller.cl\/wp-content\/uploads\/2021\/09\/YATO.jpg 640w\" sizes=\"auto, (max-width: 160px) 100vw, 160px\" \/><\/p>\n","protected":false},"featured_media":4847,"comment_status":"open","ping_status":"closed","template":"","meta":{"_joinchat":[]},"product_brand":[],"product_cat":[108,403],"product_tag":[178,179,170,1078,1079],"class_list":{"0":"post-4846","1":"product","2":"type-product","3":"status-publish","4":"has-post-thumbnail","6":"product_cat-herramientas-manuales","7":"product_cat-yato","8":"product_tag-gata","9":"product_tag-hidraulica","10":"product_tag-yato","11":"product_tag-yt-17007","12":"product_tag-yt17007","14":"first","15":"outofstock","16":"shipping-taxable","17":"purchasable","18":"product-type-simple"},"_links":{"self":[{"href":"https:\/\/herramientasdetaller.cl\/index.php\/wp-json\/wp\/v2\/product\/4846","targetHints":{"allow":["GET"]}}],"collection":[{"href":"https:\/\/herramientasdetaller.cl\/index.php\/wp-json\/wp\/v2\/product"}],"about":[{"href":"https:\/\/herramientasdetaller.cl\/index.php\/wp-json\/wp\/v2\/types\/product"}],"replies":[{"embeddable":true,"href":"https:\/\/herramientasdetaller.cl\/index.php\/wp-json\/wp\/v2\/comments?post=4846"}],"wp:featuredmedia":[{"embeddable":true,"href":"https:\/\/herramientasdetaller.cl\/index.php\/wp-json\/wp\/v2\/media\/4847"}],"wp:attachment":[{"href":"https:\/\/herramientasdetaller.cl\/index.php\/wp-json\/wp\/v2\/media?parent=4846"}],"wp:term":[{"taxonomy":"product_brand","embeddable":true,"href":"https:\/\/herramientasdetaller.cl\/index.php\/wp-json\/wp\/v2\/product_brand?post=4846"},{"taxonomy":"product_cat","embeddable":true,"href":"https:\/\/herramientasdetaller.cl\/index.php\/wp-json\/wp\/v2\/product_cat?post=4846"},{"taxonomy":"product_tag","embeddable":true,"href":"https:\/\/herramientasdetaller.cl\/index.php\/wp-json\/wp\/v2\/product_tag?post=4846"}],"curies":[{"name":"wp","href":"https:\/\/api.w.org\/{rel}","templated":true}]}}