{"id":4871,"date":"2026-02-27T13:59:23","date_gmt":"2026-02-27T13:59:23","guid":{"rendered":"https:\/\/herramientasdetaller.cl\/?post_type=product&#038;p=4871"},"modified":"2026-02-27T13:59:23","modified_gmt":"2026-02-27T13:59:23","slug":"set-dadosy-herramienta-1-4-1-2-109-pcs","status":"publish","type":"product","link":"https:\/\/herramientasdetaller.cl\/index.php\/product\/set-dadosy-herramienta-1-4-1-2-109-pcs\/","title":{"rendered":"set dadosy herramienta 1\/4 &#8211; 1\/2 109 pcs"},"content":{"rendered":"<p>Un juego de herramientas profesional desarrollado para satisfacer las necesidades de los servicios especializados de automoci\u00f3n y mec\u00e1nica. Las llaves de vaso, as\u00ed como la llave de vaso, se han fabricado con acero al cromo vanadio CrV 50BV3 robusto y apto para herramientas.<\/p>\n<p>Las llaves de vaso se fabricaron mediante el m\u00e9todo de forja por estampaci\u00f3n y se calibraron con calibres de precisi\u00f3n y equipos de inspecci\u00f3n antes del proceso de endurecimiento. Los vasos\u00a0<strong>incorporan el sistema AS-Drive<\/strong>, que aumenta el par de apriete m\u00e1ximo en un 25%, a la vez que protege totalmente los bordes de la tuerca, los vasos tienen un acabado superficial de dos tonos.<\/p>\n<p>El juego tambi\u00e9n incluye\u00a0<strong>puntas fabricadas en acero duro S2<\/strong>. Las carracas tienen un mango de tres componentes y 72 dientes (carrera de trabajo de 5 grados).<\/p>\n<p>El juego permite realizar trabajos muy pesados y de precisi\u00f3n, as\u00ed como una amplia gama de operaciones de mantenimiento para desatornillar y atornillar uniones roscadas de diferentes tama\u00f1os nominales.<\/p>\n","protected":false},"excerpt":{"rendered":"<p><img loading=\"lazy\" decoding=\"async\" class=\"alignnone  wp-image-2196\" src=\"https:\/\/herramientasdetaller.cl\/wp-content\/uploads\/2021\/09\/YATO-300x263.jpg\" alt=\"\" width=\"160\" height=\"140\" srcset=\"https:\/\/herramientasdetaller.cl\/wp-content\/uploads\/2021\/09\/YATO-300x263.jpg 300w, https:\/\/herramientasdetaller.cl\/wp-content\/uploads\/2021\/09\/YATO-510x446.jpg 510w, https:\/\/herramientasdetaller.cl\/wp-content\/uploads\/2021\/09\/YATO-64x56.jpg 64w, https:\/\/herramientasdetaller.cl\/wp-content\/uploads\/2021\/09\/YATO-400x350.jpg 400w, https:\/\/herramientasdetaller.cl\/wp-content\/uploads\/2021\/09\/YATO-600x525.jpg 600w, https:\/\/herramientasdetaller.cl\/wp-content\/uploads\/2021\/09\/YATO.jpg 640w\" sizes=\"auto, (max-width: 160px) 100vw, 160px\" \/><\/p>\n","protected":false},"featured_media":4872,"comment_status":"open","ping_status":"closed","template":"","meta":{"_joinchat":[]},"product_brand":[],"product_cat":[108,403],"product_tag":[170,1098,1099],"class_list":{"0":"post-4871","1":"product","2":"type-product","3":"status-publish","4":"has-post-thumbnail","6":"product_cat-herramientas-manuales","7":"product_cat-yato","8":"product_tag-yato","9":"product_tag-yt-38891","10":"product_tag-yt38891","12":"first","13":"instock","14":"shipping-taxable","15":"purchasable","16":"product-type-simple"},"_links":{"self":[{"href":"https:\/\/herramientasdetaller.cl\/index.php\/wp-json\/wp\/v2\/product\/4871","targetHints":{"allow":["GET"]}}],"collection":[{"href":"https:\/\/herramientasdetaller.cl\/index.php\/wp-json\/wp\/v2\/product"}],"about":[{"href":"https:\/\/herramientasdetaller.cl\/index.php\/wp-json\/wp\/v2\/types\/product"}],"replies":[{"embeddable":true,"href":"https:\/\/herramientasdetaller.cl\/index.php\/wp-json\/wp\/v2\/comments?post=4871"}],"wp:featuredmedia":[{"embeddable":true,"href":"https:\/\/herramientasdetaller.cl\/index.php\/wp-json\/wp\/v2\/media\/4872"}],"wp:attachment":[{"href":"https:\/\/herramientasdetaller.cl\/index.php\/wp-json\/wp\/v2\/media?parent=4871"}],"wp:term":[{"taxonomy":"product_brand","embeddable":true,"href":"https:\/\/herramientasdetaller.cl\/index.php\/wp-json\/wp\/v2\/product_brand?post=4871"},{"taxonomy":"product_cat","embeddable":true,"href":"https:\/\/herramientasdetaller.cl\/index.php\/wp-json\/wp\/v2\/product_cat?post=4871"},{"taxonomy":"product_tag","embeddable":true,"href":"https:\/\/herramientasdetaller.cl\/index.php\/wp-json\/wp\/v2\/product_tag?post=4871"}],"curies":[{"name":"wp","href":"https:\/\/api.w.org\/{rel}","templated":true}]}}