{"id":5026,"date":"2026-03-02T18:50:07","date_gmt":"2026-03-02T18:50:07","guid":{"rendered":"https:\/\/herramientasdetaller.cl\/?post_type=product&#038;p=5026"},"modified":"2026-03-02T18:50:07","modified_gmt":"2026-03-02T18:50:07","slug":"set-dados-largos-bujias-incades-6pcs-3-8","status":"publish","type":"product","link":"https:\/\/herramientasdetaller.cl\/index.php\/product\/set-dados-largos-bujias-incades-6pcs-3-8\/","title":{"rendered":"set dados largos bujias incades. 6pcs 3\/8"},"content":{"rendered":"<p>Juego de llaves articuladas para la instalaci\u00f3n y extracci\u00f3n de buj\u00edas incandescentes.<br \/>\n\u2022 Fabricado en acero CrV duradero<br \/>\n\u2022 Llaves hexagonales de los siguientes tama\u00f1os:<br \/>\n8, 9, 10, 12, 14, 16 mm<br \/>\n\u2022 Estructura articulada especial que permite llegar a lugares de dif\u00edcil acceso.<br \/>\n\u2022 Las almohadillas de goma del enchufe facilitan la extracci\u00f3n de los tapones<br \/>\n\u2022 Accionamiento: 3 \/ 8<br \/>\n\u2022 Pr\u00e1ctica maleta<\/p>\n","protected":false},"excerpt":{"rendered":"<p><img loading=\"lazy\" decoding=\"async\" class=\"alignnone  wp-image-2196\" src=\"https:\/\/herramientasdetaller.cl\/wp-content\/uploads\/2021\/09\/YATO-300x263.jpg\" alt=\"\" width=\"160\" height=\"140\" srcset=\"https:\/\/herramientasdetaller.cl\/wp-content\/uploads\/2021\/09\/YATO-300x263.jpg 300w, https:\/\/herramientasdetaller.cl\/wp-content\/uploads\/2021\/09\/YATO-510x446.jpg 510w, https:\/\/herramientasdetaller.cl\/wp-content\/uploads\/2021\/09\/YATO-64x56.jpg 64w, https:\/\/herramientasdetaller.cl\/wp-content\/uploads\/2021\/09\/YATO-400x350.jpg 400w, https:\/\/herramientasdetaller.cl\/wp-content\/uploads\/2021\/09\/YATO-600x525.jpg 600w, https:\/\/herramientasdetaller.cl\/wp-content\/uploads\/2021\/09\/YATO.jpg 640w\" sizes=\"auto, (max-width: 160px) 100vw, 160px\" \/><\/p>\n","protected":false},"featured_media":5027,"comment_status":"open","ping_status":"closed","template":"","meta":{"_joinchat":[]},"product_brand":[],"product_cat":[108,403],"product_tag":[141,1216,170,1214,1215],"class_list":{"0":"post-5026","1":"product","2":"type-product","3":"status-publish","4":"has-post-thumbnail","6":"product_cat-herramientas-manuales","7":"product_cat-yato","8":"product_tag-dados","9":"product_tag-set-dados","10":"product_tag-yato","11":"product_tag-yt-05339","12":"product_tag-yt05339","14":"first","15":"instock","16":"shipping-taxable","17":"purchasable","18":"product-type-simple"},"_links":{"self":[{"href":"https:\/\/herramientasdetaller.cl\/index.php\/wp-json\/wp\/v2\/product\/5026","targetHints":{"allow":["GET"]}}],"collection":[{"href":"https:\/\/herramientasdetaller.cl\/index.php\/wp-json\/wp\/v2\/product"}],"about":[{"href":"https:\/\/herramientasdetaller.cl\/index.php\/wp-json\/wp\/v2\/types\/product"}],"replies":[{"embeddable":true,"href":"https:\/\/herramientasdetaller.cl\/index.php\/wp-json\/wp\/v2\/comments?post=5026"}],"wp:featuredmedia":[{"embeddable":true,"href":"https:\/\/herramientasdetaller.cl\/index.php\/wp-json\/wp\/v2\/media\/5027"}],"wp:attachment":[{"href":"https:\/\/herramientasdetaller.cl\/index.php\/wp-json\/wp\/v2\/media?parent=5026"}],"wp:term":[{"taxonomy":"product_brand","embeddable":true,"href":"https:\/\/herramientasdetaller.cl\/index.php\/wp-json\/wp\/v2\/product_brand?post=5026"},{"taxonomy":"product_cat","embeddable":true,"href":"https:\/\/herramientasdetaller.cl\/index.php\/wp-json\/wp\/v2\/product_cat?post=5026"},{"taxonomy":"product_tag","embeddable":true,"href":"https:\/\/herramientasdetaller.cl\/index.php\/wp-json\/wp\/v2\/product_tag?post=5026"}],"curies":[{"name":"wp","href":"https:\/\/api.w.org\/{rel}","templated":true}]}}