{"id":5048,"date":"2026-03-02T19:43:21","date_gmt":"2026-03-02T19:43:21","guid":{"rendered":"https:\/\/herramientasdetaller.cl\/?post_type=product&#038;p=5048"},"modified":"2026-03-02T19:43:32","modified_gmt":"2026-03-02T19:43:32","slug":"caja-porta-herramientas-desplegable-dim-56-x-26-x-34-mm","status":"publish","type":"product","link":"https:\/\/herramientasdetaller.cl\/index.php\/product\/caja-porta-herramientas-desplegable-dim-56-x-26-x-34-mm\/","title":{"rendered":"caja porta herramientas desplegable &#8211; dim: 56 x 26 x 34 mm"},"content":{"rendered":"<p>&nbsp;<\/p>\n<ul class=\"KsbFXc U6u95 Lem6n\" data-complete=\"true\" data-processed=\"true\">\n<li class=\"dF3vjf\" data-hveid=\"CAUQAQ\" data-complete=\"true\" data-sae=\"\"><span class=\"T286Pc\" data-sfc-cp=\"\" data-complete=\"true\"><strong class=\"Yjhzub\" data-complete=\"true\"><span class=\"N9Q8Lc\">Dise\u00f1o:<\/span><\/strong><span class=\"N9Q8Lc\">\u00a0Sistema desplegable de\u00a0<\/span><strong class=\"Yjhzub\" data-complete=\"true\"><span class=\"N9Q8Lc\">5 compartimentos<\/span><\/strong><span class=\"N9Q8Lc\">\u00a0o bandejas internas que permiten un acceso r\u00e1pido a todas las herramientas al abrirse.<\/span><\/span><\/li>\n<li class=\"dF3vjf\" data-hveid=\"CAUQAg\" data-complete=\"true\" data-sae=\"\"><span class=\"T286Pc\" data-sfc-cp=\"\" data-complete=\"true\"><strong class=\"Yjhzub\" data-complete=\"true\"><span class=\"N9Q8Lc\">Capacidad de Carga:<\/span><\/strong><span class=\"N9Q8Lc\">\u00a0El peso m\u00e1ximo recomendado es de\u00a0<\/span><strong class=\"Yjhzub\" data-complete=\"true\"><span class=\"N9Q8Lc\">5,5 kg<\/span><\/strong><span class=\"N9Q8Lc\">.<\/span><\/span><\/li>\n<li class=\"dF3vjf\" data-hveid=\"CAUQAw\" data-complete=\"true\" data-sae=\"\"><span class=\"T286Pc\" data-sfc-cp=\"\" data-complete=\"true\" aria-owns=\"action-menu-parent-container\"><strong class=\"Yjhzub\" data-complete=\"true\"><span class=\"N9Q8Lc\">Material:<\/span><\/strong><span class=\"N9Q8Lc\">Construcci\u00f3n s\u00f3lida de acero aleado (o aluminio en variantes espec\u00edficas como la YT-0881ZL) con asa de transporte ergon\u00f3mica.<\/span><\/span><\/li>\n<\/ul>\n","protected":false},"excerpt":{"rendered":"<p><img loading=\"lazy\" decoding=\"async\" class=\"alignnone wp-image-2196\" src=\"https:\/\/herramientasdetaller.cl\/wp-content\/uploads\/2021\/09\/YATO-300x263.jpg\" alt=\"\" width=\"160\" height=\"140\" srcset=\"https:\/\/herramientasdetaller.cl\/wp-content\/uploads\/2021\/09\/YATO-300x263.jpg 300w, https:\/\/herramientasdetaller.cl\/wp-content\/uploads\/2021\/09\/YATO-510x446.jpg 510w, https:\/\/herramientasdetaller.cl\/wp-content\/uploads\/2021\/09\/YATO-64x56.jpg 64w, https:\/\/herramientasdetaller.cl\/wp-content\/uploads\/2021\/09\/YATO-400x350.jpg 400w, https:\/\/herramientasdetaller.cl\/wp-content\/uploads\/2021\/09\/YATO-600x525.jpg 600w, https:\/\/herramientasdetaller.cl\/wp-content\/uploads\/2021\/09\/YATO.jpg 640w\" sizes=\"auto, (max-width: 160px) 100vw, 160px\" \/><\/p>\n","protected":false},"featured_media":5049,"comment_status":"open","ping_status":"closed","template":"","meta":{"_joinchat":[]},"product_brand":[],"product_cat":[108,403],"product_tag":[251,515,170,1229,1230],"class_list":{"0":"post-5048","1":"product","2":"type-product","3":"status-publish","4":"has-post-thumbnail","6":"product_cat-herramientas-manuales","7":"product_cat-yato","8":"product_tag-caja","9":"product_tag-porta-herramientas","10":"product_tag-yato","11":"product_tag-yt-0881","12":"product_tag-yt0881","14":"first","15":"instock","16":"shipping-taxable","17":"purchasable","18":"product-type-simple"},"_links":{"self":[{"href":"https:\/\/herramientasdetaller.cl\/index.php\/wp-json\/wp\/v2\/product\/5048","targetHints":{"allow":["GET"]}}],"collection":[{"href":"https:\/\/herramientasdetaller.cl\/index.php\/wp-json\/wp\/v2\/product"}],"about":[{"href":"https:\/\/herramientasdetaller.cl\/index.php\/wp-json\/wp\/v2\/types\/product"}],"replies":[{"embeddable":true,"href":"https:\/\/herramientasdetaller.cl\/index.php\/wp-json\/wp\/v2\/comments?post=5048"}],"wp:featuredmedia":[{"embeddable":true,"href":"https:\/\/herramientasdetaller.cl\/index.php\/wp-json\/wp\/v2\/media\/5049"}],"wp:attachment":[{"href":"https:\/\/herramientasdetaller.cl\/index.php\/wp-json\/wp\/v2\/media?parent=5048"}],"wp:term":[{"taxonomy":"product_brand","embeddable":true,"href":"https:\/\/herramientasdetaller.cl\/index.php\/wp-json\/wp\/v2\/product_brand?post=5048"},{"taxonomy":"product_cat","embeddable":true,"href":"https:\/\/herramientasdetaller.cl\/index.php\/wp-json\/wp\/v2\/product_cat?post=5048"},{"taxonomy":"product_tag","embeddable":true,"href":"https:\/\/herramientasdetaller.cl\/index.php\/wp-json\/wp\/v2\/product_tag?post=5048"}],"curies":[{"name":"wp","href":"https:\/\/api.w.org\/{rel}","templated":true}]}}