{"id":5052,"date":"2026-03-02T19:48:03","date_gmt":"2026-03-02T19:48:03","guid":{"rendered":"https:\/\/herramientasdetaller.cl\/?post_type=product&#038;p=5052"},"modified":"2026-03-02T19:48:03","modified_gmt":"2026-03-02T19:48:03","slug":"guantes-de-trabajo-blanco-10-nitrilo","status":"publish","type":"product","link":"https:\/\/herramientasdetaller.cl\/index.php\/product\/guantes-de-trabajo-blanco-10-nitrilo\/","title":{"rendered":"guantes de trabajo blanco 10&#8243; nitrilo"},"content":{"rendered":"<p>Guantes de trabajo protectores hechos de nylon blanco, recubiertos en la parte de agarre con nitrilo gris. Una capa de recubrimiento adecuadamente gruesa proporciona casi la resistencia m\u00e1s alta al desgaste seg\u00fan la norma EN 388. La ventaja adicional del nitrilo es la resistencia a la gasolina, di\u00e9sel, parafina, disolventes, grasas, etc. La construcci\u00f3n sin costuras de nylon de calidad b\u00e1sica garantiza una buena resistencia a la rotura y mantiene la elasticidad durante m\u00e1s tiempo.<\/p>\n<ul>\n<li>parte de agarre: recubrimiento de nitrilo<\/li>\n<li>parte superior: nylon<\/li>\n<li>costura: 13G<\/li>\n<li>pu\u00f1o el\u00e1stico<\/li>\n<\/ul>\n<p>&nbsp;<\/p>\n","protected":false},"excerpt":{"rendered":"<p><img loading=\"lazy\" decoding=\"async\" class=\"alignnone  wp-image-2196\" src=\"https:\/\/herramientasdetaller.cl\/wp-content\/uploads\/2021\/09\/YATO-300x263.jpg\" alt=\"\" width=\"160\" height=\"140\" srcset=\"https:\/\/herramientasdetaller.cl\/wp-content\/uploads\/2021\/09\/YATO-300x263.jpg 300w, https:\/\/herramientasdetaller.cl\/wp-content\/uploads\/2021\/09\/YATO-510x446.jpg 510w, https:\/\/herramientasdetaller.cl\/wp-content\/uploads\/2021\/09\/YATO-64x56.jpg 64w, https:\/\/herramientasdetaller.cl\/wp-content\/uploads\/2021\/09\/YATO-400x350.jpg 400w, https:\/\/herramientasdetaller.cl\/wp-content\/uploads\/2021\/09\/YATO-600x525.jpg 600w, https:\/\/herramientasdetaller.cl\/wp-content\/uploads\/2021\/09\/YATO.jpg 640w\" sizes=\"auto, (max-width: 160px) 100vw, 160px\" \/><\/p>\n","protected":false},"featured_media":5053,"comment_status":"open","ping_status":"closed","template":"","meta":{"_joinchat":[]},"product_brand":[],"product_cat":[108,403],"product_tag":[1233,1231,1232],"class_list":{"0":"post-5052","1":"product","2":"type-product","3":"status-publish","4":"has-post-thumbnail","6":"product_cat-herramientas-manuales","7":"product_cat-yato","8":"product_tag-guantes","9":"product_tag-yt-7474","10":"product_tag-yt7474","12":"first","13":"instock","14":"shipping-taxable","15":"purchasable","16":"product-type-simple"},"_links":{"self":[{"href":"https:\/\/herramientasdetaller.cl\/index.php\/wp-json\/wp\/v2\/product\/5052","targetHints":{"allow":["GET"]}}],"collection":[{"href":"https:\/\/herramientasdetaller.cl\/index.php\/wp-json\/wp\/v2\/product"}],"about":[{"href":"https:\/\/herramientasdetaller.cl\/index.php\/wp-json\/wp\/v2\/types\/product"}],"replies":[{"embeddable":true,"href":"https:\/\/herramientasdetaller.cl\/index.php\/wp-json\/wp\/v2\/comments?post=5052"}],"wp:featuredmedia":[{"embeddable":true,"href":"https:\/\/herramientasdetaller.cl\/index.php\/wp-json\/wp\/v2\/media\/5053"}],"wp:attachment":[{"href":"https:\/\/herramientasdetaller.cl\/index.php\/wp-json\/wp\/v2\/media?parent=5052"}],"wp:term":[{"taxonomy":"product_brand","embeddable":true,"href":"https:\/\/herramientasdetaller.cl\/index.php\/wp-json\/wp\/v2\/product_brand?post=5052"},{"taxonomy":"product_cat","embeddable":true,"href":"https:\/\/herramientasdetaller.cl\/index.php\/wp-json\/wp\/v2\/product_cat?post=5052"},{"taxonomy":"product_tag","embeddable":true,"href":"https:\/\/herramientasdetaller.cl\/index.php\/wp-json\/wp\/v2\/product_tag?post=5052"}],"curies":[{"name":"wp","href":"https:\/\/api.w.org\/{rel}","templated":true}]}}