{"id":5065,"date":"2026-03-02T20:14:10","date_gmt":"2026-03-02T20:14:10","guid":{"rendered":"https:\/\/herramientasdetaller.cl\/?post_type=product&#038;p=5065"},"modified":"2026-03-02T20:17:51","modified_gmt":"2026-03-02T20:17:51","slug":"set-extractor-de-tornillo-3-8-10pcs","status":"publish","type":"product","link":"https:\/\/herramientasdetaller.cl\/index.php\/product\/set-extractor-de-tornillo-3-8-10pcs\/","title":{"rendered":"set extractor de tornillo 3\/8  10pcs"},"content":{"rendered":"<ul>\n<li>El juego de extractores de tornillos est\u00e1 hecho de acero al cromo molibdeno CrMo con una alta dureza de 52-55 HRC<\/li>\n<li>Las copas est\u00e1n dise\u00f1adas para aflojar tornillos y tuercas atascados. Tambi\u00e9n se pueden utilizar para desenroscar tornillos y tuercas da\u00f1ados. Se pueden utilizar copas para aflojar tornillos y tuercas con rosca a la derecha.<\/li>\n<li>Las copas para tornillos mecanizados y da\u00f1ados, tuercas en los tama\u00f1os 10, 11, 12, 13, 14, 15, 16, 17 y 19 mm tienen una forma especial que permite encajar en el tornillo o tuerca da\u00f1ados, gracias a lo cual se desenrosca la parte da\u00f1ada. .<\/li>\n<li>Los enchufes cooperan con un trinquete de 3\/8 &#8220;, lo que permite un control m\u00e1s preciso de la fuerza de desenroscado que en el caso del<\/li>\n<li>trinquete de 1\/2&#8243; .<\/li>\n<li>El producto facilita el trabajo en los servicios mec\u00e1nicos y automotrices profesionales, permite acortar el tiempo de trabajo y protege otros elementos de la conexi\u00f3n roscada contra da\u00f1os.<\/li>\n<\/ul>\n<ul>\n<li>Tipo:\u00a0Extractor Tuercas Barridas 3\/8 Pulgadas 10 Piezas<\/li>\n<li>Dimensiones: 10, 11, 12, 13, 14, 15, 16, 17 y 19 mm<\/li>\n<\/ul>\n","protected":false},"excerpt":{"rendered":"<p><img loading=\"lazy\" decoding=\"async\" class=\"alignnone wp-image-2196\" src=\"https:\/\/herramientasdetaller.cl\/wp-content\/uploads\/2021\/09\/YATO-300x263.jpg\" alt=\"\" width=\"160\" height=\"140\" srcset=\"https:\/\/herramientasdetaller.cl\/wp-content\/uploads\/2021\/09\/YATO-300x263.jpg 300w, https:\/\/herramientasdetaller.cl\/wp-content\/uploads\/2021\/09\/YATO-510x446.jpg 510w, https:\/\/herramientasdetaller.cl\/wp-content\/uploads\/2021\/09\/YATO-64x56.jpg 64w, https:\/\/herramientasdetaller.cl\/wp-content\/uploads\/2021\/09\/YATO-400x350.jpg 400w, https:\/\/herramientasdetaller.cl\/wp-content\/uploads\/2021\/09\/YATO-600x525.jpg 600w, https:\/\/herramientasdetaller.cl\/wp-content\/uploads\/2021\/09\/YATO.jpg 640w\" sizes=\"auto, (max-width: 160px) 100vw, 160px\" \/><\/p>\n","protected":false},"featured_media":5066,"comment_status":"open","ping_status":"closed","template":"","meta":{"_joinchat":[]},"product_brand":[],"product_cat":[108,403],"product_tag":[260,170,1242,1243],"class_list":{"0":"post-5065","1":"product","2":"type-product","3":"status-publish","4":"has-post-thumbnail","6":"product_cat-herramientas-manuales","7":"product_cat-yato","8":"product_tag-extractor","9":"product_tag-yato","10":"product_tag-yt-0603","11":"product_tag-yt0603","13":"first","14":"instock","15":"shipping-taxable","16":"purchasable","17":"product-type-simple"},"_links":{"self":[{"href":"https:\/\/herramientasdetaller.cl\/index.php\/wp-json\/wp\/v2\/product\/5065","targetHints":{"allow":["GET"]}}],"collection":[{"href":"https:\/\/herramientasdetaller.cl\/index.php\/wp-json\/wp\/v2\/product"}],"about":[{"href":"https:\/\/herramientasdetaller.cl\/index.php\/wp-json\/wp\/v2\/types\/product"}],"replies":[{"embeddable":true,"href":"https:\/\/herramientasdetaller.cl\/index.php\/wp-json\/wp\/v2\/comments?post=5065"}],"wp:featuredmedia":[{"embeddable":true,"href":"https:\/\/herramientasdetaller.cl\/index.php\/wp-json\/wp\/v2\/media\/5066"}],"wp:attachment":[{"href":"https:\/\/herramientasdetaller.cl\/index.php\/wp-json\/wp\/v2\/media?parent=5065"}],"wp:term":[{"taxonomy":"product_brand","embeddable":true,"href":"https:\/\/herramientasdetaller.cl\/index.php\/wp-json\/wp\/v2\/product_brand?post=5065"},{"taxonomy":"product_cat","embeddable":true,"href":"https:\/\/herramientasdetaller.cl\/index.php\/wp-json\/wp\/v2\/product_cat?post=5065"},{"taxonomy":"product_tag","embeddable":true,"href":"https:\/\/herramientasdetaller.cl\/index.php\/wp-json\/wp\/v2\/product_tag?post=5065"}],"curies":[{"name":"wp","href":"https:\/\/api.w.org\/{rel}","templated":true}]}}