{"id":5081,"date":"2026-03-04T11:39:56","date_gmt":"2026-03-04T11:39:56","guid":{"rendered":"https:\/\/herramientasdetaller.cl\/?post_type=product&#038;p=5081"},"modified":"2026-03-04T11:39:56","modified_gmt":"2026-03-04T11:39:56","slug":"guantes-de-trabajo-10","status":"publish","type":"product","link":"https:\/\/herramientasdetaller.cl\/index.php\/product\/guantes-de-trabajo-10\/","title":{"rendered":"guantes de trabajo 10&#8243;"},"content":{"rendered":"<p><span dir=\"auto\">Guantes de trabajo de protecci\u00f3n fabricados en nailon negro, con revestimiento de poliuretano negro en la zona de la empu\u00f1adura. Su revestimiento, m\u00e1s grueso de lo habitual, y el poliuretano de alta calidad proporcionan la m\u00e1xima resistencia a la abrasi\u00f3n seg\u00fan la norma EN 388. Su construcci\u00f3n sin costuras de nailon de alta calidad aumenta la resistencia al desgarro y mantiene la flexibilidad durante m\u00e1s tiempo. La puntada fina de 15G (15 puntadas por pulgada) se traduce en un peso m\u00e1s ligero y una mejor adherencia a la mano.<\/span><\/p>\n<ul>\n<li><span dir=\"auto\">Parte de agarre: revestimiento de PU<\/span><\/li>\n<li><span dir=\"auto\">parte superior: nailon<\/span><\/li>\n<li><span dir=\"auto\">puntada:\u00a0<\/span><strong><span dir=\"auto\">15G<\/span><\/strong><\/li>\n<li><span dir=\"auto\">pu\u00f1o el\u00e1stico<\/span><\/li>\n<\/ul>\n","protected":false},"excerpt":{"rendered":"<p><img loading=\"lazy\" decoding=\"async\" class=\"alignnone  wp-image-2196\" src=\"https:\/\/herramientasdetaller.cl\/wp-content\/uploads\/2021\/09\/YATO-300x263.jpg\" alt=\"\" width=\"160\" height=\"140\" srcset=\"https:\/\/herramientasdetaller.cl\/wp-content\/uploads\/2021\/09\/YATO-300x263.jpg 300w, https:\/\/herramientasdetaller.cl\/wp-content\/uploads\/2021\/09\/YATO-510x446.jpg 510w, https:\/\/herramientasdetaller.cl\/wp-content\/uploads\/2021\/09\/YATO-64x56.jpg 64w, https:\/\/herramientasdetaller.cl\/wp-content\/uploads\/2021\/09\/YATO-400x350.jpg 400w, https:\/\/herramientasdetaller.cl\/wp-content\/uploads\/2021\/09\/YATO-600x525.jpg 600w, https:\/\/herramientasdetaller.cl\/wp-content\/uploads\/2021\/09\/YATO.jpg 640w\" sizes=\"auto, (max-width: 160px) 100vw, 160px\" \/><\/p>\n","protected":false},"featured_media":5082,"comment_status":"open","ping_status":"closed","template":"","meta":{"_joinchat":[]},"product_brand":[],"product_cat":[108,403],"product_tag":[1233,170,1249,1250],"class_list":{"0":"post-5081","1":"product","2":"type-product","3":"status-publish","4":"has-post-thumbnail","6":"product_cat-herramientas-manuales","7":"product_cat-yato","8":"product_tag-guantes","9":"product_tag-yato","10":"product_tag-yt-7473","11":"product_tag-yt7473","13":"first","14":"instock","15":"shipping-taxable","16":"purchasable","17":"product-type-simple"},"_links":{"self":[{"href":"https:\/\/herramientasdetaller.cl\/index.php\/wp-json\/wp\/v2\/product\/5081","targetHints":{"allow":["GET"]}}],"collection":[{"href":"https:\/\/herramientasdetaller.cl\/index.php\/wp-json\/wp\/v2\/product"}],"about":[{"href":"https:\/\/herramientasdetaller.cl\/index.php\/wp-json\/wp\/v2\/types\/product"}],"replies":[{"embeddable":true,"href":"https:\/\/herramientasdetaller.cl\/index.php\/wp-json\/wp\/v2\/comments?post=5081"}],"wp:featuredmedia":[{"embeddable":true,"href":"https:\/\/herramientasdetaller.cl\/index.php\/wp-json\/wp\/v2\/media\/5082"}],"wp:attachment":[{"href":"https:\/\/herramientasdetaller.cl\/index.php\/wp-json\/wp\/v2\/media?parent=5081"}],"wp:term":[{"taxonomy":"product_brand","embeddable":true,"href":"https:\/\/herramientasdetaller.cl\/index.php\/wp-json\/wp\/v2\/product_brand?post=5081"},{"taxonomy":"product_cat","embeddable":true,"href":"https:\/\/herramientasdetaller.cl\/index.php\/wp-json\/wp\/v2\/product_cat?post=5081"},{"taxonomy":"product_tag","embeddable":true,"href":"https:\/\/herramientasdetaller.cl\/index.php\/wp-json\/wp\/v2\/product_tag?post=5081"}],"curies":[{"name":"wp","href":"https:\/\/api.w.org\/{rel}","templated":true}]}}