{"id":5129,"date":"2026-03-04T14:53:01","date_gmt":"2026-03-04T14:53:01","guid":{"rendered":"https:\/\/herramientasdetaller.cl\/?post_type=product&#038;p=5129"},"modified":"2026-03-04T14:53:01","modified_gmt":"2026-03-04T14:53:01","slug":"pantalon-de-trabajo-duero-talla-xxl","status":"publish","type":"product","link":"https:\/\/herramientasdetaller.cl\/index.php\/product\/pantalon-de-trabajo-duero-talla-xxl\/","title":{"rendered":"pantalon de trabajo duero talla XXL"},"content":{"rendered":"<ul class=\"a-unordered-list a-vertical a-spacing-small\">\n<li><span class=\"a-list-item a-size-base a-color-base\"><span dir=\"auto\">Para protecci\u00f3n durante la construcci\u00f3n, trabajos de transporte y trabajos mec\u00e1nicos<\/span><\/span><\/li>\n<li><span class=\"a-list-item a-size-base a-color-base\"><span dir=\"auto\">Bolsillo para martillo, cinta de lino, costuras triples en las perneras del pantal\u00f3n, el\u00e1stico fruncido cosido en la cinturilla.<\/span><\/span><\/li>\n<li><span class=\"a-list-item a-size-base a-color-base\"><span dir=\"auto\">Alta resistencia a la abrasi\u00f3n.<\/span><\/span><\/li>\n<li><span class=\"a-list-item a-size-base a-color-base\"><span dir=\"auto\">Reforzado en zonas propensas a agrietarse.<\/span><\/span><\/li>\n<li><span class=\"a-list-item a-size-base a-color-base\"><span dir=\"auto\">Refuerzos en las rodillas<\/span><\/span><\/li>\n<\/ul>\n","protected":false},"excerpt":{"rendered":"<p><img loading=\"lazy\" decoding=\"async\" class=\"alignnone  wp-image-2196\" src=\"https:\/\/herramientasdetaller.cl\/wp-content\/uploads\/2021\/09\/YATO-300x263.jpg\" alt=\"\" width=\"160\" height=\"140\" srcset=\"https:\/\/herramientasdetaller.cl\/wp-content\/uploads\/2021\/09\/YATO-300x263.jpg 300w, https:\/\/herramientasdetaller.cl\/wp-content\/uploads\/2021\/09\/YATO-510x446.jpg 510w, https:\/\/herramientasdetaller.cl\/wp-content\/uploads\/2021\/09\/YATO-64x56.jpg 64w, https:\/\/herramientasdetaller.cl\/wp-content\/uploads\/2021\/09\/YATO-400x350.jpg 400w, https:\/\/herramientasdetaller.cl\/wp-content\/uploads\/2021\/09\/YATO-600x525.jpg 600w, https:\/\/herramientasdetaller.cl\/wp-content\/uploads\/2021\/09\/YATO.jpg 640w\" sizes=\"auto, (max-width: 160px) 100vw, 160px\" \/><\/p>\n","protected":false},"featured_media":5130,"comment_status":"open","ping_status":"closed","template":"","meta":{"_joinchat":[]},"product_brand":[],"product_cat":[108,403],"product_tag":[415,448,170,1279,1280],"class_list":{"0":"post-5129","1":"product","2":"type-product","3":"status-publish","4":"has-post-thumbnail","6":"product_cat-herramientas-manuales","7":"product_cat-yato","8":"product_tag-pantalon","9":"product_tag-ropa-de-trabajo","10":"product_tag-yato","11":"product_tag-yt-8029","12":"product_tag-yt8029","14":"first","15":"instock","16":"shipping-taxable","17":"purchasable","18":"product-type-simple"},"_links":{"self":[{"href":"https:\/\/herramientasdetaller.cl\/index.php\/wp-json\/wp\/v2\/product\/5129","targetHints":{"allow":["GET"]}}],"collection":[{"href":"https:\/\/herramientasdetaller.cl\/index.php\/wp-json\/wp\/v2\/product"}],"about":[{"href":"https:\/\/herramientasdetaller.cl\/index.php\/wp-json\/wp\/v2\/types\/product"}],"replies":[{"embeddable":true,"href":"https:\/\/herramientasdetaller.cl\/index.php\/wp-json\/wp\/v2\/comments?post=5129"}],"wp:featuredmedia":[{"embeddable":true,"href":"https:\/\/herramientasdetaller.cl\/index.php\/wp-json\/wp\/v2\/media\/5130"}],"wp:attachment":[{"href":"https:\/\/herramientasdetaller.cl\/index.php\/wp-json\/wp\/v2\/media?parent=5129"}],"wp:term":[{"taxonomy":"product_brand","embeddable":true,"href":"https:\/\/herramientasdetaller.cl\/index.php\/wp-json\/wp\/v2\/product_brand?post=5129"},{"taxonomy":"product_cat","embeddable":true,"href":"https:\/\/herramientasdetaller.cl\/index.php\/wp-json\/wp\/v2\/product_cat?post=5129"},{"taxonomy":"product_tag","embeddable":true,"href":"https:\/\/herramientasdetaller.cl\/index.php\/wp-json\/wp\/v2\/product_tag?post=5129"}],"curies":[{"name":"wp","href":"https:\/\/api.w.org\/{rel}","templated":true}]}}