{"id":5154,"date":"2026-03-04T17:52:39","date_gmt":"2026-03-04T17:52:39","guid":{"rendered":"https:\/\/herramientasdetaller.cl\/?post_type=product&#038;p=5154"},"modified":"2026-03-04T17:52:39","modified_gmt":"2026-03-04T17:52:39","slug":"llave-de-cinta-para-filtros-300mm","status":"publish","type":"product","link":"https:\/\/herramientasdetaller.cl\/index.php\/product\/llave-de-cinta-para-filtros-300mm\/","title":{"rendered":"llave de cinta para filtros 300MM"},"content":{"rendered":"<p>El uso de una\u00a0<strong>correa de nylon<\/strong>\u00a0muy fuerte y duradera con una longitud de\u00a0<strong>825 mm\u00a0<\/strong>y una anchura de\u00a0<strong>28 mm\u00a0<\/strong>permite desatornillar tubos con un di\u00e1metro de hasta\u00a0<strong>200 mm (8&#8243;)<\/strong>.<\/p>\n<p>El mango de la llave es\u00a0<strong>de una aleaci\u00f3n de aluminio<\/strong>\u00a0ligera pero muy resistente, con una longitud de\u00a0<strong>300 mm (12&#8243;).<\/strong><br \/>\n<strong>Est\u00e1 recubierta de polvo para una<\/strong>\u00a0protecci\u00f3n anticorrosi\u00f3n muy duradera y es resistente a golpes y ara\u00f1azos.<\/p>\n","protected":false},"excerpt":{"rendered":"<p><img loading=\"lazy\" decoding=\"async\" class=\"alignnone  wp-image-2196\" src=\"https:\/\/herramientasdetaller.cl\/wp-content\/uploads\/2021\/09\/YATO-300x263.jpg\" alt=\"\" width=\"161\" height=\"141\" srcset=\"https:\/\/herramientasdetaller.cl\/wp-content\/uploads\/2021\/09\/YATO-300x263.jpg 300w, https:\/\/herramientasdetaller.cl\/wp-content\/uploads\/2021\/09\/YATO-510x446.jpg 510w, https:\/\/herramientasdetaller.cl\/wp-content\/uploads\/2021\/09\/YATO-64x56.jpg 64w, https:\/\/herramientasdetaller.cl\/wp-content\/uploads\/2021\/09\/YATO-400x350.jpg 400w, https:\/\/herramientasdetaller.cl\/wp-content\/uploads\/2021\/09\/YATO-600x525.jpg 600w, https:\/\/herramientasdetaller.cl\/wp-content\/uploads\/2021\/09\/YATO.jpg 640w\" sizes=\"auto, (max-width: 161px) 100vw, 161px\" \/><\/p>\n","protected":false},"featured_media":5155,"comment_status":"open","ping_status":"closed","template":"","meta":{"_joinchat":[]},"product_brand":[],"product_cat":[108,403],"product_tag":[164,170,1302,1303],"class_list":{"0":"post-5154","1":"product","2":"type-product","3":"status-publish","4":"has-post-thumbnail","6":"product_cat-herramientas-manuales","7":"product_cat-yato","8":"product_tag-llave","9":"product_tag-yato","10":"product_tag-yt-22255","11":"product_tag-yt22255","13":"first","14":"instock","15":"shipping-taxable","16":"purchasable","17":"product-type-simple"},"_links":{"self":[{"href":"https:\/\/herramientasdetaller.cl\/index.php\/wp-json\/wp\/v2\/product\/5154","targetHints":{"allow":["GET"]}}],"collection":[{"href":"https:\/\/herramientasdetaller.cl\/index.php\/wp-json\/wp\/v2\/product"}],"about":[{"href":"https:\/\/herramientasdetaller.cl\/index.php\/wp-json\/wp\/v2\/types\/product"}],"replies":[{"embeddable":true,"href":"https:\/\/herramientasdetaller.cl\/index.php\/wp-json\/wp\/v2\/comments?post=5154"}],"wp:featuredmedia":[{"embeddable":true,"href":"https:\/\/herramientasdetaller.cl\/index.php\/wp-json\/wp\/v2\/media\/5155"}],"wp:attachment":[{"href":"https:\/\/herramientasdetaller.cl\/index.php\/wp-json\/wp\/v2\/media?parent=5154"}],"wp:term":[{"taxonomy":"product_brand","embeddable":true,"href":"https:\/\/herramientasdetaller.cl\/index.php\/wp-json\/wp\/v2\/product_brand?post=5154"},{"taxonomy":"product_cat","embeddable":true,"href":"https:\/\/herramientasdetaller.cl\/index.php\/wp-json\/wp\/v2\/product_cat?post=5154"},{"taxonomy":"product_tag","embeddable":true,"href":"https:\/\/herramientasdetaller.cl\/index.php\/wp-json\/wp\/v2\/product_tag?post=5154"}],"curies":[{"name":"wp","href":"https:\/\/api.w.org\/{rel}","templated":true}]}}