{"id":5159,"date":"2026-03-04T18:03:49","date_gmt":"2026-03-04T18:03:49","guid":{"rendered":"https:\/\/herramientasdetaller.cl\/?post_type=product&#038;p=5159"},"modified":"2026-03-04T18:03:50","modified_gmt":"2026-03-04T18:03:50","slug":"dado-hexagonal-corto-3-4-22mm","status":"publish","type":"product","link":"https:\/\/herramientasdetaller.cl\/index.php\/product\/dado-hexagonal-corto-3-4-22mm\/","title":{"rendered":"dado hexagonal corto 3\/4&#8243; 22MM"},"content":{"rendered":"<p>Est\u00e1n dise\u00f1ados para cargas altas y cerraduras de conducci\u00f3n, por lo que son duraderas. Est\u00e1n fabricados con cromo vanadio de alta calidad con un acabado chapado en cromo.<\/p>\n<p>Especificaciones y caracter\u00edsticas: construcci\u00f3n de cromo vanadio. Duradero. Adecuado para la industria, estaciones de servicio de autom\u00f3viles y talleres. F\u00e1cil de usar. El dise\u00f1o hexagonal proporciona una gran \u00e1rea de contacto<\/p>\n<p>AS-DriveLegnth: 19 mm &#8211; 29 mm. Peso: 229 g &#8211; 302 g<\/p>\n","protected":false},"excerpt":{"rendered":"<p><img loading=\"lazy\" decoding=\"async\" class=\"alignnone  wp-image-2196\" src=\"https:\/\/herramientasdetaller.cl\/wp-content\/uploads\/2021\/09\/YATO-300x263.jpg\" alt=\"\" width=\"160\" height=\"140\" srcset=\"https:\/\/herramientasdetaller.cl\/wp-content\/uploads\/2021\/09\/YATO-300x263.jpg 300w, https:\/\/herramientasdetaller.cl\/wp-content\/uploads\/2021\/09\/YATO-510x446.jpg 510w, https:\/\/herramientasdetaller.cl\/wp-content\/uploads\/2021\/09\/YATO-64x56.jpg 64w, https:\/\/herramientasdetaller.cl\/wp-content\/uploads\/2021\/09\/YATO-400x350.jpg 400w, https:\/\/herramientasdetaller.cl\/wp-content\/uploads\/2021\/09\/YATO-600x525.jpg 600w, https:\/\/herramientasdetaller.cl\/wp-content\/uploads\/2021\/09\/YATO.jpg 640w\" sizes=\"auto, (max-width: 160px) 100vw, 160px\" \/><\/p>\n","protected":false},"featured_media":5160,"comment_status":"open","ping_status":"closed","template":"","meta":{"_joinchat":[]},"product_brand":[],"product_cat":[108,403],"product_tag":[422,170,1306,1307],"class_list":{"0":"post-5159","1":"product","2":"type-product","3":"status-publish","4":"has-post-thumbnail","6":"product_cat-herramientas-manuales","7":"product_cat-yato","8":"product_tag-dado","9":"product_tag-yato","10":"product_tag-yt-1303","11":"product_tag-yt1303","13":"first","14":"instock","15":"shipping-taxable","16":"purchasable","17":"product-type-simple"},"_links":{"self":[{"href":"https:\/\/herramientasdetaller.cl\/index.php\/wp-json\/wp\/v2\/product\/5159","targetHints":{"allow":["GET"]}}],"collection":[{"href":"https:\/\/herramientasdetaller.cl\/index.php\/wp-json\/wp\/v2\/product"}],"about":[{"href":"https:\/\/herramientasdetaller.cl\/index.php\/wp-json\/wp\/v2\/types\/product"}],"replies":[{"embeddable":true,"href":"https:\/\/herramientasdetaller.cl\/index.php\/wp-json\/wp\/v2\/comments?post=5159"}],"wp:featuredmedia":[{"embeddable":true,"href":"https:\/\/herramientasdetaller.cl\/index.php\/wp-json\/wp\/v2\/media\/5160"}],"wp:attachment":[{"href":"https:\/\/herramientasdetaller.cl\/index.php\/wp-json\/wp\/v2\/media?parent=5159"}],"wp:term":[{"taxonomy":"product_brand","embeddable":true,"href":"https:\/\/herramientasdetaller.cl\/index.php\/wp-json\/wp\/v2\/product_brand?post=5159"},{"taxonomy":"product_cat","embeddable":true,"href":"https:\/\/herramientasdetaller.cl\/index.php\/wp-json\/wp\/v2\/product_cat?post=5159"},{"taxonomy":"product_tag","embeddable":true,"href":"https:\/\/herramientasdetaller.cl\/index.php\/wp-json\/wp\/v2\/product_tag?post=5159"}],"curies":[{"name":"wp","href":"https:\/\/api.w.org\/{rel}","templated":true}]}}