{"id":5185,"date":"2026-03-04T20:03:29","date_gmt":"2026-03-04T20:03:29","guid":{"rendered":"https:\/\/herramientasdetaller.cl\/?post_type=product&#038;p=5185"},"modified":"2026-03-04T20:03:29","modified_gmt":"2026-03-04T20:03:29","slug":"llave-impacto-inal-brush-850nm-1-2-1bat-x4ah","status":"publish","type":"product","link":"https:\/\/herramientasdetaller.cl\/index.php\/product\/llave-impacto-inal-brush-850nm-1-2-1bat-x4ah\/","title":{"rendered":"llave impacto inal. brush 850NM 1\/2&#8243; 1BAT.X4AH"},"content":{"rendered":"<div class=\"ui-pdp-container ui-pdp-container--pdp\">\n<div id=\"ui-pdp-main-container\" class=\"ui-pdp-container__row ui-pdp--relative ui-pdp-with--separator--fluid pb-40\">\n<div class=\"ui-pdp-container__col col-3 ui-pdp-container--column-center pb-40\">\n<div class=\"ui-pdp-container__row\">\n<div class=\"ui-pdp-container__col col-1 pl-24 pr-24\">\n<div class=\"ui-pdp-collapsable mt-24 ui-pdp-description-collapse\">\n<div class=\"ui-pdp-collapsable__container\">\n<div id=\"description\" class=\"ui-pdp-description\">\n<p class=\"ui-pdp-description__content\" data-testid=\"content\">Caracter\u00edsticas: &#8211; Encastre de 1\/2&#8243;. &#8211; Motor BRUSHLESS sin carbones &#8211; Control de velocidad preciso en el interruptor (potenci\u00f3metro). &#8211; Control de torque con dos niveles de potencia mediante bot\u00f3n smart. &#8211; Desenroscado smart opcional con dos niveles: pulso o continuo. &#8211; Interruptor de rotaci\u00f3n derecha \/ izquierda. &#8211; Freno de husillo. &#8211; Caja de engranajes de metal (dureza de los dientes: 53-56 HRC). &#8211; Cuerpo duradero de goma hecha de poliamida reforzada con fibra de vidrio. &#8211; Mango ergon\u00f3mico. &#8211; Doble Indicador de carga, en el cuerpo y la bater\u00eda. &#8211; Protecci\u00f3n contra sobrecalentamiento de la celda de la bater\u00eda. &#8211; Funciona con una bater\u00eda de litio, que coincide con toda la serie de dispositivos Inal\u00e1mbricos Yato 18V.Cuerpo duradero de goma y fibra de vidrio reforzado con poliamida. Par de apriete m\u00e1ximo de 850 Nm. Velocidad de giro 2350 rpm. Frecuencia de impactos: 2600 1\/min Contenido del paquete:- 1 Llave de impacto 850Nm. &#8211; 1 Dados impacto de 22 mm. &#8211; 1 Bater\u00edas de iones de litio de 18V, 4Ah. &#8211; 1 Cargador de pared, carga completa en 2 hora para bater\u00edas de 4.0Ah. &#8211; 1 Bolso transporte Yato. &#8211; 1 Manual multi-Idiomas.<\/p>\n<\/div>\n<\/div>\n<\/div>\n<\/div>\n<\/div>\n<div class=\"ui-pdp-container__row\">\n<div class=\"ui-pdp-container__col col-1\"><\/div>\n<\/div>\n<div class=\"ui-pdp-container__row ui-pdp-recommendations-row\">\n<div class=\"ui-pdp-container__col col-1\">\n<div class=\"ui-pdp-spot-middle\"><\/div>\n<\/div>\n<\/div>\n<\/div>\n<div class=\"ui-pdp-container__col col-1 ui-pdp-container--column-right mt-24 mr-8 pr-16\">\n<div class=\"ui-pdp-container__row\"><\/div>\n<div class=\"ui-pdp-container__row\">\n<div class=\"ui-pdp-container__row ui-pdp-component-list mt-24\"><\/div>\n<\/div>\n<div class=\"ui-pdp-container__row\"><\/div>\n<\/div>\n<\/div>\n<div class=\"ui-pdp-container__row\">\n<div class=\"ui-pdp-container__col col-3\">\n<div class=\"ui-pdp-container__row ui-pdp-container__comparator\">\n<div class=\"ui-pdp-container__col col-1 pl-24 pr-24\"><\/div>\n<\/div>\n<\/div>\n<\/div>\n<div id=\"ui-pdp-main-container\" class=\"ui-pdp-container__row\">\n<div class=\"ui-pdp-container__col col-3\">\n<div class=\"ui-pdp-container__row\">\n<div class=\"ui-pdp-container__col col-1\"><\/div>\n<\/div>\n<div class=\"ui-pdp-container__row\">\n<div class=\"ui-pdp-container__col col-1\"><\/div>\n<\/div>\n<\/div>\n<div class=\"ui-pdp-container__col col-1 ui-pdp-container--column-right ui-pdp-container--column-right-bottom mr-8 pr-16\">\n<div class=\"ui-pdp-container__row\"><\/div>\n<\/div>\n<\/div>\n<div class=\"ui-pdp-container__row\">\n<div class=\"ui-pdp-container__col col-1\"><\/div>\n<\/div>\n<\/div>\n<div class=\"ui-pdp-container\">\n<div><\/div>\n<\/div>\n<div class=\"ui-pdp-container ui-vip-core ui-pdp-container--bottom\">\n<div class=\"ui-pdp-extended-menu\">\n<div id=\"_R_9e9tbae_\" class=\"andes-card andes-card--flat andes-card--primary andes-card--padding-24\" data-andes-card=\"true\" data-andes-card-hierarchy=\"primary\">\n<div class=\"andes-card__overlap\">\n<div class=\"andes-card__content\" data-andes-card-content=\"true\">\n<div class=\"seo-ui-extended-menu\">\n<div class=\"seo-ui-extended-menu__header\"><\/div>\n<\/div>\n<\/div>\n<\/div>\n<\/div>\n<\/div>\n<\/div>\n","protected":false},"excerpt":{"rendered":"<p><img loading=\"lazy\" decoding=\"async\" class=\"alignnone wp-image-2196\" src=\"https:\/\/herramientasdetaller.cl\/wp-content\/uploads\/2021\/09\/YATO-300x263.jpg\" alt=\"\" width=\"160\" height=\"140\" srcset=\"https:\/\/herramientasdetaller.cl\/wp-content\/uploads\/2021\/09\/YATO-300x263.jpg 300w, https:\/\/herramientasdetaller.cl\/wp-content\/uploads\/2021\/09\/YATO-510x446.jpg 510w, https:\/\/herramientasdetaller.cl\/wp-content\/uploads\/2021\/09\/YATO-64x56.jpg 64w, https:\/\/herramientasdetaller.cl\/wp-content\/uploads\/2021\/09\/YATO-400x350.jpg 400w, https:\/\/herramientasdetaller.cl\/wp-content\/uploads\/2021\/09\/YATO-600x525.jpg 600w, https:\/\/herramientasdetaller.cl\/wp-content\/uploads\/2021\/09\/YATO.jpg 640w\" sizes=\"auto, (max-width: 160px) 100vw, 160px\" \/><\/p>\n","protected":false},"featured_media":5186,"comment_status":"open","ping_status":"closed","template":"","meta":{"_joinchat":[]},"product_brand":[],"product_cat":[108,403],"product_tag":[1336,170,1334,1335],"class_list":{"0":"post-5185","1":"product","2":"type-product","3":"status-publish","4":"has-post-thumbnail","6":"product_cat-herramientas-manuales","7":"product_cat-yato","8":"product_tag-llave-impacto","9":"product_tag-yato","10":"product_tag-yt-8277935","11":"product_tag-yt8277935","13":"first","14":"instock","15":"shipping-taxable","16":"purchasable","17":"product-type-simple"},"_links":{"self":[{"href":"https:\/\/herramientasdetaller.cl\/index.php\/wp-json\/wp\/v2\/product\/5185","targetHints":{"allow":["GET"]}}],"collection":[{"href":"https:\/\/herramientasdetaller.cl\/index.php\/wp-json\/wp\/v2\/product"}],"about":[{"href":"https:\/\/herramientasdetaller.cl\/index.php\/wp-json\/wp\/v2\/types\/product"}],"replies":[{"embeddable":true,"href":"https:\/\/herramientasdetaller.cl\/index.php\/wp-json\/wp\/v2\/comments?post=5185"}],"wp:featuredmedia":[{"embeddable":true,"href":"https:\/\/herramientasdetaller.cl\/index.php\/wp-json\/wp\/v2\/media\/5186"}],"wp:attachment":[{"href":"https:\/\/herramientasdetaller.cl\/index.php\/wp-json\/wp\/v2\/media?parent=5185"}],"wp:term":[{"taxonomy":"product_brand","embeddable":true,"href":"https:\/\/herramientasdetaller.cl\/index.php\/wp-json\/wp\/v2\/product_brand?post=5185"},{"taxonomy":"product_cat","embeddable":true,"href":"https:\/\/herramientasdetaller.cl\/index.php\/wp-json\/wp\/v2\/product_cat?post=5185"},{"taxonomy":"product_tag","embeddable":true,"href":"https:\/\/herramientasdetaller.cl\/index.php\/wp-json\/wp\/v2\/product_tag?post=5185"}],"curies":[{"name":"wp","href":"https:\/\/api.w.org\/{rel}","templated":true}]}}