{"id":5200,"date":"2026-03-05T12:47:02","date_gmt":"2026-03-05T12:47:02","guid":{"rendered":"https:\/\/herramientasdetaller.cl\/?post_type=product&#038;p=5200"},"modified":"2026-03-05T12:47:02","modified_gmt":"2026-03-05T12:47:02","slug":"llave-stillson-l250mm-1","status":"publish","type":"product","link":"https:\/\/herramientasdetaller.cl\/index.php\/product\/llave-stillson-l250mm-1\/","title":{"rendered":"llave stillson L250MM 1&#8243;"},"content":{"rendered":"<ul class=\"frame-desc-text body-small\">\n<li>Cuerpo fabricado en hierro d\u00factil con una dureza de HRC 40 &#8211; 49 que garantiza una resistencia excepcional a deformaciones y da\u00f1os<\/li>\n<li>Mordazas fuertes y estriadas de acero cromo-molibdeno (CrMo) con una dureza de HRC 55 &#8211; 60 que aseguran un agarre firme y una larga vida \u00fatil de la herramienta<\/li>\n<li>Ideal para una amplia gama de trabajos en construcci\u00f3n, industria y servicios hidr\u00e1ulicos profesionales<\/li>\n<li>La tecnolog\u00eda de fabricaci\u00f3n forjada garantiza m\u00e1xima resistencia mec\u00e1nica y confiabilidad en condiciones dif\u00edciles<\/li>\n<li>Permite un agarre eficaz de tubos con un di\u00e1metro m\u00e1ximo de 25 mm (1 pulgada)<\/li>\n<li>Longitud de 250 mm (10 pulgadas) que proporciona una palanca \u00f3ptima y comodidad en el trabajo<\/li>\n<\/ul>\n","protected":false},"excerpt":{"rendered":"<p><img loading=\"lazy\" decoding=\"async\" class=\"alignnone  wp-image-2196\" src=\"https:\/\/herramientasdetaller.cl\/wp-content\/uploads\/2021\/09\/YATO-300x263.jpg\" alt=\"\" width=\"160\" height=\"140\" srcset=\"https:\/\/herramientasdetaller.cl\/wp-content\/uploads\/2021\/09\/YATO-300x263.jpg 300w, https:\/\/herramientasdetaller.cl\/wp-content\/uploads\/2021\/09\/YATO-510x446.jpg 510w, https:\/\/herramientasdetaller.cl\/wp-content\/uploads\/2021\/09\/YATO-64x56.jpg 64w, https:\/\/herramientasdetaller.cl\/wp-content\/uploads\/2021\/09\/YATO-400x350.jpg 400w, https:\/\/herramientasdetaller.cl\/wp-content\/uploads\/2021\/09\/YATO-600x525.jpg 600w, https:\/\/herramientasdetaller.cl\/wp-content\/uploads\/2021\/09\/YATO.jpg 640w\" sizes=\"auto, (max-width: 160px) 100vw, 160px\" \/><\/p>\n","protected":false},"featured_media":5201,"comment_status":"open","ping_status":"closed","template":"","meta":{"_joinchat":[]},"product_brand":[],"product_cat":[108,403],"product_tag":[390,164,170,1347,1348],"class_list":{"0":"post-5200","1":"product","2":"type-product","3":"status-publish","4":"has-post-thumbnail","6":"product_cat-herramientas-manuales","7":"product_cat-yato","8":"product_tag-herramienta","9":"product_tag-llave","10":"product_tag-yato","11":"product_tag-yt-2488","12":"product_tag-yt248","14":"first","15":"instock","16":"shipping-taxable","17":"purchasable","18":"product-type-simple"},"_links":{"self":[{"href":"https:\/\/herramientasdetaller.cl\/index.php\/wp-json\/wp\/v2\/product\/5200","targetHints":{"allow":["GET"]}}],"collection":[{"href":"https:\/\/herramientasdetaller.cl\/index.php\/wp-json\/wp\/v2\/product"}],"about":[{"href":"https:\/\/herramientasdetaller.cl\/index.php\/wp-json\/wp\/v2\/types\/product"}],"replies":[{"embeddable":true,"href":"https:\/\/herramientasdetaller.cl\/index.php\/wp-json\/wp\/v2\/comments?post=5200"}],"wp:featuredmedia":[{"embeddable":true,"href":"https:\/\/herramientasdetaller.cl\/index.php\/wp-json\/wp\/v2\/media\/5201"}],"wp:attachment":[{"href":"https:\/\/herramientasdetaller.cl\/index.php\/wp-json\/wp\/v2\/media?parent=5200"}],"wp:term":[{"taxonomy":"product_brand","embeddable":true,"href":"https:\/\/herramientasdetaller.cl\/index.php\/wp-json\/wp\/v2\/product_brand?post=5200"},{"taxonomy":"product_cat","embeddable":true,"href":"https:\/\/herramientasdetaller.cl\/index.php\/wp-json\/wp\/v2\/product_cat?post=5200"},{"taxonomy":"product_tag","embeddable":true,"href":"https:\/\/herramientasdetaller.cl\/index.php\/wp-json\/wp\/v2\/product_tag?post=5200"}],"curies":[{"name":"wp","href":"https:\/\/api.w.org\/{rel}","templated":true}]}}