{"id":5235,"date":"2026-03-05T14:31:07","date_gmt":"2026-03-05T14:31:07","guid":{"rendered":"https:\/\/herramientasdetaller.cl\/?post_type=product&#038;p=5235"},"modified":"2026-03-05T14:31:07","modified_gmt":"2026-03-05T14:31:07","slug":"pistola-inflador-digital-neumatico-c-man-ar-1-4","status":"publish","type":"product","link":"https:\/\/herramientasdetaller.cl\/index.php\/product\/pistola-inflador-digital-neumatico-c-man-ar-1-4\/","title":{"rendered":"pistola inflador digital neumatico. c\/man AR 1\/4&#8243;"},"content":{"rendered":"<p>Pistola profesional con man\u00f3metro LCD de YATO. Con el uso de adaptadores (no incluidos) tambi\u00e9n permite el bombeo de pontones, colchones, pelotas.<\/p>\n<p><strong>Par\u00e1metros:<\/strong><\/p>\n<ul>\n<li>material: aluminio<\/li>\n<li>peso: 0,27 kg<\/li>\n<li>longitud de la manguera: 440 mm<\/li>\n<li>tipo de pantalla: LCD<\/li>\n<li>panel de control digital: s\u00ed<\/li>\n<li>presi\u00f3n sonora: 89,0 \u00b1 2,5 dB(A)<\/li>\n<li>potencia sonora: 100,0 \u00b1 2,5 dB(A)<\/li>\n<li>vibraci\u00f3n: &lt; 2,5 m\/s<\/li>\n<li>presi\u00f3n de aire m\u00e1x.: 0,8 MPa<\/li>\n<li>di\u00e1metro de la conexi\u00f3n de aire (PT): est\u00e1ndar<\/li>\n<li>di\u00e1metro del man\u00f3metro: 55 mm<\/li>\n<\/ul>\n","protected":false},"excerpt":{"rendered":"<p><img loading=\"lazy\" decoding=\"async\" class=\"alignnone  wp-image-2196\" src=\"https:\/\/herramientasdetaller.cl\/wp-content\/uploads\/2021\/09\/YATO-300x263.jpg\" alt=\"\" width=\"160\" height=\"140\" srcset=\"https:\/\/herramientasdetaller.cl\/wp-content\/uploads\/2021\/09\/YATO-300x263.jpg 300w, https:\/\/herramientasdetaller.cl\/wp-content\/uploads\/2021\/09\/YATO-510x446.jpg 510w, https:\/\/herramientasdetaller.cl\/wp-content\/uploads\/2021\/09\/YATO-64x56.jpg 64w, https:\/\/herramientasdetaller.cl\/wp-content\/uploads\/2021\/09\/YATO-400x350.jpg 400w, https:\/\/herramientasdetaller.cl\/wp-content\/uploads\/2021\/09\/YATO-600x525.jpg 600w, https:\/\/herramientasdetaller.cl\/wp-content\/uploads\/2021\/09\/YATO.jpg 640w\" sizes=\"auto, (max-width: 160px) 100vw, 160px\" \/><\/p>\n","protected":false},"featured_media":5236,"comment_status":"open","ping_status":"closed","template":"","meta":{"_joinchat":[]},"product_brand":[],"product_cat":[108,403],"product_tag":[264,170,1376,1377],"class_list":{"0":"post-5235","1":"product","2":"type-product","3":"status-publish","4":"has-post-thumbnail","6":"product_cat-herramientas-manuales","7":"product_cat-yato","8":"product_tag-inflador","9":"product_tag-yato","10":"product_tag-yt-23702","11":"product_tag-yt23702","13":"first","14":"instock","15":"shipping-taxable","16":"purchasable","17":"product-type-simple"},"_links":{"self":[{"href":"https:\/\/herramientasdetaller.cl\/index.php\/wp-json\/wp\/v2\/product\/5235","targetHints":{"allow":["GET"]}}],"collection":[{"href":"https:\/\/herramientasdetaller.cl\/index.php\/wp-json\/wp\/v2\/product"}],"about":[{"href":"https:\/\/herramientasdetaller.cl\/index.php\/wp-json\/wp\/v2\/types\/product"}],"replies":[{"embeddable":true,"href":"https:\/\/herramientasdetaller.cl\/index.php\/wp-json\/wp\/v2\/comments?post=5235"}],"wp:featuredmedia":[{"embeddable":true,"href":"https:\/\/herramientasdetaller.cl\/index.php\/wp-json\/wp\/v2\/media\/5236"}],"wp:attachment":[{"href":"https:\/\/herramientasdetaller.cl\/index.php\/wp-json\/wp\/v2\/media?parent=5235"}],"wp:term":[{"taxonomy":"product_brand","embeddable":true,"href":"https:\/\/herramientasdetaller.cl\/index.php\/wp-json\/wp\/v2\/product_brand?post=5235"},{"taxonomy":"product_cat","embeddable":true,"href":"https:\/\/herramientasdetaller.cl\/index.php\/wp-json\/wp\/v2\/product_cat?post=5235"},{"taxonomy":"product_tag","embeddable":true,"href":"https:\/\/herramientasdetaller.cl\/index.php\/wp-json\/wp\/v2\/product_tag?post=5235"}],"curies":[{"name":"wp","href":"https:\/\/api.w.org\/{rel}","templated":true}]}}