{"id":5255,"date":"2026-03-05T18:09:38","date_gmt":"2026-03-05T18:09:38","guid":{"rendered":"https:\/\/herramientasdetaller.cl\/?post_type=product&#038;p=5255"},"modified":"2026-03-05T18:09:39","modified_gmt":"2026-03-05T18:09:39","slug":"angulo-de-soldadura-102x155x17mm","status":"publish","type":"product","link":"https:\/\/herramientasdetaller.cl\/index.php\/product\/angulo-de-soldadura-102x155x17mm\/","title":{"rendered":"angulo de soldadura 102X155X17MM"},"content":{"rendered":"<p><strong>\u00c1ngulo magn\u00e9tico de soldadura 102 x 155 x 17 mm<\/strong><\/p>\n<p>&nbsp;<\/p>\n<p>Bisel magn\u00e9tico fabricado con chapa de acero y potentes imanes de ferrita.<\/p>\n<p>Permite la uni\u00f3n precisa de materiales en los siguientes \u00e1ngulos: 45\u00b0, 90\u00b0 i 135\u00b0.<\/p>\n<p>Capacidad de carga magn\u00e9tica aprox. 22,5 kg.<\/p>\n<p>El soporte dispone de un orificio para el montaje de piezas de trabajo cil\u00edndricas, por ejemplo tubos y varillas, con un di\u00e1metro de hasta 28 mm. Superficie de la carcasa del im\u00e1n con recubrimiento de polvo.<\/p>\n","protected":false},"excerpt":{"rendered":"<p><img loading=\"lazy\" decoding=\"async\" class=\"alignnone  wp-image-2196\" src=\"https:\/\/herramientasdetaller.cl\/wp-content\/uploads\/2021\/09\/YATO-300x263.jpg\" alt=\"\" width=\"160\" height=\"140\" srcset=\"https:\/\/herramientasdetaller.cl\/wp-content\/uploads\/2021\/09\/YATO-300x263.jpg 300w, https:\/\/herramientasdetaller.cl\/wp-content\/uploads\/2021\/09\/YATO-510x446.jpg 510w, https:\/\/herramientasdetaller.cl\/wp-content\/uploads\/2021\/09\/YATO-64x56.jpg 64w, https:\/\/herramientasdetaller.cl\/wp-content\/uploads\/2021\/09\/YATO-400x350.jpg 400w, https:\/\/herramientasdetaller.cl\/wp-content\/uploads\/2021\/09\/YATO-600x525.jpg 600w, https:\/\/herramientasdetaller.cl\/wp-content\/uploads\/2021\/09\/YATO.jpg 640w\" sizes=\"auto, (max-width: 160px) 100vw, 160px\" \/><\/p>\n","protected":false},"featured_media":5256,"comment_status":"open","ping_status":"closed","template":"","meta":{"_joinchat":[]},"product_brand":[],"product_cat":[108,403],"product_tag":[170,1394,1395],"class_list":{"0":"post-5255","1":"product","2":"type-product","3":"status-publish","4":"has-post-thumbnail","6":"product_cat-herramientas-manuales","7":"product_cat-yato","8":"product_tag-yato","9":"product_tag-yt-0864","10":"product_tag-yt0864","12":"first","13":"instock","14":"shipping-taxable","15":"purchasable","16":"product-type-simple"},"_links":{"self":[{"href":"https:\/\/herramientasdetaller.cl\/index.php\/wp-json\/wp\/v2\/product\/5255","targetHints":{"allow":["GET"]}}],"collection":[{"href":"https:\/\/herramientasdetaller.cl\/index.php\/wp-json\/wp\/v2\/product"}],"about":[{"href":"https:\/\/herramientasdetaller.cl\/index.php\/wp-json\/wp\/v2\/types\/product"}],"replies":[{"embeddable":true,"href":"https:\/\/herramientasdetaller.cl\/index.php\/wp-json\/wp\/v2\/comments?post=5255"}],"wp:featuredmedia":[{"embeddable":true,"href":"https:\/\/herramientasdetaller.cl\/index.php\/wp-json\/wp\/v2\/media\/5256"}],"wp:attachment":[{"href":"https:\/\/herramientasdetaller.cl\/index.php\/wp-json\/wp\/v2\/media?parent=5255"}],"wp:term":[{"taxonomy":"product_brand","embeddable":true,"href":"https:\/\/herramientasdetaller.cl\/index.php\/wp-json\/wp\/v2\/product_brand?post=5255"},{"taxonomy":"product_cat","embeddable":true,"href":"https:\/\/herramientasdetaller.cl\/index.php\/wp-json\/wp\/v2\/product_cat?post=5255"},{"taxonomy":"product_tag","embeddable":true,"href":"https:\/\/herramientasdetaller.cl\/index.php\/wp-json\/wp\/v2\/product_tag?post=5255"}],"curies":[{"name":"wp","href":"https:\/\/api.w.org\/{rel}","templated":true}]}}