{"id":5347,"date":"2026-03-06T18:49:52","date_gmt":"2026-03-06T18:49:52","guid":{"rendered":"https:\/\/herramientasdetaller.cl\/?post_type=product&#038;p=5347"},"modified":"2026-03-06T18:49:52","modified_gmt":"2026-03-06T18:49:52","slug":"multitester-digital-true-rms-2-pine","status":"publish","type":"product","link":"https:\/\/herramientasdetaller.cl\/index.php\/product\/multitester-digital-true-rms-2-pine\/","title":{"rendered":"multitester digital true rms 2 pine"},"content":{"rendered":"<p><strong><span dir=\"auto\">Medidas b\u00e1sicas:<\/span><\/strong><\/p>\n<ul>\n<li><span dir=\"auto\">Medici\u00f3n de voltaje de CA: CA 0-750 V,\u00a0<\/span><strong><span dir=\"auto\">RMS real<\/span><\/strong><\/li>\n<li><span dir=\"auto\">Medici\u00f3n de voltaje CC: CC 0-1000 V<\/span><\/li>\n<li><span dir=\"auto\">Medici\u00f3n de corriente CA: CA 0-10 A,\u00a0<\/span><strong><span dir=\"auto\">RMS real<\/span><\/strong><\/li>\n<li><span dir=\"auto\">Medici\u00f3n de corriente CC: CC 0-10 A<\/span><\/li>\n<li><span dir=\"auto\">Medici\u00f3n de resistencia: 0-60 M\u03a9<\/span><\/li>\n<li><span dir=\"auto\">prueba de diodo: I\u00a0<\/span><sub><span dir=\"auto\">F<\/span><\/sub><span dir=\"auto\">\u00a05 mA, U\u00a0<\/span><sub><span dir=\"auto\">R<\/span><\/sub><span dir=\"auto\">\u00a03 V<\/span><\/li>\n<li><span dir=\"auto\">prueba de continuidad: 0-50 \u03a9<\/span><\/li>\n<\/ul>\n<p><strong><span dir=\"auto\">Medidas adicionales:<\/span><\/strong><\/p>\n<ul>\n<li><span dir=\"auto\">Medici\u00f3n de capacitancia del condensador: 0-9,999 mF<\/span><\/li>\n<li><span dir=\"auto\">Medici\u00f3n de frecuencia: 0-9,999 Mhz<\/span><\/li>\n<li><span dir=\"auto\">Medici\u00f3n del factor de llenado: 1-99%<\/span><\/li>\n<\/ul>\n<p><strong><span dir=\"auto\">Precisi\u00f3n de la medici\u00f3n:<\/span><\/strong><\/p>\n<p><span dir=\"auto\">Ejemplo de determinaci\u00f3n de la precisi\u00f3n de una medici\u00f3n de tensi\u00f3n CA. C\u00e1lculos para el resultado de la medici\u00f3n:\u00a0<\/span><em><span dir=\"auto\">235 V<\/span><\/em><\/p>\n<ul>\n<li><span dir=\"auto\">La precisi\u00f3n de medici\u00f3n del medidor YT-73096 para este rango es: \u00b1(1,0% + 3), resoluci\u00f3n 0,1 V<\/span><\/li>\n<li><span dir=\"auto\">F\u00f3rmula de c\u00e1lculo del error de medici\u00f3n: (resultado de la medici\u00f3n x 1,0 %) + 3 x resoluci\u00f3n<\/span><\/li>\n<li><span dir=\"auto\">c\u00e1lculo: (235 x 1,0%) + 3 x 0,1 = 2,35 + 0,3 = 2,65 V<\/span><\/li>\n<\/ul>\n","protected":false},"excerpt":{"rendered":"<p><img loading=\"lazy\" decoding=\"async\" class=\"alignnone  wp-image-2196\" src=\"https:\/\/herramientasdetaller.cl\/wp-content\/uploads\/2021\/09\/YATO-300x263.jpg\" alt=\"\" width=\"160\" height=\"140\" srcset=\"https:\/\/herramientasdetaller.cl\/wp-content\/uploads\/2021\/09\/YATO-300x263.jpg 300w, https:\/\/herramientasdetaller.cl\/wp-content\/uploads\/2021\/09\/YATO-510x446.jpg 510w, https:\/\/herramientasdetaller.cl\/wp-content\/uploads\/2021\/09\/YATO-64x56.jpg 64w, https:\/\/herramientasdetaller.cl\/wp-content\/uploads\/2021\/09\/YATO-400x350.jpg 400w, https:\/\/herramientasdetaller.cl\/wp-content\/uploads\/2021\/09\/YATO-600x525.jpg 600w, https:\/\/herramientasdetaller.cl\/wp-content\/uploads\/2021\/09\/YATO.jpg 640w\" sizes=\"auto, (max-width: 160px) 100vw, 160px\" \/><\/p>\n","protected":false},"featured_media":5348,"comment_status":"open","ping_status":"closed","template":"","meta":{"_joinchat":[]},"product_brand":[],"product_cat":[108,403],"product_tag":[214,170,1455,1456],"class_list":{"0":"post-5347","1":"product","2":"type-product","3":"status-publish","4":"has-post-thumbnail","6":"product_cat-herramientas-manuales","7":"product_cat-yato","8":"product_tag-multitester","9":"product_tag-yato","10":"product_tag-yt-73096","11":"product_tag-yt73096","13":"first","14":"instock","15":"shipping-taxable","16":"purchasable","17":"product-type-simple"},"_links":{"self":[{"href":"https:\/\/herramientasdetaller.cl\/index.php\/wp-json\/wp\/v2\/product\/5347","targetHints":{"allow":["GET"]}}],"collection":[{"href":"https:\/\/herramientasdetaller.cl\/index.php\/wp-json\/wp\/v2\/product"}],"about":[{"href":"https:\/\/herramientasdetaller.cl\/index.php\/wp-json\/wp\/v2\/types\/product"}],"replies":[{"embeddable":true,"href":"https:\/\/herramientasdetaller.cl\/index.php\/wp-json\/wp\/v2\/comments?post=5347"}],"wp:featuredmedia":[{"embeddable":true,"href":"https:\/\/herramientasdetaller.cl\/index.php\/wp-json\/wp\/v2\/media\/5348"}],"wp:attachment":[{"href":"https:\/\/herramientasdetaller.cl\/index.php\/wp-json\/wp\/v2\/media?parent=5347"}],"wp:term":[{"taxonomy":"product_brand","embeddable":true,"href":"https:\/\/herramientasdetaller.cl\/index.php\/wp-json\/wp\/v2\/product_brand?post=5347"},{"taxonomy":"product_cat","embeddable":true,"href":"https:\/\/herramientasdetaller.cl\/index.php\/wp-json\/wp\/v2\/product_cat?post=5347"},{"taxonomy":"product_tag","embeddable":true,"href":"https:\/\/herramientasdetaller.cl\/index.php\/wp-json\/wp\/v2\/product_tag?post=5347"}],"curies":[{"name":"wp","href":"https:\/\/api.w.org\/{rel}","templated":true}]}}