{"id":5393,"date":"2026-03-09T13:41:39","date_gmt":"2026-03-09T13:41:39","guid":{"rendered":"https:\/\/herramientasdetaller.cl\/?post_type=product&#038;p=5393"},"modified":"2026-03-09T13:41:39","modified_gmt":"2026-03-09T13:41:39","slug":"copla-rapida-neuma-1-2-manguera","status":"publish","type":"product","link":"https:\/\/herramientasdetaller.cl\/index.php\/product\/copla-rapida-neuma-1-2-manguera\/","title":{"rendered":"copla rapida neuma 1\/2&#8243; manguera"},"content":{"rendered":"<ul class=\"a-unordered-list a-vertical a-spacing-mini\">\n<li class=\"a-spacing-mini\"><span class=\"a-list-item\"><span dir=\"auto\">Se utiliza para conectar herramientas de aire comprimido a una l\u00ednea a\u00e9rea comprimida.<\/span><\/span><\/li>\n<li class=\"a-spacing-mini\"><span class=\"a-list-item\"><span dir=\"auto\">Permite conectar o desconectar f\u00e1cilmente una herramienta a una manguera o tuber\u00eda.<\/span><\/span><\/li>\n<li class=\"a-spacing-mini\"><span class=\"a-list-item\"><span dir=\"auto\">El dise\u00f1o est\u00e1ndar lo hace f\u00e1cilmente insertable para una conexi\u00f3n a prueba de fugas.<\/span><\/span><\/li>\n<li class=\"a-spacing-mini\"><span class=\"a-list-item\"><span dir=\"auto\">Fabricado con material de hierro Q235 de alta calidad con acabado de n\u00edquel.<\/span><\/span><\/li>\n<li class=\"a-spacing-mini\"><span class=\"a-list-item\"><span dir=\"auto\">Se utiliza en aparatos industriales, equipos mec\u00e1nicos y m\u00e1s.<\/span><\/span><\/li>\n<\/ul>\n","protected":false},"excerpt":{"rendered":"<p><img loading=\"lazy\" decoding=\"async\" class=\"alignnone  wp-image-2196\" src=\"https:\/\/herramientasdetaller.cl\/wp-content\/uploads\/2021\/09\/YATO-300x263.jpg\" alt=\"\" width=\"160\" height=\"140\" srcset=\"https:\/\/herramientasdetaller.cl\/wp-content\/uploads\/2021\/09\/YATO-300x263.jpg 300w, https:\/\/herramientasdetaller.cl\/wp-content\/uploads\/2021\/09\/YATO-510x446.jpg 510w, https:\/\/herramientasdetaller.cl\/wp-content\/uploads\/2021\/09\/YATO-64x56.jpg 64w, https:\/\/herramientasdetaller.cl\/wp-content\/uploads\/2021\/09\/YATO-400x350.jpg 400w, https:\/\/herramientasdetaller.cl\/wp-content\/uploads\/2021\/09\/YATO-600x525.jpg 600w, https:\/\/herramientasdetaller.cl\/wp-content\/uploads\/2021\/09\/YATO.jpg 640w\" sizes=\"auto, (max-width: 160px) 100vw, 160px\" \/><\/p>\n","protected":false},"featured_media":5394,"comment_status":"open","ping_status":"closed","template":"","meta":{"_joinchat":[]},"product_brand":[],"product_cat":[108,403],"product_tag":[216,170,1493,1494],"class_list":{"0":"post-5393","1":"product","2":"type-product","3":"status-publish","4":"has-post-thumbnail","6":"product_cat-herramientas-manuales","7":"product_cat-yato","8":"product_tag-coplas","9":"product_tag-yato","10":"product_tag-yt-2398","11":"product_tag-yt2398","13":"first","14":"instock","15":"shipping-taxable","16":"purchasable","17":"product-type-simple"},"_links":{"self":[{"href":"https:\/\/herramientasdetaller.cl\/index.php\/wp-json\/wp\/v2\/product\/5393","targetHints":{"allow":["GET"]}}],"collection":[{"href":"https:\/\/herramientasdetaller.cl\/index.php\/wp-json\/wp\/v2\/product"}],"about":[{"href":"https:\/\/herramientasdetaller.cl\/index.php\/wp-json\/wp\/v2\/types\/product"}],"replies":[{"embeddable":true,"href":"https:\/\/herramientasdetaller.cl\/index.php\/wp-json\/wp\/v2\/comments?post=5393"}],"wp:featuredmedia":[{"embeddable":true,"href":"https:\/\/herramientasdetaller.cl\/index.php\/wp-json\/wp\/v2\/media\/5394"}],"wp:attachment":[{"href":"https:\/\/herramientasdetaller.cl\/index.php\/wp-json\/wp\/v2\/media?parent=5393"}],"wp:term":[{"taxonomy":"product_brand","embeddable":true,"href":"https:\/\/herramientasdetaller.cl\/index.php\/wp-json\/wp\/v2\/product_brand?post=5393"},{"taxonomy":"product_cat","embeddable":true,"href":"https:\/\/herramientasdetaller.cl\/index.php\/wp-json\/wp\/v2\/product_cat?post=5393"},{"taxonomy":"product_tag","embeddable":true,"href":"https:\/\/herramientasdetaller.cl\/index.php\/wp-json\/wp\/v2\/product_tag?post=5393"}],"curies":[{"name":"wp","href":"https:\/\/api.w.org\/{rel}","templated":true}]}}