{"id":5413,"date":"2026-03-09T15:02:12","date_gmt":"2026-03-09T15:02:12","guid":{"rendered":"https:\/\/herramientasdetaller.cl\/?post_type=product&#038;p=5413"},"modified":"2026-03-09T15:02:12","modified_gmt":"2026-03-09T15:02:12","slug":"set-fusibles-estandar-c-pinza-97pcs","status":"publish","type":"product","link":"https:\/\/herramientasdetaller.cl\/index.php\/product\/set-fusibles-estandar-c-pinza-97pcs\/","title":{"rendered":"set fusibles estandar c\/pinza 97pcs"},"content":{"rendered":"<p>Kits de fusibles para proteger las instalaciones el\u00e9ctricas de los autom\u00f3viles de los da\u00f1os causados por una corriente excesiva. Se utilizan, entre otros, para compresores, bombas el\u00e9ctricas, rectificadores, distribuidores de enchufes. Se presentan en un pr\u00e1ctico malet\u00edn.<\/p>\n<p>El juego incluye\u00a0<strong>una pinza<\/strong>\u00a0y\u00a0<strong>12 fusibles cada uno<\/strong>:<\/p>\n<ul>\n<li>3 A<\/li>\n<li>5 A<\/li>\n<li>7.5 A<\/li>\n<li>10 A<\/li>\n<li>15 A<\/li>\n<li>20 A<\/li>\n<li>25 A<\/li>\n<li>30 A<\/li>\n<\/ul>\n","protected":false},"excerpt":{"rendered":"<p><img loading=\"lazy\" decoding=\"async\" class=\"alignnone  wp-image-2196\" src=\"https:\/\/herramientasdetaller.cl\/wp-content\/uploads\/2021\/09\/YATO-300x263.jpg\" alt=\"\" width=\"160\" height=\"140\" srcset=\"https:\/\/herramientasdetaller.cl\/wp-content\/uploads\/2021\/09\/YATO-300x263.jpg 300w, https:\/\/herramientasdetaller.cl\/wp-content\/uploads\/2021\/09\/YATO-510x446.jpg 510w, https:\/\/herramientasdetaller.cl\/wp-content\/uploads\/2021\/09\/YATO-64x56.jpg 64w, https:\/\/herramientasdetaller.cl\/wp-content\/uploads\/2021\/09\/YATO-400x350.jpg 400w, https:\/\/herramientasdetaller.cl\/wp-content\/uploads\/2021\/09\/YATO-600x525.jpg 600w, https:\/\/herramientasdetaller.cl\/wp-content\/uploads\/2021\/09\/YATO.jpg 640w\" sizes=\"auto, (max-width: 160px) 100vw, 160px\" \/><\/p>\n","protected":false},"featured_media":5414,"comment_status":"open","ping_status":"closed","template":"","meta":{"_joinchat":[]},"product_brand":[],"product_cat":[108,403],"product_tag":[170,1511,1512],"class_list":{"0":"post-5413","1":"product","2":"type-product","3":"status-publish","4":"has-post-thumbnail","6":"product_cat-herramientas-manuales","7":"product_cat-yato","8":"product_tag-yato","9":"product_tag-yt-83141","10":"product_tag-yt83141","12":"first","13":"instock","14":"shipping-taxable","15":"purchasable","16":"product-type-simple"},"_links":{"self":[{"href":"https:\/\/herramientasdetaller.cl\/index.php\/wp-json\/wp\/v2\/product\/5413","targetHints":{"allow":["GET"]}}],"collection":[{"href":"https:\/\/herramientasdetaller.cl\/index.php\/wp-json\/wp\/v2\/product"}],"about":[{"href":"https:\/\/herramientasdetaller.cl\/index.php\/wp-json\/wp\/v2\/types\/product"}],"replies":[{"embeddable":true,"href":"https:\/\/herramientasdetaller.cl\/index.php\/wp-json\/wp\/v2\/comments?post=5413"}],"wp:featuredmedia":[{"embeddable":true,"href":"https:\/\/herramientasdetaller.cl\/index.php\/wp-json\/wp\/v2\/media\/5414"}],"wp:attachment":[{"href":"https:\/\/herramientasdetaller.cl\/index.php\/wp-json\/wp\/v2\/media?parent=5413"}],"wp:term":[{"taxonomy":"product_brand","embeddable":true,"href":"https:\/\/herramientasdetaller.cl\/index.php\/wp-json\/wp\/v2\/product_brand?post=5413"},{"taxonomy":"product_cat","embeddable":true,"href":"https:\/\/herramientasdetaller.cl\/index.php\/wp-json\/wp\/v2\/product_cat?post=5413"},{"taxonomy":"product_tag","embeddable":true,"href":"https:\/\/herramientasdetaller.cl\/index.php\/wp-json\/wp\/v2\/product_tag?post=5413"}],"curies":[{"name":"wp","href":"https:\/\/api.w.org\/{rel}","templated":true}]}}