{"id":5436,"date":"2026-03-10T11:45:33","date_gmt":"2026-03-10T11:45:33","guid":{"rendered":"https:\/\/herramientasdetaller.cl\/?post_type=product&#038;p=5436"},"modified":"2026-03-10T11:45:34","modified_gmt":"2026-03-10T11:45:34","slug":"manguera-neumatica-c-carrete-10m","status":"publish","type":"product","link":"https:\/\/herramientasdetaller.cl\/index.php\/product\/manguera-neumatica-c-carrete-10m\/","title":{"rendered":"manguera neumatica c\/carrete 10M"},"content":{"rendered":"<p>Manguera neum\u00e1tica de 10 metros de longitud en bobina autom\u00e1tica. Indispensable para accionar herramientas neum\u00e1ticas. \u00datil en cualquier taller y planta de fabricaci\u00f3n.<\/p>\n<p>&#8211; Longitud de la maguera: 10 m<br \/>\n&#8211; Di\u00e1metro: 8 mm<br \/>\n&#8211; Presi\u00f3n de trabajo [MPa]: 2<br \/>\n&#8211; Tama\u00f1o de conexi\u00f3n r\u00e1pida [pulgadas]: 1\/4&#8243;<br \/>\n&#8211; flexible<br \/>\n&#8211; Resistente a altas y bajas temperaturas, estiramientos y productos qu\u00edmicos agresivos.<br \/>\n&#8211; Rebobinado autom\u00e1tico de manguera: S\u00ed<br \/>\n&#8211; Resistente a rayones: S\u00ed<br \/>\n&#8211; A prueba de rayos ultravioleta: S\u00ed<br \/>\n&#8211; Resistencia qu\u00edmica: S\u00ed<br \/>\n&#8211; El conjunto incluye: Manguera neum\u00e1tica, retractor autom\u00e1tico, anclajes de fijaci\u00f3n x4<\/p>\n","protected":false},"excerpt":{"rendered":"<p><img loading=\"lazy\" decoding=\"async\" class=\"alignnone  wp-image-2196\" src=\"https:\/\/herramientasdetaller.cl\/wp-content\/uploads\/2021\/09\/YATO-300x263.jpg\" alt=\"\" width=\"160\" height=\"140\" srcset=\"https:\/\/herramientasdetaller.cl\/wp-content\/uploads\/2021\/09\/YATO-300x263.jpg 300w, https:\/\/herramientasdetaller.cl\/wp-content\/uploads\/2021\/09\/YATO-510x446.jpg 510w, https:\/\/herramientasdetaller.cl\/wp-content\/uploads\/2021\/09\/YATO-64x56.jpg 64w, https:\/\/herramientasdetaller.cl\/wp-content\/uploads\/2021\/09\/YATO-400x350.jpg 400w, https:\/\/herramientasdetaller.cl\/wp-content\/uploads\/2021\/09\/YATO-600x525.jpg 600w, https:\/\/herramientasdetaller.cl\/wp-content\/uploads\/2021\/09\/YATO.jpg 640w\" sizes=\"auto, (max-width: 160px) 100vw, 160px\" \/><\/p>\n","protected":false},"featured_media":5437,"comment_status":"open","ping_status":"closed","template":"","meta":{"_joinchat":[]},"product_brand":[],"product_cat":[108,403],"product_tag":[211,170,1532,1533],"class_list":{"0":"post-5436","1":"product","2":"type-product","3":"status-publish","4":"has-post-thumbnail","6":"product_cat-herramientas-manuales","7":"product_cat-yato","8":"product_tag-manguera","9":"product_tag-yato","10":"product_tag-yt-24242","11":"product_tag-yt24242","13":"first","14":"instock","15":"shipping-taxable","16":"purchasable","17":"product-type-simple"},"_links":{"self":[{"href":"https:\/\/herramientasdetaller.cl\/index.php\/wp-json\/wp\/v2\/product\/5436","targetHints":{"allow":["GET"]}}],"collection":[{"href":"https:\/\/herramientasdetaller.cl\/index.php\/wp-json\/wp\/v2\/product"}],"about":[{"href":"https:\/\/herramientasdetaller.cl\/index.php\/wp-json\/wp\/v2\/types\/product"}],"replies":[{"embeddable":true,"href":"https:\/\/herramientasdetaller.cl\/index.php\/wp-json\/wp\/v2\/comments?post=5436"}],"wp:featuredmedia":[{"embeddable":true,"href":"https:\/\/herramientasdetaller.cl\/index.php\/wp-json\/wp\/v2\/media\/5437"}],"wp:attachment":[{"href":"https:\/\/herramientasdetaller.cl\/index.php\/wp-json\/wp\/v2\/media?parent=5436"}],"wp:term":[{"taxonomy":"product_brand","embeddable":true,"href":"https:\/\/herramientasdetaller.cl\/index.php\/wp-json\/wp\/v2\/product_brand?post=5436"},{"taxonomy":"product_cat","embeddable":true,"href":"https:\/\/herramientasdetaller.cl\/index.php\/wp-json\/wp\/v2\/product_cat?post=5436"},{"taxonomy":"product_tag","embeddable":true,"href":"https:\/\/herramientasdetaller.cl\/index.php\/wp-json\/wp\/v2\/product_tag?post=5436"}],"curies":[{"name":"wp","href":"https:\/\/api.w.org\/{rel}","templated":true}]}}