{"id":5443,"date":"2026-03-10T12:04:52","date_gmt":"2026-03-10T12:04:52","guid":{"rendered":"https:\/\/herramientasdetaller.cl\/?post_type=product&#038;p=5443"},"modified":"2026-03-10T12:05:21","modified_gmt":"2026-03-10T12:05:21","slug":"guante-de-trabajo-de-neoprene-7-2","status":"publish","type":"product","link":"https:\/\/herramientasdetaller.cl\/index.php\/product\/guante-de-trabajo-de-neoprene-7-2\/","title":{"rendered":"guante de trabajo de neoprene 7&#8243;"},"content":{"rendered":"<ul>\n<li><strong>Material de alta calidad<\/strong>: tejido de nylon flexible con recubrimiento de PU para mayor durabilidad.<\/li>\n<li><strong>Excelente sensibilidad y ajuste anat\u00f3mico<\/strong>, ideales para trabajos finos y prolongados.<\/li>\n<li><strong>Resistentes al desgaste y la abrasi\u00f3n<\/strong>, prolongan la vida \u00fatil frente al uso intensivo.<\/li>\n<li><strong>Usos m\u00faltiples<\/strong>: construcci\u00f3n, ensamblaje, mec\u00e1nica, jardiner\u00eda, log\u00edstica, mantenimiento y m\u00e1s.<\/li>\n<li><strong>Transpirables<\/strong>, evitando la sudoraci\u00f3n excesiva durante la jornada laboral.<\/li>\n<\/ul>\n","protected":false},"excerpt":{"rendered":"<p><img loading=\"lazy\" decoding=\"async\" class=\"alignnone wp-image-2196\" src=\"https:\/\/herramientasdetaller.cl\/wp-content\/uploads\/2021\/09\/YATO-300x263.jpg\" alt=\"\" width=\"160\" height=\"140\" srcset=\"https:\/\/herramientasdetaller.cl\/wp-content\/uploads\/2021\/09\/YATO-300x263.jpg 300w, https:\/\/herramientasdetaller.cl\/wp-content\/uploads\/2021\/09\/YATO-510x446.jpg 510w, https:\/\/herramientasdetaller.cl\/wp-content\/uploads\/2021\/09\/YATO-64x56.jpg 64w, https:\/\/herramientasdetaller.cl\/wp-content\/uploads\/2021\/09\/YATO-400x350.jpg 400w, https:\/\/herramientasdetaller.cl\/wp-content\/uploads\/2021\/09\/YATO-600x525.jpg 600w, https:\/\/herramientasdetaller.cl\/wp-content\/uploads\/2021\/09\/YATO.jpg 640w\" sizes=\"auto, (max-width: 160px) 100vw, 160px\" \/><\/p>\n","protected":false},"featured_media":5444,"comment_status":"open","ping_status":"closed","template":"","meta":{"_joinchat":[]},"product_brand":[],"product_cat":[108,403],"product_tag":[1233,170,1538,1539],"class_list":{"0":"post-5443","1":"product","2":"type-product","3":"status-publish","4":"has-post-thumbnail","6":"product_cat-herramientas-manuales","7":"product_cat-yato","8":"product_tag-guantes","9":"product_tag-yato","10":"product_tag-yt-7466","11":"product_tag-yt7466","13":"first","14":"instock","15":"shipping-taxable","16":"purchasable","17":"product-type-simple"},"_links":{"self":[{"href":"https:\/\/herramientasdetaller.cl\/index.php\/wp-json\/wp\/v2\/product\/5443","targetHints":{"allow":["GET"]}}],"collection":[{"href":"https:\/\/herramientasdetaller.cl\/index.php\/wp-json\/wp\/v2\/product"}],"about":[{"href":"https:\/\/herramientasdetaller.cl\/index.php\/wp-json\/wp\/v2\/types\/product"}],"replies":[{"embeddable":true,"href":"https:\/\/herramientasdetaller.cl\/index.php\/wp-json\/wp\/v2\/comments?post=5443"}],"wp:featuredmedia":[{"embeddable":true,"href":"https:\/\/herramientasdetaller.cl\/index.php\/wp-json\/wp\/v2\/media\/5444"}],"wp:attachment":[{"href":"https:\/\/herramientasdetaller.cl\/index.php\/wp-json\/wp\/v2\/media?parent=5443"}],"wp:term":[{"taxonomy":"product_brand","embeddable":true,"href":"https:\/\/herramientasdetaller.cl\/index.php\/wp-json\/wp\/v2\/product_brand?post=5443"},{"taxonomy":"product_cat","embeddable":true,"href":"https:\/\/herramientasdetaller.cl\/index.php\/wp-json\/wp\/v2\/product_cat?post=5443"},{"taxonomy":"product_tag","embeddable":true,"href":"https:\/\/herramientasdetaller.cl\/index.php\/wp-json\/wp\/v2\/product_tag?post=5443"}],"curies":[{"name":"wp","href":"https:\/\/api.w.org\/{rel}","templated":true}]}}