{"id":5466,"date":"2026-03-10T13:09:02","date_gmt":"2026-03-10T13:09:02","guid":{"rendered":"https:\/\/herramientasdetaller.cl\/?post_type=product&#038;p=5466"},"modified":"2026-03-10T13:13:00","modified_gmt":"2026-03-10T13:13:00","slug":"set-dados-de-impacto-hexagonal-3-4-8-piezas","status":"publish","type":"product","link":"https:\/\/herramientasdetaller.cl\/index.php\/product\/set-dados-de-impacto-hexagonal-3-4-8-piezas\/","title":{"rendered":"set dados de impacto hexagonal 3\/4&#8243; 8 piezas"},"content":{"rendered":"<p><strong>Dados de impacto 3\/4&#8243; de Yato <\/strong>&#8211; <strong>Dad<\/strong><strong>os de impacto especializados<\/strong>, trabajan con dispositivos neum\u00e1ticos que funcionan en condiciones muy pesadas bajo cargas variables.<\/p>\n<ul>\n<li>los dados est\u00e1n hechos de acero al cromo molibdeno CrMo<strong>\u00a0SCM-440<\/strong>, que garantiza una larga vida \u00fatil con aprox. 5000 golpes por minuto<\/li>\n<li>CrMo SCM-440 es un acero aleado \u00fanico, que tiene\u00a0<strong>una resistencia<\/strong>\u00a0a la tracci\u00f3n\u00a0<strong>2 veces<\/strong>\u00a0<strong>superior<\/strong>\u00a0a la del acero al carbono ordinario y un l\u00edmite el\u00e1stico\u00a0<strong>3 veces superior<\/strong>, lo que significa que los encajes Yato mantienen su tama\u00f1o nominal durante\u00a0<strong>m\u00e1s tiempo<\/strong>\u00a0y no se rompen por impacto.<\/li>\n<li>los dados est\u00e1n equipados con el<strong>\u00a0sistema AS-DRIVE<\/strong>\u00a0que evita la destrucci\u00f3n de las tuercas y su bloqueo.<\/li>\n<li>el juego est\u00e1 alojado en un malet\u00edn met\u00e1lico<\/li>\n<\/ul>\n<p>El juego incluye llaves de dados de <strong>3\/4&#8243; (19,0 mm)\u00a0<\/strong>en tama\u00f1os:<\/p>\n<ul>\n<li>22, 24 mm (altura 50 mm)<\/li>\n<li>27, 30 mm (altura 53 mm)<\/li>\n<li>32, 36 mm (altura 55 mm)<\/li>\n<li>38, 41 mm (altura 57 mm)<\/li>\n<\/ul>\n","protected":false},"excerpt":{"rendered":"<p><img loading=\"lazy\" decoding=\"async\" class=\"alignnone wp-image-2196\" src=\"https:\/\/herramientasdetaller.cl\/wp-content\/uploads\/2021\/09\/YATO-300x263.jpg\" alt=\"\" width=\"159\" height=\"139\" srcset=\"https:\/\/herramientasdetaller.cl\/wp-content\/uploads\/2021\/09\/YATO-300x263.jpg 300w, https:\/\/herramientasdetaller.cl\/wp-content\/uploads\/2021\/09\/YATO-510x446.jpg 510w, https:\/\/herramientasdetaller.cl\/wp-content\/uploads\/2021\/09\/YATO-64x56.jpg 64w, https:\/\/herramientasdetaller.cl\/wp-content\/uploads\/2021\/09\/YATO-400x350.jpg 400w, https:\/\/herramientasdetaller.cl\/wp-content\/uploads\/2021\/09\/YATO-600x525.jpg 600w, https:\/\/herramientasdetaller.cl\/wp-content\/uploads\/2021\/09\/YATO.jpg 640w\" sizes=\"auto, (max-width: 159px) 100vw, 159px\" \/><\/p>\n","protected":false},"featured_media":5467,"comment_status":"open","ping_status":"closed","template":"","meta":{"_joinchat":[]},"product_brand":[],"product_cat":[108,403],"product_tag":[1216,170,1559,1560],"class_list":{"0":"post-5466","1":"product","2":"type-product","3":"status-publish","4":"has-post-thumbnail","6":"product_cat-herramientas-manuales","7":"product_cat-yato","8":"product_tag-set-dados","9":"product_tag-yato","10":"product_tag-yt-1115","11":"product_tag-yt1115","13":"first","14":"instock","15":"shipping-taxable","16":"purchasable","17":"product-type-simple"},"_links":{"self":[{"href":"https:\/\/herramientasdetaller.cl\/index.php\/wp-json\/wp\/v2\/product\/5466","targetHints":{"allow":["GET"]}}],"collection":[{"href":"https:\/\/herramientasdetaller.cl\/index.php\/wp-json\/wp\/v2\/product"}],"about":[{"href":"https:\/\/herramientasdetaller.cl\/index.php\/wp-json\/wp\/v2\/types\/product"}],"replies":[{"embeddable":true,"href":"https:\/\/herramientasdetaller.cl\/index.php\/wp-json\/wp\/v2\/comments?post=5466"}],"wp:featuredmedia":[{"embeddable":true,"href":"https:\/\/herramientasdetaller.cl\/index.php\/wp-json\/wp\/v2\/media\/5467"}],"wp:attachment":[{"href":"https:\/\/herramientasdetaller.cl\/index.php\/wp-json\/wp\/v2\/media?parent=5466"}],"wp:term":[{"taxonomy":"product_brand","embeddable":true,"href":"https:\/\/herramientasdetaller.cl\/index.php\/wp-json\/wp\/v2\/product_brand?post=5466"},{"taxonomy":"product_cat","embeddable":true,"href":"https:\/\/herramientasdetaller.cl\/index.php\/wp-json\/wp\/v2\/product_cat?post=5466"},{"taxonomy":"product_tag","embeddable":true,"href":"https:\/\/herramientasdetaller.cl\/index.php\/wp-json\/wp\/v2\/product_tag?post=5466"}],"curies":[{"name":"wp","href":"https:\/\/api.w.org\/{rel}","templated":true}]}}