{"id":5476,"date":"2026-03-10T13:37:20","date_gmt":"2026-03-10T13:37:20","guid":{"rendered":"https:\/\/herramientasdetaller.cl\/?post_type=product&#038;p=5476"},"modified":"2026-03-10T13:37:20","modified_gmt":"2026-03-10T13:37:20","slug":"set-adaptadores-c-toma-hil-ti-3-pzs","status":"publish","type":"product","link":"https:\/\/herramientasdetaller.cl\/index.php\/product\/set-adaptadores-c-toma-hil-ti-3-pzs\/","title":{"rendered":"set adaptadores c\/toma HIL TI 3 pzs"},"content":{"rendered":"<ul class=\"a-unordered-list a-vertical a-spacing-mini\">\n<li class=\"a-spacing-mini\"><span class=\"a-list-item\">1 x SDS Plus a 1\/2 pulgada (0.500 in) cuadrado.<\/span><\/li>\n<li class=\"a-spacing-mini\"><span class=\"a-list-item\">1 x SDS Plus a 3\/8 pulgadas (0.374 in) cuadrado.<\/span><\/li>\n<li class=\"a-spacing-mini\"><span class=\"a-list-item\">La longitud del adaptador individual es: 2.559 in, hecho de acero 40CR<\/span><\/li>\n<li class=\"a-spacing-mini\"><span class=\"a-list-item\">El adaptador est\u00e1 equipado con una bola de retenci\u00f3n para sostener el z\u00f3calo y las llaves de punz\u00f3n.<\/span><\/li>\n<li class=\"a-spacing-mini\">Juego de adaptadores\u00a0<strong>SDS-plus<\/strong>\u00a0para vasos de\u00a0<strong>1\/4, 3\/8, 1\/2<\/strong>\u00a0de Yato.<\/li>\n<li class=\"a-spacing-mini\">Fabricados\u00a0<strong>en acero 40Cr<\/strong>. La superficie adicional ha sido oxidada.<\/li>\n<\/ul>\n","protected":false},"excerpt":{"rendered":"<p><img loading=\"lazy\" decoding=\"async\" class=\"alignnone  wp-image-2196\" src=\"https:\/\/herramientasdetaller.cl\/wp-content\/uploads\/2021\/09\/YATO-300x263.jpg\" alt=\"\" width=\"159\" height=\"139\" srcset=\"https:\/\/herramientasdetaller.cl\/wp-content\/uploads\/2021\/09\/YATO-300x263.jpg 300w, https:\/\/herramientasdetaller.cl\/wp-content\/uploads\/2021\/09\/YATO-510x446.jpg 510w, https:\/\/herramientasdetaller.cl\/wp-content\/uploads\/2021\/09\/YATO-64x56.jpg 64w, https:\/\/herramientasdetaller.cl\/wp-content\/uploads\/2021\/09\/YATO-400x350.jpg 400w, https:\/\/herramientasdetaller.cl\/wp-content\/uploads\/2021\/09\/YATO-600x525.jpg 600w, https:\/\/herramientasdetaller.cl\/wp-content\/uploads\/2021\/09\/YATO.jpg 640w\" sizes=\"auto, (max-width: 159px) 100vw, 159px\" \/><\/p>\n","protected":false},"featured_media":5477,"comment_status":"open","ping_status":"closed","template":"","meta":{"_joinchat":[]},"product_brand":[],"product_cat":[108,403],"product_tag":[1571,170,1569,1570],"class_list":{"0":"post-5476","1":"product","2":"type-product","3":"status-publish","4":"has-post-thumbnail","6":"product_cat-herramientas-manuales","7":"product_cat-yato","8":"product_tag-adaptadores","9":"product_tag-yato","10":"product_tag-yt-04686","11":"product_tag-yt04686","13":"first","14":"instock","15":"shipping-taxable","16":"purchasable","17":"product-type-simple"},"_links":{"self":[{"href":"https:\/\/herramientasdetaller.cl\/index.php\/wp-json\/wp\/v2\/product\/5476","targetHints":{"allow":["GET"]}}],"collection":[{"href":"https:\/\/herramientasdetaller.cl\/index.php\/wp-json\/wp\/v2\/product"}],"about":[{"href":"https:\/\/herramientasdetaller.cl\/index.php\/wp-json\/wp\/v2\/types\/product"}],"replies":[{"embeddable":true,"href":"https:\/\/herramientasdetaller.cl\/index.php\/wp-json\/wp\/v2\/comments?post=5476"}],"wp:featuredmedia":[{"embeddable":true,"href":"https:\/\/herramientasdetaller.cl\/index.php\/wp-json\/wp\/v2\/media\/5477"}],"wp:attachment":[{"href":"https:\/\/herramientasdetaller.cl\/index.php\/wp-json\/wp\/v2\/media?parent=5476"}],"wp:term":[{"taxonomy":"product_brand","embeddable":true,"href":"https:\/\/herramientasdetaller.cl\/index.php\/wp-json\/wp\/v2\/product_brand?post=5476"},{"taxonomy":"product_cat","embeddable":true,"href":"https:\/\/herramientasdetaller.cl\/index.php\/wp-json\/wp\/v2\/product_cat?post=5476"},{"taxonomy":"product_tag","embeddable":true,"href":"https:\/\/herramientasdetaller.cl\/index.php\/wp-json\/wp\/v2\/product_tag?post=5476"}],"curies":[{"name":"wp","href":"https:\/\/api.w.org\/{rel}","templated":true}]}}