{"id":5517,"date":"2026-03-10T15:22:57","date_gmt":"2026-03-10T15:22:57","guid":{"rendered":"https:\/\/herramientasdetaller.cl\/?post_type=product&#038;p=5517"},"modified":"2026-03-10T15:22:58","modified_gmt":"2026-03-10T15:22:58","slug":"angulo-de-saldadura-122x190x25mm","status":"publish","type":"product","link":"https:\/\/herramientasdetaller.cl\/index.php\/product\/angulo-de-saldadura-122x190x25mm\/","title":{"rendered":"angulo de saldadura 122x190x25mm"},"content":{"rendered":"<p>&nbsp;<\/p>\n<p><strong>Soporte magn\u00e9tico de soldadura 122 x 190 x 25 mm<\/strong><\/p>\n<p>&nbsp;<\/p>\n<p>Bisel magn\u00e9tico fabricado con chapa de acero y potentes imanes de ferrita. Permite la uni\u00f3n precisa de materiales en los siguientes \u00e1ngulos: 45\u00b0, 90\u00b0 i 135\u00b0.<\/p>\n<p>Dispone de un orificio para ensamblar componentes cil\u00edndricos, por ejemplo tubos y varillas, con un di\u00e1metro de hasta 46 mm. La superficie de la carcasa del im\u00e1n est\u00e1 recubierta de polvo.<\/p>\n<p>&nbsp;<\/p>\n<p><strong>Aplicaci\u00f3n:<\/strong><\/p>\n<p>Dise\u00f1ado para la uni\u00f3n temporal de piezas met\u00e1licas durante trabajos de soldadura, taladrado, pintura, actividades que requieran el uso de ambas manos. El uso del bisel magn\u00e9tico permite la operaci\u00f3n libre con ambas manos y el premontaje de las piezas met\u00e1licas a unir sin la ayuda de una persona adicional.<\/p>\n<p>&nbsp;<\/p>\n<p><strong>Par\u00e1metros<\/strong><\/p>\n<ul>\n<li>Taladro interior [mm] 46<\/li>\n<li>Tama\u00f1o [mm]: 122 x 190 x 25<\/li>\n<li>valores angulares [st.]: 45\u00b0, 90\u00b0, 135\u00b0<\/li>\n<li>capacidad de carga [kg]: 34<\/li>\n<\/ul>\n","protected":false},"excerpt":{"rendered":"<p><img loading=\"lazy\" decoding=\"async\" class=\"alignnone  wp-image-2196\" src=\"https:\/\/herramientasdetaller.cl\/wp-content\/uploads\/2021\/09\/YATO-300x263.jpg\" alt=\"\" width=\"160\" height=\"140\" srcset=\"https:\/\/herramientasdetaller.cl\/wp-content\/uploads\/2021\/09\/YATO-300x263.jpg 300w, https:\/\/herramientasdetaller.cl\/wp-content\/uploads\/2021\/09\/YATO-510x446.jpg 510w, https:\/\/herramientasdetaller.cl\/wp-content\/uploads\/2021\/09\/YATO-64x56.jpg 64w, https:\/\/herramientasdetaller.cl\/wp-content\/uploads\/2021\/09\/YATO-400x350.jpg 400w, https:\/\/herramientasdetaller.cl\/wp-content\/uploads\/2021\/09\/YATO-600x525.jpg 600w, https:\/\/herramientasdetaller.cl\/wp-content\/uploads\/2021\/09\/YATO.jpg 640w\" sizes=\"auto, (max-width: 160px) 100vw, 160px\" \/><\/p>\n","protected":false},"featured_media":5518,"comment_status":"open","ping_status":"closed","template":"","meta":{"_joinchat":[]},"product_brand":[],"product_cat":[108,403],"product_tag":[170,1605,1606],"class_list":{"0":"post-5517","1":"product","2":"type-product","3":"status-publish","4":"has-post-thumbnail","6":"product_cat-herramientas-manuales","7":"product_cat-yato","8":"product_tag-yato","9":"product_tag-yt-0865","10":"product_tag-yt0865","12":"first","13":"instock","14":"shipping-taxable","15":"purchasable","16":"product-type-simple"},"_links":{"self":[{"href":"https:\/\/herramientasdetaller.cl\/index.php\/wp-json\/wp\/v2\/product\/5517","targetHints":{"allow":["GET"]}}],"collection":[{"href":"https:\/\/herramientasdetaller.cl\/index.php\/wp-json\/wp\/v2\/product"}],"about":[{"href":"https:\/\/herramientasdetaller.cl\/index.php\/wp-json\/wp\/v2\/types\/product"}],"replies":[{"embeddable":true,"href":"https:\/\/herramientasdetaller.cl\/index.php\/wp-json\/wp\/v2\/comments?post=5517"}],"wp:featuredmedia":[{"embeddable":true,"href":"https:\/\/herramientasdetaller.cl\/index.php\/wp-json\/wp\/v2\/media\/5518"}],"wp:attachment":[{"href":"https:\/\/herramientasdetaller.cl\/index.php\/wp-json\/wp\/v2\/media?parent=5517"}],"wp:term":[{"taxonomy":"product_brand","embeddable":true,"href":"https:\/\/herramientasdetaller.cl\/index.php\/wp-json\/wp\/v2\/product_brand?post=5517"},{"taxonomy":"product_cat","embeddable":true,"href":"https:\/\/herramientasdetaller.cl\/index.php\/wp-json\/wp\/v2\/product_cat?post=5517"},{"taxonomy":"product_tag","embeddable":true,"href":"https:\/\/herramientasdetaller.cl\/index.php\/wp-json\/wp\/v2\/product_tag?post=5517"}],"curies":[{"name":"wp","href":"https:\/\/api.w.org\/{rel}","templated":true}]}}