{"id":5545,"date":"2026-03-10T16:36:02","date_gmt":"2026-03-10T16:36:02","guid":{"rendered":"https:\/\/herramientasdetaller.cl\/?post_type=product&#038;p=5545"},"modified":"2026-03-10T16:36:02","modified_gmt":"2026-03-10T16:36:02","slug":"dado-1-2-poligonal-largo-22mm","status":"publish","type":"product","link":"https:\/\/herramientasdetaller.cl\/index.php\/product\/dado-1-2-poligonal-largo-22mm\/","title":{"rendered":"dado 1\/2&#8243; poligonal largo 22MM"},"content":{"rendered":"<ul class=\"a-unordered-list a-vertical a-spacing-mini\">\n<li class=\"a-spacing-mini\"><span class=\"a-list-item\">Herramienta de calidad: Disfrute de la marca Yato, conocida por su alta calidad y durabilidad en herramientas<\/span><\/li>\n<li class=\"a-spacing-mini\"><span class=\"a-list-item\">Socket bihexagonal: Dise\u00f1ado con un sistema de hex\u00e1gono de 12 puntas para brindar una mejor adaptabilidad y fuerza de sujeci\u00f3n<\/span><\/li>\n<li class=\"a-spacing-mini\"><span class=\"a-list-item\">Tama\u00f1o de 22 mm: Ideal para tornillos hexagonales de 22 mm, proporcionando un ajuste perfecto y preciso<\/span><\/li>\n<li class=\"a-spacing-mini\"><span class=\"a-list-item\">Acabado de cromo vanadio: Ofrece resistencia a la corrosi\u00f3n y desgaste, asegurando una larga duraci\u00f3n y desempe\u00f1o \u00f3ptimo<\/span><\/li>\n<li class=\"a-spacing-mini\"><span class=\"a-list-item\">Tipo de producto: Clasificado como un casquillo de conducci\u00f3n de perno, dise\u00f1ado para su uso en una variedad de aplicaciones<\/span><\/li>\n<\/ul>\n","protected":false},"excerpt":{"rendered":"<p><img loading=\"lazy\" decoding=\"async\" class=\"alignnone  wp-image-2196\" src=\"https:\/\/herramientasdetaller.cl\/wp-content\/uploads\/2021\/09\/YATO-300x263.jpg\" alt=\"\" width=\"160\" height=\"140\" srcset=\"https:\/\/herramientasdetaller.cl\/wp-content\/uploads\/2021\/09\/YATO-300x263.jpg 300w, https:\/\/herramientasdetaller.cl\/wp-content\/uploads\/2021\/09\/YATO-510x446.jpg 510w, https:\/\/herramientasdetaller.cl\/wp-content\/uploads\/2021\/09\/YATO-64x56.jpg 64w, https:\/\/herramientasdetaller.cl\/wp-content\/uploads\/2021\/09\/YATO-400x350.jpg 400w, https:\/\/herramientasdetaller.cl\/wp-content\/uploads\/2021\/09\/YATO-600x525.jpg 600w, https:\/\/herramientasdetaller.cl\/wp-content\/uploads\/2021\/09\/YATO.jpg 640w\" sizes=\"auto, (max-width: 160px) 100vw, 160px\" \/><\/p>\n","protected":false},"featured_media":5546,"comment_status":"open","ping_status":"closed","template":"","meta":{"_joinchat":[]},"product_brand":[],"product_cat":[108,403],"product_tag":[422,170,1629,1630],"class_list":{"0":"post-5545","1":"product","2":"type-product","3":"status-publish","4":"has-post-thumbnail","6":"product_cat-herramientas-manuales","7":"product_cat-yato","8":"product_tag-dado","9":"product_tag-yato","10":"product_tag-yt-12944","11":"product_tag-yt12944","13":"first","14":"instock","15":"shipping-taxable","16":"purchasable","17":"product-type-simple"},"_links":{"self":[{"href":"https:\/\/herramientasdetaller.cl\/index.php\/wp-json\/wp\/v2\/product\/5545","targetHints":{"allow":["GET"]}}],"collection":[{"href":"https:\/\/herramientasdetaller.cl\/index.php\/wp-json\/wp\/v2\/product"}],"about":[{"href":"https:\/\/herramientasdetaller.cl\/index.php\/wp-json\/wp\/v2\/types\/product"}],"replies":[{"embeddable":true,"href":"https:\/\/herramientasdetaller.cl\/index.php\/wp-json\/wp\/v2\/comments?post=5545"}],"wp:featuredmedia":[{"embeddable":true,"href":"https:\/\/herramientasdetaller.cl\/index.php\/wp-json\/wp\/v2\/media\/5546"}],"wp:attachment":[{"href":"https:\/\/herramientasdetaller.cl\/index.php\/wp-json\/wp\/v2\/media?parent=5545"}],"wp:term":[{"taxonomy":"product_brand","embeddable":true,"href":"https:\/\/herramientasdetaller.cl\/index.php\/wp-json\/wp\/v2\/product_brand?post=5545"},{"taxonomy":"product_cat","embeddable":true,"href":"https:\/\/herramientasdetaller.cl\/index.php\/wp-json\/wp\/v2\/product_cat?post=5545"},{"taxonomy":"product_tag","embeddable":true,"href":"https:\/\/herramientasdetaller.cl\/index.php\/wp-json\/wp\/v2\/product_tag?post=5545"}],"curies":[{"name":"wp","href":"https:\/\/api.w.org\/{rel}","templated":true}]}}