{"id":5559,"date":"2026-03-10T17:05:17","date_gmt":"2026-03-10T17:05:17","guid":{"rendered":"https:\/\/herramientasdetaller.cl\/?post_type=product&#038;p=5559"},"modified":"2026-03-10T17:05:17","modified_gmt":"2026-03-10T17:05:17","slug":"jardinera-de-trabajo-mod-lican-talla-xl","status":"publish","type":"product","link":"https:\/\/herramientasdetaller.cl\/index.php\/product\/jardinera-de-trabajo-mod-lican-talla-xl\/","title":{"rendered":"jardinera de trabajo mod lican talla XL"},"content":{"rendered":"<p>Pantal\u00f3n de trabajo tipo arn\u00e9s con once bolsillos, siete de ellos con cierre de velcro y bolsillos especiales para rodilleras.<\/p>\n<p>El material principal es una mezcla de algod\u00f3n y poli\u00e9ster en las proporciones adecuadas. Esta soluci\u00f3n aprovecha los puntos fuertes de ambos materiales, incluida una mayor resistencia al desgarro y una buena circulaci\u00f3n del aire.<\/p>\n<p>Se han utilizado\u00a0<strong>costuras triples<\/strong>\u00a0para unir el material en las zonas m\u00e1s propensas al desgarro.<\/p>\n<p><strong>Datos b\u00e1sicos:<\/strong><\/p>\n<ul>\n<li>material: 35% algod\u00f3n, 65% poli\u00e9ster<\/li>\n<li>gramaje: 267 g\/m<\/li>\n<\/ul>\n<p><strong>Organizaci\u00f3n del trabajo:<\/strong><\/p>\n<ul>\n<li>bolsillo<strong>multifuncional<\/strong>\u00a0en el pecho, que incluye dos bolsillos de parche con cierre de velcro y un bolsillo m\u00e1s peque\u00f1o para objetos peque\u00f1os<\/li>\n<li>debajo de la cintura, bolsillos\u00a0<strong>multifuncionales<\/strong>\u00a0en la parte delantera, incluidos dos bolsillos principales y dos bolsillos de parche con cierre de velcro confeccionados en tejido con mayor resistencia a la abrasi\u00f3n<\/li>\n<li>gran bolsillo de parche con cierre de velcro en la pierna izquierda<\/li>\n<li>pernera izquierda con presilla textil, por ejemplo para un martillo<\/li>\n<li>en la pierna derecha, un bolsillo estrecho de tejido resistente a la abrasi\u00f3n, por ejemplo, para un cuchillo de empapelar<\/li>\n<li>en la espalda, por debajo de la cintura, dos grandes bolsillos de parche con cierre autoadherente, medio forrados de tejido resistente a la abrasi\u00f3n<\/li>\n<li>en la parte delantera de la cintura, un ojal para un mosquet\u00f3n con llaves<\/li>\n<li>en las rodillas, bolsillos de tejido resistente a la abrasi\u00f3n para rodilleras, p. ej.\u00a0<strong>74595<\/strong><\/li>\n<\/ul>\n","protected":false},"excerpt":{"rendered":"<p><img loading=\"lazy\" decoding=\"async\" class=\"alignnone  wp-image-2196\" src=\"https:\/\/herramientasdetaller.cl\/wp-content\/uploads\/2021\/09\/YATO-300x263.jpg\" alt=\"\" width=\"160\" height=\"140\" srcset=\"https:\/\/herramientasdetaller.cl\/wp-content\/uploads\/2021\/09\/YATO-300x263.jpg 300w, https:\/\/herramientasdetaller.cl\/wp-content\/uploads\/2021\/09\/YATO-510x446.jpg 510w, https:\/\/herramientasdetaller.cl\/wp-content\/uploads\/2021\/09\/YATO-64x56.jpg 64w, https:\/\/herramientasdetaller.cl\/wp-content\/uploads\/2021\/09\/YATO-400x350.jpg 400w, https:\/\/herramientasdetaller.cl\/wp-content\/uploads\/2021\/09\/YATO-600x525.jpg 600w, https:\/\/herramientasdetaller.cl\/wp-content\/uploads\/2021\/09\/YATO.jpg 640w\" sizes=\"auto, (max-width: 160px) 100vw, 160px\" \/><\/p>\n","protected":false},"featured_media":5560,"comment_status":"open","ping_status":"closed","template":"","meta":{"_joinchat":[]},"product_brand":[],"product_cat":[405,403],"product_tag":[415,1643,170,1641,1642],"class_list":{"0":"post-5559","1":"product","2":"type-product","3":"status-publish","4":"has-post-thumbnail","6":"product_cat-uniformes","7":"product_cat-yato","8":"product_tag-pantalon","9":"product_tag-ropa-trabajo","10":"product_tag-yato","11":"product_tag-yt-80156","12":"product_tag-yt80156","14":"first","15":"outofstock","16":"shipping-taxable","17":"purchasable","18":"product-type-simple"},"_links":{"self":[{"href":"https:\/\/herramientasdetaller.cl\/index.php\/wp-json\/wp\/v2\/product\/5559","targetHints":{"allow":["GET"]}}],"collection":[{"href":"https:\/\/herramientasdetaller.cl\/index.php\/wp-json\/wp\/v2\/product"}],"about":[{"href":"https:\/\/herramientasdetaller.cl\/index.php\/wp-json\/wp\/v2\/types\/product"}],"replies":[{"embeddable":true,"href":"https:\/\/herramientasdetaller.cl\/index.php\/wp-json\/wp\/v2\/comments?post=5559"}],"wp:featuredmedia":[{"embeddable":true,"href":"https:\/\/herramientasdetaller.cl\/index.php\/wp-json\/wp\/v2\/media\/5560"}],"wp:attachment":[{"href":"https:\/\/herramientasdetaller.cl\/index.php\/wp-json\/wp\/v2\/media?parent=5559"}],"wp:term":[{"taxonomy":"product_brand","embeddable":true,"href":"https:\/\/herramientasdetaller.cl\/index.php\/wp-json\/wp\/v2\/product_brand?post=5559"},{"taxonomy":"product_cat","embeddable":true,"href":"https:\/\/herramientasdetaller.cl\/index.php\/wp-json\/wp\/v2\/product_cat?post=5559"},{"taxonomy":"product_tag","embeddable":true,"href":"https:\/\/herramientasdetaller.cl\/index.php\/wp-json\/wp\/v2\/product_tag?post=5559"}],"curies":[{"name":"wp","href":"https:\/\/api.w.org\/{rel}","templated":true}]}}