{"id":5562,"date":"2026-03-10T17:51:08","date_gmt":"2026-03-10T17:51:08","guid":{"rendered":"https:\/\/herramientasdetaller.cl\/?post_type=product&#038;p=5562"},"modified":"2026-03-10T17:51:08","modified_gmt":"2026-03-10T17:51:08","slug":"multitester-compacto-voltaje","status":"publish","type":"product","link":"https:\/\/herramientasdetaller.cl\/index.php\/product\/multitester-compacto-voltaje\/","title":{"rendered":"multitester compacto voltaje"},"content":{"rendered":"<p><strong>Funciones del comprobador:<\/strong><\/p>\n<ul>\n<li>Detecci\u00f3n de tensi\u00f3n alterna por el m\u00e9todo de contacto: 70 &#8211; 250 V<\/li>\n<li>detecci\u00f3n de tensi\u00f3n alterna por m\u00e9todo inductivo 70 &#8211; 1000 V<\/li>\n<li>comprobaci\u00f3n de la bater\u00eda por el m\u00e9todo de contacto: de 1,5 a 9 V<\/li>\n<li>prueba de continuidad del cable por el m\u00e9todo de contacto: 0 &#8211; 100 M\u03a9<\/li>\n<\/ul>\n<p><strong>Datos t\u00e9cnicos:<\/strong><\/p>\n<ul>\n<li>longitud total: 140 mm<\/li>\n<li>anchura de la hoja 3,0 mm<\/li>\n<li>se\u00f1alizaci\u00f3n ac\u00fastica y visual (LED)<\/li>\n<li>ajuste de sensibilidad del comprobador para el m\u00e9todo inductivo: [alta &#8211; baja<\/li>\n<li>alimentaci\u00f3n: 2&#215;1,5 V; LR44<\/li>\n<\/ul>\n","protected":false},"excerpt":{"rendered":"<p><img loading=\"lazy\" decoding=\"async\" class=\"alignnone  wp-image-2196\" src=\"https:\/\/herramientasdetaller.cl\/wp-content\/uploads\/2021\/09\/YATO-300x263.jpg\" alt=\"\" width=\"160\" height=\"140\" srcset=\"https:\/\/herramientasdetaller.cl\/wp-content\/uploads\/2021\/09\/YATO-300x263.jpg 300w, https:\/\/herramientasdetaller.cl\/wp-content\/uploads\/2021\/09\/YATO-510x446.jpg 510w, https:\/\/herramientasdetaller.cl\/wp-content\/uploads\/2021\/09\/YATO-64x56.jpg 64w, https:\/\/herramientasdetaller.cl\/wp-content\/uploads\/2021\/09\/YATO-400x350.jpg 400w, https:\/\/herramientasdetaller.cl\/wp-content\/uploads\/2021\/09\/YATO-600x525.jpg 600w, https:\/\/herramientasdetaller.cl\/wp-content\/uploads\/2021\/09\/YATO.jpg 640w\" sizes=\"auto, (max-width: 160px) 100vw, 160px\" \/><\/p>\n","protected":false},"featured_media":5563,"comment_status":"open","ping_status":"closed","template":"","meta":{"_joinchat":[]},"product_brand":[],"product_cat":[108,403],"product_tag":[214,170,1644,1645],"class_list":{"0":"post-5562","1":"product","2":"type-product","3":"status-publish","4":"has-post-thumbnail","6":"product_cat-herramientas-manuales","7":"product_cat-yato","8":"product_tag-multitester","9":"product_tag-yato","10":"product_tag-yt-28631","11":"product_tag-yt28631","13":"first","14":"instock","15":"shipping-taxable","16":"purchasable","17":"product-type-simple"},"_links":{"self":[{"href":"https:\/\/herramientasdetaller.cl\/index.php\/wp-json\/wp\/v2\/product\/5562","targetHints":{"allow":["GET"]}}],"collection":[{"href":"https:\/\/herramientasdetaller.cl\/index.php\/wp-json\/wp\/v2\/product"}],"about":[{"href":"https:\/\/herramientasdetaller.cl\/index.php\/wp-json\/wp\/v2\/types\/product"}],"replies":[{"embeddable":true,"href":"https:\/\/herramientasdetaller.cl\/index.php\/wp-json\/wp\/v2\/comments?post=5562"}],"wp:featuredmedia":[{"embeddable":true,"href":"https:\/\/herramientasdetaller.cl\/index.php\/wp-json\/wp\/v2\/media\/5563"}],"wp:attachment":[{"href":"https:\/\/herramientasdetaller.cl\/index.php\/wp-json\/wp\/v2\/media?parent=5562"}],"wp:term":[{"taxonomy":"product_brand","embeddable":true,"href":"https:\/\/herramientasdetaller.cl\/index.php\/wp-json\/wp\/v2\/product_brand?post=5562"},{"taxonomy":"product_cat","embeddable":true,"href":"https:\/\/herramientasdetaller.cl\/index.php\/wp-json\/wp\/v2\/product_cat?post=5562"},{"taxonomy":"product_tag","embeddable":true,"href":"https:\/\/herramientasdetaller.cl\/index.php\/wp-json\/wp\/v2\/product_tag?post=5562"}],"curies":[{"name":"wp","href":"https:\/\/api.w.org\/{rel}","templated":true}]}}