{"id":5564,"date":"2026-03-10T17:55:05","date_gmt":"2026-03-10T17:55:05","guid":{"rendered":"https:\/\/herramientasdetaller.cl\/?post_type=product&#038;p=5564"},"modified":"2026-03-10T17:56:43","modified_gmt":"2026-03-10T17:56:43","slug":"multitester-voltaje-12-1000v","status":"publish","type":"product","link":"https:\/\/herramientasdetaller.cl\/index.php\/product\/multitester-voltaje-12-1000v\/","title":{"rendered":"multitester voltaje 12 &#8211; 1000V"},"content":{"rendered":"<ul class=\"frame-desc-text body-small\">\n<li><span dir=\"auto\">Detecci\u00f3n segura y sin contacto de tensi\u00f3n CA en cables aislados<\/span><\/li>\n<li><span dir=\"auto\">Se\u00f1alizaci\u00f3n m\u00faltiple: luz LED roja, se\u00f1al audible e indicaci\u00f3n clara en la pantalla LCD<\/span><\/li>\n<li><span dir=\"auto\">Localizaci\u00f3n precisa de voltaje con ajuste de sensibilidad dual (baja y alta)<\/span><\/li>\n<li><span dir=\"auto\">Detecci\u00f3n &#8220;sin contacto&#8221; de roturas de cables el\u00e9ctricos activos<\/span><\/li>\n<li><span dir=\"auto\">Luz LED incorporada para la iluminaci\u00f3n del lugar de trabajo, lo que aumenta la comodidad del usuario.<\/span><\/li>\n<li><span dir=\"auto\">Apagado autom\u00e1tico despu\u00e9s de 3 minutos de inactividad<\/span><\/li>\n<li><span dir=\"auto\">Indicaci\u00f3n de nivel de bater\u00eda bajo que solicita el reemplazo de la bater\u00eda<\/span><\/li>\n<li><span dir=\"auto\">Amplio rango de detecci\u00f3n de voltaje CA: de 12 a 1000 V<\/span><\/li>\n<\/ul>\n","protected":false},"excerpt":{"rendered":"<p><img loading=\"lazy\" decoding=\"async\" class=\"alignnone wp-image-2196\" src=\"https:\/\/herramientasdetaller.cl\/wp-content\/uploads\/2021\/09\/YATO-300x263.jpg\" alt=\"\" width=\"160\" height=\"140\" srcset=\"https:\/\/herramientasdetaller.cl\/wp-content\/uploads\/2021\/09\/YATO-300x263.jpg 300w, https:\/\/herramientasdetaller.cl\/wp-content\/uploads\/2021\/09\/YATO-510x446.jpg 510w, https:\/\/herramientasdetaller.cl\/wp-content\/uploads\/2021\/09\/YATO-64x56.jpg 64w, https:\/\/herramientasdetaller.cl\/wp-content\/uploads\/2021\/09\/YATO-400x350.jpg 400w, https:\/\/herramientasdetaller.cl\/wp-content\/uploads\/2021\/09\/YATO-600x525.jpg 600w, https:\/\/herramientasdetaller.cl\/wp-content\/uploads\/2021\/09\/YATO.jpg 640w\" sizes=\"auto, (max-width: 160px) 100vw, 160px\" \/><\/p>\n","protected":false},"featured_media":5565,"comment_status":"open","ping_status":"closed","template":"","meta":{"_joinchat":[]},"product_brand":[],"product_cat":[108,403],"product_tag":[214,170,1646,1647],"class_list":{"0":"post-5564","1":"product","2":"type-product","3":"status-publish","4":"has-post-thumbnail","6":"product_cat-herramientas-manuales","7":"product_cat-yato","8":"product_tag-multitester","9":"product_tag-yato","10":"product_tag-yt-28320","11":"product_tag-yt28320","13":"first","14":"instock","15":"shipping-taxable","16":"purchasable","17":"product-type-simple"},"_links":{"self":[{"href":"https:\/\/herramientasdetaller.cl\/index.php\/wp-json\/wp\/v2\/product\/5564","targetHints":{"allow":["GET"]}}],"collection":[{"href":"https:\/\/herramientasdetaller.cl\/index.php\/wp-json\/wp\/v2\/product"}],"about":[{"href":"https:\/\/herramientasdetaller.cl\/index.php\/wp-json\/wp\/v2\/types\/product"}],"replies":[{"embeddable":true,"href":"https:\/\/herramientasdetaller.cl\/index.php\/wp-json\/wp\/v2\/comments?post=5564"}],"wp:featuredmedia":[{"embeddable":true,"href":"https:\/\/herramientasdetaller.cl\/index.php\/wp-json\/wp\/v2\/media\/5565"}],"wp:attachment":[{"href":"https:\/\/herramientasdetaller.cl\/index.php\/wp-json\/wp\/v2\/media?parent=5564"}],"wp:term":[{"taxonomy":"product_brand","embeddable":true,"href":"https:\/\/herramientasdetaller.cl\/index.php\/wp-json\/wp\/v2\/product_brand?post=5564"},{"taxonomy":"product_cat","embeddable":true,"href":"https:\/\/herramientasdetaller.cl\/index.php\/wp-json\/wp\/v2\/product_cat?post=5564"},{"taxonomy":"product_tag","embeddable":true,"href":"https:\/\/herramientasdetaller.cl\/index.php\/wp-json\/wp\/v2\/product_tag?post=5564"}],"curies":[{"name":"wp","href":"https:\/\/api.w.org\/{rel}","templated":true}]}}