{"id":5586,"date":"2026-03-10T19:39:55","date_gmt":"2026-03-10T19:39:55","guid":{"rendered":"https:\/\/herramientasdetaller.cl\/?post_type=product&#038;p=5586"},"modified":"2026-03-10T19:39:55","modified_gmt":"2026-03-10T19:39:55","slug":"cargador-partidor-elec-bat-12v-15-a","status":"publish","type":"product","link":"https:\/\/herramientasdetaller.cl\/index.php\/product\/cargador-partidor-elec-bat-12v-15-a\/","title":{"rendered":"cargador partidor elec bat 12V  15 A"},"content":{"rendered":"<p><span dir=\"auto\">El rectificador electr\u00f3nico YT-83037 es un dispositivo profesional para cargar bater\u00edas de 12 V en motocicletas, coches, furgonetas, tractores y embarcaciones a motor. Permite cargar las llamadas bater\u00edas h\u00famedas, bater\u00edas de gel, AGM, EFB y MF.<\/span><\/p>\n<ul>\n<li><span dir=\"auto\">Funci\u00f3n de mantener el voltaje correcto en bater\u00edas que funcionan en modo de reposo \u2013 carga de mantenimiento<\/span><\/li>\n<li><span dir=\"auto\">protecci\u00f3n contra cortocircuitos<\/span><\/li>\n<li><span dir=\"auto\">protecci\u00f3n contra sobrecarga de la bater\u00eda<\/span><\/li>\n<li><span dir=\"auto\">pantalla legible<\/span><\/li>\n<li><span dir=\"auto\">microprocesador de alta frecuencia.<\/span><\/li>\n<\/ul>\n<p><span dir=\"auto\">Recomendado para bater\u00edas de hasta 300 Ah de capacidad. Tambi\u00e9n incluye una toma de corriente (encendedor). Incorpora una funci\u00f3n de carga con una corriente de 20 A durante 300 segundos.<\/span><\/p>\n","protected":false},"excerpt":{"rendered":"<p><img loading=\"lazy\" decoding=\"async\" class=\"alignnone  wp-image-2196\" src=\"https:\/\/herramientasdetaller.cl\/wp-content\/uploads\/2021\/09\/YATO-300x263.jpg\" alt=\"\" width=\"160\" height=\"140\" srcset=\"https:\/\/herramientasdetaller.cl\/wp-content\/uploads\/2021\/09\/YATO-300x263.jpg 300w, https:\/\/herramientasdetaller.cl\/wp-content\/uploads\/2021\/09\/YATO-510x446.jpg 510w, https:\/\/herramientasdetaller.cl\/wp-content\/uploads\/2021\/09\/YATO-64x56.jpg 64w, https:\/\/herramientasdetaller.cl\/wp-content\/uploads\/2021\/09\/YATO-400x350.jpg 400w, https:\/\/herramientasdetaller.cl\/wp-content\/uploads\/2021\/09\/YATO-600x525.jpg 600w, https:\/\/herramientasdetaller.cl\/wp-content\/uploads\/2021\/09\/YATO.jpg 640w\" sizes=\"auto, (max-width: 160px) 100vw, 160px\" \/><\/p>\n","protected":false},"featured_media":5587,"comment_status":"open","ping_status":"closed","template":"","meta":{"_joinchat":[]},"product_brand":[],"product_cat":[108,403],"product_tag":[286,170,1660,1661],"class_list":{"0":"post-5586","1":"product","2":"type-product","3":"status-publish","4":"has-post-thumbnail","6":"product_cat-herramientas-manuales","7":"product_cat-yato","8":"product_tag-cargador","9":"product_tag-yato","10":"product_tag-yt-83037","11":"product_tag-yt83037","13":"first","14":"instock","15":"shipping-taxable","16":"purchasable","17":"product-type-simple"},"_links":{"self":[{"href":"https:\/\/herramientasdetaller.cl\/index.php\/wp-json\/wp\/v2\/product\/5586","targetHints":{"allow":["GET"]}}],"collection":[{"href":"https:\/\/herramientasdetaller.cl\/index.php\/wp-json\/wp\/v2\/product"}],"about":[{"href":"https:\/\/herramientasdetaller.cl\/index.php\/wp-json\/wp\/v2\/types\/product"}],"replies":[{"embeddable":true,"href":"https:\/\/herramientasdetaller.cl\/index.php\/wp-json\/wp\/v2\/comments?post=5586"}],"wp:featuredmedia":[{"embeddable":true,"href":"https:\/\/herramientasdetaller.cl\/index.php\/wp-json\/wp\/v2\/media\/5587"}],"wp:attachment":[{"href":"https:\/\/herramientasdetaller.cl\/index.php\/wp-json\/wp\/v2\/media?parent=5586"}],"wp:term":[{"taxonomy":"product_brand","embeddable":true,"href":"https:\/\/herramientasdetaller.cl\/index.php\/wp-json\/wp\/v2\/product_brand?post=5586"},{"taxonomy":"product_cat","embeddable":true,"href":"https:\/\/herramientasdetaller.cl\/index.php\/wp-json\/wp\/v2\/product_cat?post=5586"},{"taxonomy":"product_tag","embeddable":true,"href":"https:\/\/herramientasdetaller.cl\/index.php\/wp-json\/wp\/v2\/product_tag?post=5586"}],"curies":[{"name":"wp","href":"https:\/\/api.w.org\/{rel}","templated":true}]}}