{"id":5671,"date":"2026-03-13T15:41:11","date_gmt":"2026-03-13T15:41:11","guid":{"rendered":"https:\/\/herramientasdetaller.cl\/?post_type=product&#038;p=5671"},"modified":"2026-03-13T15:41:12","modified_gmt":"2026-03-13T15:41:12","slug":"llave-extractor-rotura-275mm","status":"publish","type":"product","link":"https:\/\/herramientasdetaller.cl\/index.php\/product\/llave-extractor-rotura-275mm\/","title":{"rendered":"llave extractor rotura 275MM"},"content":{"rendered":"<p>Dise\u00f1ado para una extracci\u00f3n eficiente y segura de r\u00f3tulas de 20mm, este extractor de alta calidad reduce el tiempo de reparaci\u00f3n y minimiza el riesgo de da\u00f1os. Su construcci\u00f3n robusta garantiza durabilidad y un rendimiento fiable, incluso en trabajos exigentes. Olv\u00eddese de m\u00e9todos improvisados y potencialmente da\u00f1inos. Con el extractor Yato YT-0614, obtendr\u00e1 un proceso de extracci\u00f3n limpio y preciso, ahorrando tiempo y esfuerzo. La precisi\u00f3n en el dise\u00f1o asegura un ajuste perfecto en la r\u00f3tula, previniendo deslizamientos y da\u00f1os accidentales. No comprometa la calidad de sus reparaciones.<\/p>\n","protected":false},"excerpt":{"rendered":"<p><img loading=\"lazy\" decoding=\"async\" class=\"alignnone  wp-image-2196\" src=\"https:\/\/herramientasdetaller.cl\/wp-content\/uploads\/2021\/09\/YATO-300x263.jpg\" alt=\"\" width=\"160\" height=\"140\" srcset=\"https:\/\/herramientasdetaller.cl\/wp-content\/uploads\/2021\/09\/YATO-300x263.jpg 300w, https:\/\/herramientasdetaller.cl\/wp-content\/uploads\/2021\/09\/YATO-510x446.jpg 510w, https:\/\/herramientasdetaller.cl\/wp-content\/uploads\/2021\/09\/YATO-64x56.jpg 64w, https:\/\/herramientasdetaller.cl\/wp-content\/uploads\/2021\/09\/YATO-400x350.jpg 400w, https:\/\/herramientasdetaller.cl\/wp-content\/uploads\/2021\/09\/YATO-600x525.jpg 600w, https:\/\/herramientasdetaller.cl\/wp-content\/uploads\/2021\/09\/YATO.jpg 640w\" sizes=\"auto, (max-width: 160px) 100vw, 160px\" \/><\/p>\n","protected":false},"featured_media":5672,"comment_status":"open","ping_status":"closed","template":"","meta":{"_joinchat":[]},"product_brand":[],"product_cat":[108,403],"product_tag":[164,170,1726,1727],"class_list":{"0":"post-5671","1":"product","2":"type-product","3":"status-publish","4":"has-post-thumbnail","6":"product_cat-herramientas-manuales","7":"product_cat-yato","8":"product_tag-llave","9":"product_tag-yato","10":"product_tag-yt-0614","11":"product_tag-yt0614","13":"first","14":"instock","15":"shipping-taxable","16":"purchasable","17":"product-type-simple"},"_links":{"self":[{"href":"https:\/\/herramientasdetaller.cl\/index.php\/wp-json\/wp\/v2\/product\/5671","targetHints":{"allow":["GET"]}}],"collection":[{"href":"https:\/\/herramientasdetaller.cl\/index.php\/wp-json\/wp\/v2\/product"}],"about":[{"href":"https:\/\/herramientasdetaller.cl\/index.php\/wp-json\/wp\/v2\/types\/product"}],"replies":[{"embeddable":true,"href":"https:\/\/herramientasdetaller.cl\/index.php\/wp-json\/wp\/v2\/comments?post=5671"}],"wp:featuredmedia":[{"embeddable":true,"href":"https:\/\/herramientasdetaller.cl\/index.php\/wp-json\/wp\/v2\/media\/5672"}],"wp:attachment":[{"href":"https:\/\/herramientasdetaller.cl\/index.php\/wp-json\/wp\/v2\/media?parent=5671"}],"wp:term":[{"taxonomy":"product_brand","embeddable":true,"href":"https:\/\/herramientasdetaller.cl\/index.php\/wp-json\/wp\/v2\/product_brand?post=5671"},{"taxonomy":"product_cat","embeddable":true,"href":"https:\/\/herramientasdetaller.cl\/index.php\/wp-json\/wp\/v2\/product_cat?post=5671"},{"taxonomy":"product_tag","embeddable":true,"href":"https:\/\/herramientasdetaller.cl\/index.php\/wp-json\/wp\/v2\/product_tag?post=5671"}],"curies":[{"name":"wp","href":"https:\/\/api.w.org\/{rel}","templated":true}]}}