{"id":5698,"date":"2026-03-13T19:01:12","date_gmt":"2026-03-13T19:01:12","guid":{"rendered":"https:\/\/herramientasdetaller.cl\/?post_type=product&#038;p=5698"},"modified":"2026-03-13T19:05:34","modified_gmt":"2026-03-13T19:05:34","slug":"set-de-dados-allen-9-piezas","status":"publish","type":"product","link":"https:\/\/herramientasdetaller.cl\/index.php\/product\/set-de-dados-allen-9-piezas\/","title":{"rendered":"llave punta corona c\/chicharra 10MM"},"content":{"rendered":"<p><span dir=\"auto\">Dise\u00f1ada para talleres mec\u00e1nicos y de servicio. Su amplio rango de giro (derecha e izquierda) y su \u00e1ngulo de trabajo m\u00ednimo de 5\u00b0 permiten aflojar tornillos en lugares de dif\u00edcil acceso. Esta llave reduce el tiempo de trabajo al eliminar dos movimientos en el ciclo de apriete.<\/span><\/p>\n<ul>\n<li><span dir=\"auto\">Fabricado en acero para herramientas CrV 6140 de alta calidad.<\/span><\/li>\n<li><span dir=\"auto\">superficie cromada y pulida<\/span><\/li>\n<li><span dir=\"auto\">Trinquete con 72 dientes y ojal de forma especial de 12 \u00e1ngulos.<\/span><\/li>\n<\/ul>\n","protected":false},"excerpt":{"rendered":"<p><img loading=\"lazy\" decoding=\"async\" class=\"alignnone wp-image-2196\" src=\"https:\/\/herramientasdetaller.cl\/wp-content\/uploads\/2021\/09\/YATO-300x263.jpg\" alt=\"\" width=\"160\" height=\"140\" srcset=\"https:\/\/herramientasdetaller.cl\/wp-content\/uploads\/2021\/09\/YATO-300x263.jpg 300w, https:\/\/herramientasdetaller.cl\/wp-content\/uploads\/2021\/09\/YATO-510x446.jpg 510w, https:\/\/herramientasdetaller.cl\/wp-content\/uploads\/2021\/09\/YATO-64x56.jpg 64w, https:\/\/herramientasdetaller.cl\/wp-content\/uploads\/2021\/09\/YATO-400x350.jpg 400w, https:\/\/herramientasdetaller.cl\/wp-content\/uploads\/2021\/09\/YATO-600x525.jpg 600w, https:\/\/herramientasdetaller.cl\/wp-content\/uploads\/2021\/09\/YATO.jpg 640w\" sizes=\"auto, (max-width: 160px) 100vw, 160px\" \/><\/p>\n","protected":false},"featured_media":5701,"comment_status":"open","ping_status":"closed","template":"","meta":{"_joinchat":[]},"product_brand":[],"product_cat":[108,403],"product_tag":[164,508,170,1752,1753],"class_list":{"0":"post-5698","1":"product","2":"type-product","3":"status-publish","4":"has-post-thumbnail","6":"product_cat-herramientas-manuales","7":"product_cat-yato","8":"product_tag-llave","9":"product_tag-llave-corona","10":"product_tag-yato","11":"product_tag-yt-0191","12":"product_tag-yt0191","14":"first","15":"instock","16":"shipping-taxable","17":"purchasable","18":"product-type-simple"},"_links":{"self":[{"href":"https:\/\/herramientasdetaller.cl\/index.php\/wp-json\/wp\/v2\/product\/5698","targetHints":{"allow":["GET"]}}],"collection":[{"href":"https:\/\/herramientasdetaller.cl\/index.php\/wp-json\/wp\/v2\/product"}],"about":[{"href":"https:\/\/herramientasdetaller.cl\/index.php\/wp-json\/wp\/v2\/types\/product"}],"replies":[{"embeddable":true,"href":"https:\/\/herramientasdetaller.cl\/index.php\/wp-json\/wp\/v2\/comments?post=5698"}],"wp:featuredmedia":[{"embeddable":true,"href":"https:\/\/herramientasdetaller.cl\/index.php\/wp-json\/wp\/v2\/media\/5701"}],"wp:attachment":[{"href":"https:\/\/herramientasdetaller.cl\/index.php\/wp-json\/wp\/v2\/media?parent=5698"}],"wp:term":[{"taxonomy":"product_brand","embeddable":true,"href":"https:\/\/herramientasdetaller.cl\/index.php\/wp-json\/wp\/v2\/product_brand?post=5698"},{"taxonomy":"product_cat","embeddable":true,"href":"https:\/\/herramientasdetaller.cl\/index.php\/wp-json\/wp\/v2\/product_cat?post=5698"},{"taxonomy":"product_tag","embeddable":true,"href":"https:\/\/herramientasdetaller.cl\/index.php\/wp-json\/wp\/v2\/product_tag?post=5698"}],"curies":[{"name":"wp","href":"https:\/\/api.w.org\/{rel}","templated":true}]}}