{"id":5727,"date":"2026-03-16T12:39:31","date_gmt":"2026-03-16T12:39:31","guid":{"rendered":"https:\/\/herramientasdetaller.cl\/?post_type=product&#038;p=5727"},"modified":"2026-03-16T12:39:31","modified_gmt":"2026-03-16T12:39:31","slug":"extensor-de-corriente-30m-30","status":"publish","type":"product","link":"https:\/\/herramientasdetaller.cl\/index.php\/product\/extensor-de-corriente-30m-30\/","title":{"rendered":"extensor de corriente 30M 30%"},"content":{"rendered":"<p><span dir=\"auto\">El cable tambi\u00e9n es f\u00e1cil de usar.<\/span><\/p>\n<ul>\n<li style=\"list-style-type: none;\">\n<ul>\n<li style=\"list-style-type: none;\">\n<ul>\n<li><span dir=\"auto\">Tensi\u00f3n y frecuencia nominales:\u00a0<\/span><strong><span dir=\"auto\">~230 V\/50 Hz<\/span><\/strong><\/li>\n<li><span dir=\"auto\">Carga m\u00e1xima:\u00a0<\/span><strong><span dir=\"auto\">1200 W<\/span><\/strong><span dir=\"auto\">\u00a0&#8211; cable enrollado,\u00a0<\/span><strong><span dir=\"auto\">3600 W<\/span><\/strong><span dir=\"auto\">\u00a0&#8211; cable desenrollado<\/span><\/li>\n<li><span dir=\"auto\">Cable de cobre de tres conductores de\u00a0<\/span><strong><span dir=\"auto\">2,5 mm\u00b2<\/span><\/strong><span dir=\"auto\">\u00a0, longitud 30 m<\/span><\/li>\n<li><span dir=\"auto\">El aislamiento de caucho natural ofrece una alta resistencia a los da\u00f1os mec\u00e1nicos, a los factores atmosf\u00e9ricos (sol, fr\u00edo) y a las sustancias qu\u00edmicas (aceites refrigerantes, gasolina o alcoholes et\u00edlicos y met\u00edlicos). Adem\u00e1s, proporciona flexibilidad al cable y una protecci\u00f3n adecuada incluso durante trabajos en exteriores.<\/span><\/li>\n<li><span dir=\"auto\">Los enchufes resistentes al polvo y a las salpicaduras con grado de protecci\u00f3n IP44 garantizan la protecci\u00f3n contra la humedad, el polvo y la arena.<\/span><\/li>\n<li><span dir=\"auto\">La protecci\u00f3n t\u00e9rmica cortar\u00e1 el suministro el\u00e9ctrico cuando la temperatura del cable alcance los 56 \u00b0C \u00b1 5 \u00b0C. <\/span><\/li>\n<li>Un sistema de seguridad infantil, compuesto por solapas de pl\u00e1stico y un mecanismo especial, dificulta el acceso a las aberturas de los enchufes.<\/li>\n<\/ul>\n<\/li>\n<\/ul>\n<\/li>\n<\/ul>\n","protected":false},"excerpt":{"rendered":"<p><img loading=\"lazy\" decoding=\"async\" class=\"alignnone  wp-image-2196\" src=\"https:\/\/herramientasdetaller.cl\/wp-content\/uploads\/2021\/09\/YATO-300x263.jpg\" alt=\"\" width=\"160\" height=\"140\" srcset=\"https:\/\/herramientasdetaller.cl\/wp-content\/uploads\/2021\/09\/YATO-300x263.jpg 300w, https:\/\/herramientasdetaller.cl\/wp-content\/uploads\/2021\/09\/YATO-510x446.jpg 510w, https:\/\/herramientasdetaller.cl\/wp-content\/uploads\/2021\/09\/YATO-64x56.jpg 64w, https:\/\/herramientasdetaller.cl\/wp-content\/uploads\/2021\/09\/YATO-400x350.jpg 400w, https:\/\/herramientasdetaller.cl\/wp-content\/uploads\/2021\/09\/YATO-600x525.jpg 600w, https:\/\/herramientasdetaller.cl\/wp-content\/uploads\/2021\/09\/YATO.jpg 640w\" sizes=\"auto, (max-width: 160px) 100vw, 160px\" \/><\/p>\n","protected":false},"featured_media":5728,"comment_status":"open","ping_status":"closed","template":"","meta":{"_joinchat":[]},"product_brand":[],"product_cat":[108,403],"product_tag":[1778,170,1776,1777],"class_list":{"0":"post-5727","1":"product","2":"type-product","3":"status-publish","4":"has-post-thumbnail","6":"product_cat-herramientas-manuales","7":"product_cat-yato","8":"product_tag-extensor","9":"product_tag-yato","10":"product_tag-yt-8106","11":"product_tag-yt8106","13":"first","14":"instock","15":"shipping-taxable","16":"purchasable","17":"product-type-simple"},"_links":{"self":[{"href":"https:\/\/herramientasdetaller.cl\/index.php\/wp-json\/wp\/v2\/product\/5727","targetHints":{"allow":["GET"]}}],"collection":[{"href":"https:\/\/herramientasdetaller.cl\/index.php\/wp-json\/wp\/v2\/product"}],"about":[{"href":"https:\/\/herramientasdetaller.cl\/index.php\/wp-json\/wp\/v2\/types\/product"}],"replies":[{"embeddable":true,"href":"https:\/\/herramientasdetaller.cl\/index.php\/wp-json\/wp\/v2\/comments?post=5727"}],"wp:featuredmedia":[{"embeddable":true,"href":"https:\/\/herramientasdetaller.cl\/index.php\/wp-json\/wp\/v2\/media\/5728"}],"wp:attachment":[{"href":"https:\/\/herramientasdetaller.cl\/index.php\/wp-json\/wp\/v2\/media?parent=5727"}],"wp:term":[{"taxonomy":"product_brand","embeddable":true,"href":"https:\/\/herramientasdetaller.cl\/index.php\/wp-json\/wp\/v2\/product_brand?post=5727"},{"taxonomy":"product_cat","embeddable":true,"href":"https:\/\/herramientasdetaller.cl\/index.php\/wp-json\/wp\/v2\/product_cat?post=5727"},{"taxonomy":"product_tag","embeddable":true,"href":"https:\/\/herramientasdetaller.cl\/index.php\/wp-json\/wp\/v2\/product_tag?post=5727"}],"curies":[{"name":"wp","href":"https:\/\/api.w.org\/{rel}","templated":true}]}}