{"id":5774,"date":"2026-03-16T19:29:55","date_gmt":"2026-03-16T19:29:55","guid":{"rendered":"https:\/\/herramientasdetaller.cl\/?post_type=product&#038;p=5774"},"modified":"2026-03-16T19:29:56","modified_gmt":"2026-03-16T19:29:56","slug":"dado-hexagonal-largo-1-2-21mm","status":"publish","type":"product","link":"https:\/\/herramientasdetaller.cl\/index.php\/product\/dado-hexagonal-largo-1-2-21mm\/","title":{"rendered":"dado hexagonal largo 1\/2&#8243; 21MM"},"content":{"rendered":"<ul class=\"gs_cit_stry_pre gs_cit_stry_sm\">\n<li class=\"gs_tkn\">\n<div class=\"gs_p\"><strong><span class=\"gs_tkn\">Tipo\u00a0<\/span><span class=\"gs_tkn\">de\u00a0<\/span><span class=\"gs_tkn\">herramienta:<\/span><\/strong><span class=\"gs_tkn\">\u00a0<\/span><span class=\"gs_tkn\">Bocallave\u00a0<\/span><span class=\"gs_tkn\">tubular\u00a0<\/span><span class=\"gs_tkn\">\/\u00a0<\/span><span class=\"gs_tkn\">dado\u00a0<\/span><span class=\"gs_tkn\">hexagonal\u00a0<\/span><span class=\"gs_tkn\">largo\u00a0<\/span><span class=\"gs_tkn\">de\u00a0<\/span><span class=\"gs_tkn\">6\u00a0<\/span><span class=\"gs_tkn\">puntas\u00a0<\/span><\/div>\n<\/li>\n<li class=\"gs_tkn\">\n<div class=\"gs_p\"><strong><span class=\"gs_tkn\">Tama\u00f1o\u00a0<\/span><span class=\"gs_tkn\">del\u00a0<\/span><span class=\"gs_tkn\">dado:<\/span><\/strong><span class=\"gs_tkn\">\u00a0<\/span><span class=\"gs_tkn\">21\u00a0<\/span><span class=\"gs_tkn\">mm<\/span><\/div>\n<\/li>\n<li class=\"gs_tkn\">\n<div class=\"gs_p\"><strong><span class=\"gs_tkn\">Conexi\u00f3n:<\/span><\/strong><span class=\"gs_tkn\">\u00a0<\/span><span class=\"gs_tkn\">Para\u00a0<\/span><span class=\"gs_tkn\">trinquete\u00a0<\/span><span class=\"gs_tkn\">de\u00a0<\/span><span class=\"gs_tkn\">1\/2&#8243;\u00a0<\/span><span class=\"gs_tkn\">(equivalente\u00a0<\/span><span class=\"gs_tkn\">a\u00a0<\/span><span class=\"gs_tkn\">12,5\u00a0<\/span><span class=\"gs_tkn\">mm\u00a0<\/span><span class=\"gs_tkn\">de\u00a0<\/span><span class=\"gs_tkn\">cuadrante)<\/span><\/div>\n<\/li>\n<li><strong>Longitud:<\/strong> Aproximadamente 76mm lo que permite un alcance profundo en tornillos y tuercas.<\/li>\n<li><strong>Material:\u00a0<\/strong>Acero cromo-vanadio resistente, garantizando resistencia y durabilidad<\/li>\n<li><strong>Acabado:\u00a0<\/strong>Cromado pulido para protecci\u00f3n frente a corrosi\u00f3n y mayor vida \u00fatil al producto.<\/li>\n<\/ul>\n","protected":false},"excerpt":{"rendered":"<p><img loading=\"lazy\" decoding=\"async\" class=\"alignnone  wp-image-2196\" src=\"https:\/\/herramientasdetaller.cl\/wp-content\/uploads\/2021\/09\/YATO-300x263.jpg\" alt=\"\" width=\"160\" height=\"140\" srcset=\"https:\/\/herramientasdetaller.cl\/wp-content\/uploads\/2021\/09\/YATO-300x263.jpg 300w, https:\/\/herramientasdetaller.cl\/wp-content\/uploads\/2021\/09\/YATO-510x446.jpg 510w, https:\/\/herramientasdetaller.cl\/wp-content\/uploads\/2021\/09\/YATO-64x56.jpg 64w, https:\/\/herramientasdetaller.cl\/wp-content\/uploads\/2021\/09\/YATO-400x350.jpg 400w, https:\/\/herramientasdetaller.cl\/wp-content\/uploads\/2021\/09\/YATO-600x525.jpg 600w, https:\/\/herramientasdetaller.cl\/wp-content\/uploads\/2021\/09\/YATO.jpg 640w\" sizes=\"auto, (max-width: 160px) 100vw, 160px\" \/><\/p>\n","protected":false},"featured_media":5775,"comment_status":"open","ping_status":"closed","template":"","meta":{"_joinchat":[]},"product_brand":[],"product_cat":[108,403],"product_tag":[422,170,1819,1820],"class_list":{"0":"post-5774","1":"product","2":"type-product","3":"status-publish","4":"has-post-thumbnail","6":"product_cat-herramientas-manuales","7":"product_cat-yato","8":"product_tag-dado","9":"product_tag-yato","10":"product_tag-yt-1234","11":"product_tag-yt1234","13":"first","14":"instock","15":"shipping-taxable","16":"purchasable","17":"product-type-simple"},"_links":{"self":[{"href":"https:\/\/herramientasdetaller.cl\/index.php\/wp-json\/wp\/v2\/product\/5774","targetHints":{"allow":["GET"]}}],"collection":[{"href":"https:\/\/herramientasdetaller.cl\/index.php\/wp-json\/wp\/v2\/product"}],"about":[{"href":"https:\/\/herramientasdetaller.cl\/index.php\/wp-json\/wp\/v2\/types\/product"}],"replies":[{"embeddable":true,"href":"https:\/\/herramientasdetaller.cl\/index.php\/wp-json\/wp\/v2\/comments?post=5774"}],"wp:featuredmedia":[{"embeddable":true,"href":"https:\/\/herramientasdetaller.cl\/index.php\/wp-json\/wp\/v2\/media\/5775"}],"wp:attachment":[{"href":"https:\/\/herramientasdetaller.cl\/index.php\/wp-json\/wp\/v2\/media?parent=5774"}],"wp:term":[{"taxonomy":"product_brand","embeddable":true,"href":"https:\/\/herramientasdetaller.cl\/index.php\/wp-json\/wp\/v2\/product_brand?post=5774"},{"taxonomy":"product_cat","embeddable":true,"href":"https:\/\/herramientasdetaller.cl\/index.php\/wp-json\/wp\/v2\/product_cat?post=5774"},{"taxonomy":"product_tag","embeddable":true,"href":"https:\/\/herramientasdetaller.cl\/index.php\/wp-json\/wp\/v2\/product_tag?post=5774"}],"curies":[{"name":"wp","href":"https:\/\/api.w.org\/{rel}","templated":true}]}}